{"id":553,"date":"2020-07-30T12:26:45","date_gmt":"2020-07-30T10:26:45","guid":{"rendered":"https:\/\/zermatt.qodeinteractive.com\/?page_id=553"},"modified":"2026-03-31T16:18:33","modified_gmt":"2026-03-31T14:18:33","slug":"brussels-art-pole-le-studio","status":"publish","type":"page","link":"https:\/\/www.brusselsartpole.be\/lestudio\/","title":{"rendered":"Accueil"},"content":{"rendered":"\t\t<div data-elementor-type=\"wp-page\" data-elementor-id=\"553\" class=\"elementor elementor-553\" data-elementor-settings=\"[]\">\n\t\t\t\t\t\t<div class=\"elementor-inner\">\n\t\t\t\t\t\t\t<div class=\"elementor-section-wrap\">\n\t\t\t\t\t\t\t<section class=\"elementor-section elementor-top-section elementor-element elementor-element-3274e06 elementor-section-full_width elementor-section-height-default elementor-section-height-default qodef-elementor-content-no qodef-elementor-stretch-row-no qodef-elementor-overlay-no\" data-id=\"3274e06\" data-element_type=\"section\" data-settings=\"{&quot;background_background&quot;:&quot;classic&quot;}\">\n\t\t\t\t\t\t<div class=\"elementor-container elementor-column-gap-default\">\n\t\t\t\t\t\t\t<div class=\"elementor-row\">\n\t\t\t\t\t<div class=\"elementor-column elementor-col-100 elementor-top-column elementor-element elementor-element-3bec759\" data-id=\"3bec759\" data-element_type=\"column\">\n\t\t\t<div class=\"elementor-column-wrap elementor-element-populated\">\n\t\t\t\t\t\t\t<div class=\"elementor-widget-wrap\">\n\t\t\t\t\t\t<div class=\"elementor-element elementor-element-84c60a0 elementor-widget elementor-widget-slider_revolution\" data-id=\"84c60a0\" data-element_type=\"widget\" data-widget_type=\"slider_revolution.default\">\n\t\t\t\t<div class=\"elementor-widget-container\">\n\t\t\t\n\t\t<div class=\"wp-block-themepunch-revslider\">\n\t\t\t<!-- START Digital Studio REVOLUTION SLIDER 6.5.7 --><p class=\"rs-p-wp-fix\"><\/p>\n\t\t\t<rs-module-wrap id=\"rev_slider_7_1_wrapper\" data-source=\"gallery\" style=\"visibility:hidden;background:transparent;padding:0;\">\n\t\t\t\t<rs-module id=\"rev_slider_7_1\" style=\"\" data-version=\"6.5.7\">\n\t\t\t\t\t<rs-slides>\n\t\t\t\t\t\t<rs-slide style=\"position: absolute;\" data-key=\"rs-13\" data-title=\"Slide\" data-anim=\"ms:10;\" data-in=\"o:0;\" data-out=\"a:false;\">\n\t\t\t\t\t\t\t<img loading=\"lazy\" src=\"\/\/www.brusselsartpole.be\/lestudio\/wp-content\/plugins\/revslider\/public\/assets\/assets\/dummy.png\" title=\"P10020222cffff\" width=\"2397\" height=\"1036\" class=\"rev-slidebg tp-rs-img rs-lazyload\" data-lazyload=\"\/\/www.brusselsartpole.be\/lestudio\/wp-content\/uploads\/sites\/3\/2025\/02\/P10020222cffff-1.jpg\" data-no-retina>\n<!--\n\t\t\t\t\t\t\t--><rs-layer\n\t\t\t\t\t\t\t\tid=\"slider-7-slide-13-layer-0\" \n\t\t\t\t\t\t\t\tdata-type=\"text\"\n\t\t\t\t\t\t\t\tdata-xy=\"x:c;xo:0,0,8px,-1px;y:b;yo:45px,30px,178px,295px;\"\n\t\t\t\t\t\t\t\tdata-text=\"w:normal;s:27,27,20,14;l:35,35,35,20;fw:600,600,600,500;a:center;\"\n\t\t\t\t\t\t\t\tdata-dim=\"w:1005px,1005px,495px,299px;\"\n\t\t\t\t\t\t\t\tdata-basealign=\"slide\"\n\t\t\t\t\t\t\t\tdata-rsp_o=\"off\"\n\t\t\t\t\t\t\t\tdata-rsp_bd=\"off\"\n\t\t\t\t\t\t\t\tdata-frame_0=\"x:0,0,0px,0px;y:0,0,0px,0px;\"\n\t\t\t\t\t\t\t\tdata-frame_1=\"x:0,0,0px,0px;y:0,0,0px,0px;e:power4.inOut;st:100;sp:1500;\"\n\t\t\t\t\t\t\t\tdata-frame_999=\"x:-100%;o:0;st:w;sp:400;sR:200;\"\n\t\t\t\t\t\t\t\tdata-frame_999_mask=\"u:t;\"\n\t\t\t\t\t\t\t\tstyle=\"z-index:9;font-family:'Archivo';\"\n\t\t\t\t\t\t\t>STUDIO DE DANSE PLURIDISCIPLINAIRE<br \/>\nCENTRE D'EXPRESSION CORPORELLE <br \/>\nESPACE DE LIBERT\u00c9 ET DE CONNEXION(S) \n\t\t\t\t\t\t\t<\/rs-layer><!--\n\n\t\t\t\t\t\t\t--><rs-layer\n\t\t\t\t\t\t\t\tid=\"slider-7-slide-13-layer-2\" \n\t\t\t\t\t\t\t\tdata-type=\"image\"\n\t\t\t\t\t\t\t\tdata-rsp_ch=\"on\"\n\t\t\t\t\t\t\t\tdata-xy=\"xo:-81px,-68px,-37px,-41px;yo:-65px,-55px,94px,133px;\"\n\t\t\t\t\t\t\t\tdata-text=\"w:normal;s:20,16,8,4;l:0,21,11,6;\"\n\t\t\t\t\t\t\t\tdata-dim=\"w:1492px,1262px,656px,391px;h:839px,709px,369px,220px;\"\n\t\t\t\t\t\t\t\tdata-frame_999=\"o:0;st:w;\"\n\t\t\t\t\t\t\t\tstyle=\"z-index:13;\"\n\t\t\t\t\t\t\t><img loading=\"lazy\" src=\"\/\/www.brusselsartpole.be\/lestudio\/wp-content\/plugins\/revslider\/public\/assets\/assets\/dummy.png\" class=\"tp-rs-img rs-lazyload\" width=\"1920\" height=\"1080\" data-lazyload=\"\/\/www.brusselsartpole.be\/lestudio\/wp-content\/uploads\/sites\/3\/2025\/02\/Studio_1080x1920_W.png\" data-no-retina> \n\t\t\t\t\t\t\t<\/rs-layer><!--\n\n\t\t\t\t\t\t\t--><rs-layer\n\t\t\t\t\t\t\t\tid=\"slider-7-slide-13-layer-3\" \n\t\t\t\t\t\t\t\tdata-type=\"text\"\n\t\t\t\t\t\t\t\tdata-rsp_ch=\"on\"\n\t\t\t\t\t\t\t\tdata-xy=\"x:c;xo:-12px,0,-2px,0;y:m;yo:231px,200px,5px,-31px;\"\n\t\t\t\t\t\t\t\tdata-text=\"w:normal;s:92,77,42,27;l:23,19,10,6;fw:600,600,600,700;\"\n\t\t\t\t\t\t\t\tdata-frame_999=\"o:0;st:w;\"\n\t\t\t\t\t\t\t\tstyle=\"z-index:11;font-family:'Archivo';\"\n\t\t\t\t\t\t\t>BRUSSELS ART POLE \n\t\t\t\t\t\t\t<\/rs-layer><!--\n-->\t\t\t\t\t\t<\/rs-slide>\n\t\t\t\t\t<\/rs-slides>\n\t\t\t\t\t<rs-static-layers><!--\n\n\t\t\t\t\t\t\t--><rs-layer\n\t\t\t\t\t\t\t\tid=\"slider-7-slide-7-layer-13\" \n\t\t\t\t\t\t\t\tclass=\"qodef-scroll-down-text rs-layer-static\"\n\t\t\t\t\t\t\t\tdata-type=\"text\"\n\t\t\t\t\t\t\t\tdata-xy=\"xo:70px,70px,56px,-507px;y:b;yo:60px,50px,40px,30px;\"\n\t\t\t\t\t\t\t\tdata-text=\"w:normal;s:17;\"\n\t\t\t\t\t\t\t\tdata-dim=\"minw:0px,none,none,none;\"\n\t\t\t\t\t\t\t\tdata-vbility=\"t,t,t,f\"\n\t\t\t\t\t\t\t\tdata-basealign=\"slide\"\n\t\t\t\t\t\t\t\tdata-rsp_o=\"off\"\n\t\t\t\t\t\t\t\tdata-rsp_bd=\"off\"\n\t\t\t\t\t\t\t\tdata-onslides=\"s:1;\"\n\t\t\t\t\t\t\t\tdata-frame_0=\"y:100%;\"\n\t\t\t\t\t\t\t\tdata-frame_0_mask=\"u:t;\"\n\t\t\t\t\t\t\t\tdata-frame_1=\"sp:1200;\"\n\t\t\t\t\t\t\t\tdata-frame_1_mask=\"u:t;\"\n\t\t\t\t\t\t\t\tdata-frame_999=\"o:0;st:w;sR:1800;\"\n\t\t\t\t\t\t\t\tstyle=\"z-index:10;font-family:'DM Sans';\"\n\t\t\t\t\t\t\t>D\u00e9couvrir \n\t\t\t\t\t\t\t<\/rs-layer><!--\n\n\t\t\t\t\t\t\t--><rs-layer\n\t\t\t\t\t\t\t\tid=\"slider-7-slide-7-layer-25\" \n\t\t\t\t\t\t\t\tclass=\"qodef-rev-hidden rs-layer-static\"\n\t\t\t\t\t\t\t\tdata-type=\"text\"\n\t\t\t\t\t\t\t\tdata-xy=\"xo:70px;y:b;yo:60px,50px,40px,30px;\"\n\t\t\t\t\t\t\t\tdata-text=\"w:normal;s:17;\"\n\t\t\t\t\t\t\t\tdata-vbility=\"f,f,f,f\"\n\t\t\t\t\t\t\t\tdata-basealign=\"slide\"\n\t\t\t\t\t\t\t\tdata-rsp_o=\"off\"\n\t\t\t\t\t\t\t\tdata-rsp_bd=\"off\"\n\t\t\t\t\t\t\t\tdata-onslides=\"s:1;\"\n\t\t\t\t\t\t\t\tdata-frame_0=\"y:100%;\"\n\t\t\t\t\t\t\t\tdata-frame_0_mask=\"u:t;\"\n\t\t\t\t\t\t\t\tdata-frame_1=\"sp:1200;\"\n\t\t\t\t\t\t\t\tdata-frame_1_mask=\"u:t;\"\n\t\t\t\t\t\t\t\tdata-frame_999=\"o:0;st:w;sR:1800;\"\n\t\t\t\t\t\t\t\tstyle=\"z-index:9;font-family:'DM Sans';\"\n\t\t\t\t\t\t\t>D\u00e9couvrir \n\t\t\t\t\t\t\t<\/rs-layer><!--\n\t\t\t\t\t--><\/rs-static-layers>\n\t\t\t\t<\/rs-module>\n\t\t\t\t<script type=\"text\/javascript\">\n\t\t\t\t\tsetREVStartSize({c: 'rev_slider_7_1',rl:[1920,1710,1025,700],el:[900,768,960,720],gw:[1300,1100,600,300],gh:[900,768,960,720],type:'standard',justify:'',layout:'fullscreen',offsetContainer:'',offset:'',mh:\"0\"});if (window.RS_MODULES!==undefined && window.RS_MODULES.modules!==undefined && window.RS_MODULES.modules[\"revslider71\"]!==undefined) {window.RS_MODULES.modules[\"revslider71\"].once = false;window.revapi7 = undefined;if (window.RS_MODULES.checkMinimal!==undefined) window.RS_MODULES.checkMinimal()}\n\t\t\t\t<\/script>\n\t\t\t<\/rs-module-wrap>\n\t\t\t<!-- END REVOLUTION SLIDER -->\n<\/div>\n\n\t\t\t\t<\/div>\n\t\t\t\t<\/div>\n\t\t\t\t\t\t<\/div>\n\t\t\t\t\t<\/div>\n\t\t<\/div>\n\t\t\t\t\t\t\t\t<\/div>\n\t\t\t\t\t<\/div>\n\t\t<\/section>\n\t\t\t\t<section class=\"elementor-section elementor-top-section elementor-element elementor-element-3127115 elementor-section-full_width elementor-section-stretched elementor-section-height-default elementor-section-height-default qodef-elementor-content-no qodef-elementor-stretch-row-no qodef-elementor-overlay-no\" data-id=\"3127115\" data-element_type=\"section\" data-settings=\"{&quot;stretch_section&quot;:&quot;section-stretched&quot;,&quot;background_background&quot;:&quot;classic&quot;}\">\n\t\t\t\t\t\t<div class=\"elementor-container elementor-column-gap-default\">\n\t\t\t\t\t\t\t<div class=\"elementor-row\">\n\t\t\t\t\t<div class=\"elementor-column elementor-col-100 elementor-top-column elementor-element elementor-element-1636a0b\" data-id=\"1636a0b\" data-element_type=\"column\">\n\t\t\t<div class=\"elementor-column-wrap elementor-element-populated\">\n\t\t\t\t\t\t\t<div class=\"elementor-widget-wrap\">\n\t\t\t\t\t\t<div class=\"elementor-element elementor-element-3f77b8b elementor-widget elementor-widget-text-editor\" data-id=\"3f77b8b\" data-element_type=\"widget\" data-widget_type=\"text-editor.default\">\n\t\t\t\t<div class=\"elementor-widget-container\">\n\t\t\t\t\t\t\t\t<div class=\"elementor-text-editor elementor-clearfix\">\n\t\t\t\t<h5 style=\"text-align: center;\"><b>Session de Printemps 2026: du lundi 20 avril au dimanche 19 juillet<\/b><\/h5>\t\t\t\t\t<\/div>\n\t\t\t\t\t\t<\/div>\n\t\t\t\t<\/div>\n\t\t\t\t\t\t<\/div>\n\t\t\t\t\t<\/div>\n\t\t<\/div>\n\t\t\t\t\t\t\t\t<\/div>\n\t\t\t\t\t<\/div>\n\t\t<\/section>\n\t\t\t\t<section class=\"elementor-section elementor-top-section elementor-element elementor-element-31c9b2b elementor-section-full_width elementor-section-stretched elementor-section-height-default elementor-section-height-default qodef-elementor-content-no qodef-elementor-stretch-row-no qodef-elementor-overlay-no\" data-id=\"31c9b2b\" data-element_type=\"section\" data-settings=\"{&quot;stretch_section&quot;:&quot;section-stretched&quot;,&quot;background_background&quot;:&quot;classic&quot;}\">\n\t\t\t\t\t\t<div class=\"elementor-container elementor-column-gap-default\">\n\t\t\t\t\t\t\t<div class=\"elementor-row\">\n\t\t\t\t\t<div class=\"elementor-column elementor-col-100 elementor-top-column elementor-element elementor-element-f53987d\" data-id=\"f53987d\" data-element_type=\"column\">\n\t\t\t<div class=\"elementor-column-wrap elementor-element-populated\">\n\t\t\t\t\t\t\t<div class=\"elementor-widget-wrap\">\n\t\t\t\t\t\t<div class=\"elementor-element elementor-element-b45fc06 elementor-widget elementor-widget-text-editor\" data-id=\"b45fc06\" data-element_type=\"widget\" data-widget_type=\"text-editor.default\">\n\t\t\t\t<div class=\"elementor-widget-container\">\n\t\t\t\t\t\t\t\t<div class=\"elementor-text-editor elementor-clearfix\">\n\t\t\t\t<h5 style=\"text-align: center;\"><b>Toute premi\u00e8re visite ? Commence par ici \u2192<\/b><b style=\"font-family: var( --e-global-typography-text-font-family ), Sans-serif;\">\u00a0<a href=\"https:\/\/www.brusselsartpole.be\/lestudio\/inscription-aux-sessions\/\"><span style=\"text-decoration-line: underline;\">\u00ab\u00a0Comment s&rsquo;inscrire ?\u00a0\u00bb<\/span><\/a><\/b><\/h5><h5 style=\"text-align: center;\"><b>Attention, il n&rsquo;est plus possible de rejoindre les cours pole dance d\u00e9butant, cerceau, hammock ou floorwork sensuel niveau 1, \u00e0 moins d&rsquo;avoir une exp\u00e9rience pr\u00e9alable dans ces disciplines<\/b><\/h5>\t\t\t\t\t<\/div>\n\t\t\t\t\t\t<\/div>\n\t\t\t\t<\/div>\n\t\t\t\t\t\t<\/div>\n\t\t\t\t\t<\/div>\n\t\t<\/div>\n\t\t\t\t\t\t\t\t<\/div>\n\t\t\t\t\t<\/div>\n\t\t<\/section>\n\t\t\t\t<section class=\"elementor-section elementor-top-section elementor-element elementor-element-4f3b2bd elementor-section-full_width elementor-section-stretched elementor-section-height-default elementor-section-height-default qodef-elementor-content-no qodef-elementor-stretch-row-no qodef-elementor-overlay-no\" data-id=\"4f3b2bd\" data-element_type=\"section\" data-settings=\"{&quot;stretch_section&quot;:&quot;section-stretched&quot;,&quot;background_background&quot;:&quot;classic&quot;}\">\n\t\t\t\t\t\t<div class=\"elementor-container elementor-column-gap-default\">\n\t\t\t\t\t\t\t<div class=\"elementor-row\">\n\t\t\t\t\t<div class=\"elementor-column elementor-col-25 elementor-top-column elementor-element elementor-element-f3f7163\" data-id=\"f3f7163\" data-element_type=\"column\">\n\t\t\t<div class=\"elementor-column-wrap elementor-element-populated\">\n\t\t\t\t\t\t\t<div class=\"elementor-widget-wrap\">\n\t\t\t\t\t\t<div class=\"elementor-element elementor-element-063ceb7 elementor-widget elementor-widget-image\" data-id=\"063ceb7\" data-element_type=\"widget\" data-widget_type=\"image.default\">\n\t\t\t\t<div class=\"elementor-widget-container\">\n\t\t\t\t\t\t\t\t<div class=\"elementor-image\">\n\t\t\t\t\t\t\t\t\t\t\t\t<img width=\"268\" height=\"108\" src=\"https:\/\/www.brusselsartpole.be\/lestudio\/wp-content\/uploads\/sites\/3\/2025\/02\/Logo_Blanc_BAP-02.png\" class=\"attachment-medium_large size-medium_large\" alt=\"\" loading=\"lazy\" \/>\t\t\t\t\t\t\t\t\t\t\t\t\t\t<\/div>\n\t\t\t\t\t\t<\/div>\n\t\t\t\t<\/div>\n\t\t\t\t<div class=\"elementor-element elementor-element-6dd5813 elementor-widget elementor-widget-text-editor\" data-id=\"6dd5813\" data-element_type=\"widget\" data-widget_type=\"text-editor.default\">\n\t\t\t\t<div class=\"elementor-widget-container\">\n\t\t\t\t\t\t\t\t<div class=\"elementor-text-editor elementor-clearfix\">\n\t\t\t\t<p style=\"font-size: 17px; text-align: center;\"><span style=\"color: #ffffff;\">Boulevard Barthelemy 20<\/span><\/p><p style=\"font-size: 17px; text-align: center;\"><span style=\"color: #ffffff;\">1000 Bruxelles<\/span><\/p><p style=\"font-size: 17px; text-align: center;\"><a href=\"mailto:brusselsartpole@gmail.com\"><span style=\"color: #ffffff;\">brusselsartpole@gmail.com<\/span><\/a><\/p>\t\t\t\t\t<\/div>\n\t\t\t\t\t\t<\/div>\n\t\t\t\t<\/div>\n\t\t\t\t\t\t<\/div>\n\t\t\t\t\t<\/div>\n\t\t<\/div>\n\t\t\t\t<div class=\"elementor-column elementor-col-50 elementor-top-column elementor-element elementor-element-c6554b5\" data-id=\"c6554b5\" data-element_type=\"column\">\n\t\t\t<div class=\"elementor-column-wrap elementor-element-populated\">\n\t\t\t\t\t\t\t<div class=\"elementor-widget-wrap\">\n\t\t\t\t\t\t<div class=\"elementor-element elementor-element-b056423 elementor-widget elementor-widget-spacer\" data-id=\"b056423\" data-element_type=\"widget\" data-widget_type=\"spacer.default\">\n\t\t\t\t<div class=\"elementor-widget-container\">\n\t\t\t\t\t<div class=\"elementor-spacer\">\n\t\t\t<div class=\"elementor-spacer-inner\"><\/div>\n\t\t<\/div>\n\t\t\t\t<\/div>\n\t\t\t\t<\/div>\n\t\t\t\t<div class=\"elementor-element elementor-element-f0d7630 elementor-align-left elementor-widget elementor-widget-button\" data-id=\"f0d7630\" data-element_type=\"widget\" data-widget_type=\"button.default\">\n\t\t\t\t<div class=\"elementor-widget-container\">\n\t\t\t\t\t<div class=\"elementor-button-wrapper\">\n\t\t\t<a href=\"https:\/\/www.brusselsartpole.be\/accessibilite\/\" class=\"elementor-button-link elementor-button elementor-size-xl\" role=\"button\">\n\t\t\t\t\t\t<span class=\"elementor-button-content-wrapper\">\n\t\t\t\t\t\t<span class=\"elementor-button-text\">Accessibilit\u00e9<\/span>\n\t\t<\/span>\n\t\t\t\t\t<\/a>\n\t\t<\/div>\n\t\t\t\t<\/div>\n\t\t\t\t<\/div>\n\t\t\t\t<div class=\"elementor-element elementor-element-75eeb06 elementor-align-center elementor-widget elementor-widget-button\" data-id=\"75eeb06\" data-element_type=\"widget\" data-widget_type=\"button.default\">\n\t\t\t\t<div class=\"elementor-widget-container\">\n\t\t\t\t\t<div class=\"elementor-button-wrapper\">\n\t\t\t<a href=\"https:\/\/www.brusselsartpole.be\/notre-charte\/\" class=\"elementor-button-link elementor-button elementor-size-xl\" role=\"button\">\n\t\t\t\t\t\t<span class=\"elementor-button-content-wrapper\">\n\t\t\t\t\t\t<span class=\"elementor-button-text\">Charte <\/span>\n\t\t<\/span>\n\t\t\t\t\t<\/a>\n\t\t<\/div>\n\t\t\t\t<\/div>\n\t\t\t\t<\/div>\n\t\t\t\t\t\t<\/div>\n\t\t\t\t\t<\/div>\n\t\t<\/div>\n\t\t\t\t<div class=\"elementor-column elementor-col-25 elementor-top-column elementor-element elementor-element-982a9e3\" data-id=\"982a9e3\" data-element_type=\"column\">\n\t\t\t<div class=\"elementor-column-wrap elementor-element-populated\">\n\t\t\t\t\t\t\t<div class=\"elementor-widget-wrap\">\n\t\t\t\t\t\t<div class=\"elementor-element elementor-element-a7bd109 elementor-widget elementor-widget-spacer\" data-id=\"a7bd109\" data-element_type=\"widget\" data-widget_type=\"spacer.default\">\n\t\t\t\t<div class=\"elementor-widget-container\">\n\t\t\t\t\t<div class=\"elementor-spacer\">\n\t\t\t<div class=\"elementor-spacer-inner\"><\/div>\n\t\t<\/div>\n\t\t\t\t<\/div>\n\t\t\t\t<\/div>\n\t\t\t\t<div class=\"elementor-element elementor-element-e0ab67b elementor-widget elementor-widget-qi_addons_for_elementor_button\" data-id=\"e0ab67b\" data-element_type=\"widget\" data-widget_type=\"qi_addons_for_elementor_button.default\">\n\t\t\t\t<div class=\"elementor-widget-container\">\n\t\t\t<a class=\"qodef-shortcode qodef-m  qodef-qi-button qodef-html--link qodef-layout--textual    qodef-icon--right qodef-hover--icon-move-horizontal-short     \" href=\"https:\/\/www.instagram.com\/brusselsartpole\/\" target=\"_self\">\n\t<span class=\"qodef-m-text\">Suis-nous sur Instagram<\/span>\n\t\t<span class=\"qodef-m-icon \">\n\t\t<span class=\"qodef-m-icon-inner\">\n\t\t\t<i aria-hidden=\"true\" class=\"fas fa-arrow-right\"><\/i>\t\t\t\t\t<\/span>\n\t<\/span>\n<\/a>\n\t\t<\/div>\n\t\t\t\t<\/div>\n\t\t\t\t<div class=\"elementor-element elementor-element-381ae0f elementor-widget elementor-widget-qi_addons_for_elementor_button\" data-id=\"381ae0f\" data-element_type=\"widget\" data-widget_type=\"qi_addons_for_elementor_button.default\">\n\t\t\t\t<div class=\"elementor-widget-container\">\n\t\t\t<a class=\"qodef-shortcode qodef-m  qodef-qi-button qodef-html--link qodef-layout--textual    qodef-icon--right qodef-hover--icon-move-horizontal-short     \" href=\"\" target=\"_self\">\n\t<span class=\"qodef-m-text\">Mentions l\u00e9gales<\/span>\n\t<\/a>\n\t\t<\/div>\n\t\t\t\t<\/div>\n\t\t\t\t<div class=\"elementor-element elementor-element-c4e3703 elementor-widget elementor-widget-qi_addons_for_elementor_button\" data-id=\"c4e3703\" data-element_type=\"widget\" data-widget_type=\"qi_addons_for_elementor_button.default\">\n\t\t\t\t<div class=\"elementor-widget-container\">\n\t\t\t<a class=\"qodef-shortcode qodef-m  qodef-qi-button qodef-html--link qodef-layout--textual    qodef-icon--right qodef-hover--icon-move-horizontal-short     \" href=\"\" target=\"_self\">\n\t<span class=\"qodef-m-text\">Politique de confidentialit\u00e9s<\/span>\n\t<\/a>\n\t\t<\/div>\n\t\t\t\t<\/div>\n\t\t\t\t\t\t<\/div>\n\t\t\t\t\t<\/div>\n\t\t<\/div>\n\t\t\t\t\t\t\t\t<\/div>\n\t\t\t\t\t<\/div>\n\t\t<\/section>\n\t\t\t\t\t\t<\/div>\n\t\t\t\t\t\t<\/div>\n\t\t\t\t\t<\/div>\n\t\t","protected":false},"excerpt":{"rendered":"<p>Session de Printemps 2026: du lundi 20 avril au dimanche 19 juillet Toute premi\u00e8re visite ? Commence par ici \u2192\u00a0\u00ab\u00a0Comment s&rsquo;inscrire ?\u00a0\u00bb Attention, il n&rsquo;est plus possible de rejoindre les cours pole dance d\u00e9butant, cerceau, hammock ou floorwork sensuel niveau 1, \u00e0 moins d&rsquo;avoir une exp\u00e9rience pr\u00e9alable dans ces disciplines Boulevard Barthelemy 20 1000 Bruxelles [&hellip;]<\/p>\n","protected":false},"author":2,"featured_media":11671,"parent":0,"menu_order":0,"comment_status":"closed","ping_status":"closed","template":"","meta":[],"yoast_head":"<!-- This site is optimized with the Yoast SEO plugin v18.3 - https:\/\/yoast.com\/wordpress\/plugins\/seo\/ -->\n<title>Le Studio - Brussels Art Pole<\/title>\n<meta name=\"description\" content=\"A Bruxelles, le Studio de danse de la Brussels Art Pole propose une grande vari\u00e9t\u00e9 de disciplines artistiques et techniques.\" \/>\n<meta name=\"robots\" content=\"index, follow, max-snippet:-1, max-image-preview:large, max-video-preview:-1\" \/>\n<link rel=\"canonical\" href=\"https:\/\/www.brusselsartpole.be\/lestudio\/\" \/>\n<meta property=\"og:locale\" content=\"fr_FR\" \/>\n<meta property=\"og:type\" content=\"article\" \/>\n<meta property=\"og:title\" content=\"Le Studio - Brussels Art Pole\" \/>\n<meta property=\"og:description\" content=\"A Bruxelles, le Studio de danse de la Brussels Art Pole propose une grande vari\u00e9t\u00e9 de disciplines artistiques et techniques.\" \/>\n<meta property=\"og:url\" content=\"https:\/\/www.brusselsartpole.be\/lestudio\/\" \/>\n<meta property=\"og:site_name\" content=\"Le Studio\" \/>\n<meta property=\"article:modified_time\" content=\"2026-03-31T14:18:33+00:00\" \/>\n<meta property=\"og:image\" content=\"https:\/\/www.brusselsartpole.be\/lestudio\/wp-content\/uploads\/sites\/3\/2022\/03\/accueil003.png\" \/>\n\t<meta property=\"og:image:width\" content=\"1412\" \/>\n\t<meta property=\"og:image:height\" content=\"928\" \/>\n\t<meta property=\"og:image:type\" content=\"image\/png\" \/>\n<meta name=\"twitter:card\" content=\"summary_large_image\" \/>\n<meta name=\"twitter:label1\" content=\"Dur\u00e9e de lecture estim\u00e9e\" \/>\n\t<meta name=\"twitter:data1\" content=\"2 minutes\" \/>\n<script type=\"application\/ld+json\" class=\"yoast-schema-graph\">{\"@context\":\"https:\/\/schema.org\",\"@graph\":[{\"@type\":\"WebSite\",\"@id\":\"https:\/\/www.brusselsartpole.be\/lestudio\/#website\",\"url\":\"https:\/\/www.brusselsartpole.be\/lestudio\/\",\"name\":\"Le Studio\",\"description\":\"Studio de danse pluridisciplinaire\",\"potentialAction\":[{\"@type\":\"SearchAction\",\"target\":{\"@type\":\"EntryPoint\",\"urlTemplate\":\"https:\/\/www.brusselsartpole.be\/lestudio\/?s={search_term_string}\"},\"query-input\":\"required name=search_term_string\"}],\"inLanguage\":\"fr-FR\"},{\"@type\":\"ImageObject\",\"@id\":\"https:\/\/www.brusselsartpole.be\/lestudio\/#primaryimage\",\"inLanguage\":\"fr-FR\",\"url\":\"https:\/\/www.brusselsartpole.be\/lestudio\/wp-content\/uploads\/sites\/3\/2022\/03\/accueil003.png\",\"contentUrl\":\"https:\/\/www.brusselsartpole.be\/lestudio\/wp-content\/uploads\/sites\/3\/2022\/03\/accueil003.png\",\"width\":1412,\"height\":928,\"caption\":\"BAP logo, Brussels art pole studio, Brussels, Cours de pole dance, pole dance, bruxelles\"},{\"@type\":\"WebPage\",\"@id\":\"https:\/\/www.brusselsartpole.be\/lestudio\/#webpage\",\"url\":\"https:\/\/www.brusselsartpole.be\/lestudio\/\",\"name\":\"Le Studio - Brussels Art Pole\",\"isPartOf\":{\"@id\":\"https:\/\/www.brusselsartpole.be\/lestudio\/#website\"},\"primaryImageOfPage\":{\"@id\":\"https:\/\/www.brusselsartpole.be\/lestudio\/#primaryimage\"},\"datePublished\":\"2020-07-30T10:26:45+00:00\",\"dateModified\":\"2026-03-31T14:18:33+00:00\",\"description\":\"A Bruxelles, le Studio de danse de la Brussels Art Pole propose une grande vari\u00e9t\u00e9 de disciplines artistiques et techniques.\",\"breadcrumb\":{\"@id\":\"https:\/\/www.brusselsartpole.be\/lestudio\/#breadcrumb\"},\"inLanguage\":\"fr-FR\",\"potentialAction\":[{\"@type\":\"ReadAction\",\"target\":[\"https:\/\/www.brusselsartpole.be\/lestudio\/\"]}]},{\"@type\":\"BreadcrumbList\",\"@id\":\"https:\/\/www.brusselsartpole.be\/lestudio\/#breadcrumb\",\"itemListElement\":[{\"@type\":\"ListItem\",\"position\":1,\"name\":\"Accueil\",\"item\":\"https:\/\/www.brusselsartpole.be\/lestudio\/\"},{\"@type\":\"ListItem\",\"position\":2,\"name\":\"Accueil\"}]}]}<\/script>\n<!-- \/ Yoast SEO plugin. -->","yoast_head_json":{"title":"Le Studio - Brussels Art Pole","description":"A Bruxelles, le Studio de danse de la Brussels Art Pole propose une grande vari\u00e9t\u00e9 de disciplines artistiques et techniques.","robots":{"index":"index","follow":"follow","max-snippet":"max-snippet:-1","max-image-preview":"max-image-preview:large","max-video-preview":"max-video-preview:-1"},"canonical":"https:\/\/www.brusselsartpole.be\/lestudio\/","og_locale":"fr_FR","og_type":"article","og_title":"Le Studio - Brussels Art Pole","og_description":"A Bruxelles, le Studio de danse de la Brussels Art Pole propose une grande vari\u00e9t\u00e9 de disciplines artistiques et techniques.","og_url":"https:\/\/www.brusselsartpole.be\/lestudio\/","og_site_name":"Le Studio","article_modified_time":"2026-03-31T14:18:33+00:00","og_image":[{"width":1412,"height":928,"url":"https:\/\/www.brusselsartpole.be\/lestudio\/wp-content\/uploads\/sites\/3\/2022\/03\/accueil003.png","type":"image\/png"}],"twitter_card":"summary_large_image","twitter_misc":{"Dur\u00e9e de lecture estim\u00e9e":"2 minutes"},"schema":{"@context":"https:\/\/schema.org","@graph":[{"@type":"WebSite","@id":"https:\/\/www.brusselsartpole.be\/lestudio\/#website","url":"https:\/\/www.brusselsartpole.be\/lestudio\/","name":"Le Studio","description":"Studio de danse pluridisciplinaire","potentialAction":[{"@type":"SearchAction","target":{"@type":"EntryPoint","urlTemplate":"https:\/\/www.brusselsartpole.be\/lestudio\/?s={search_term_string}"},"query-input":"required name=search_term_string"}],"inLanguage":"fr-FR"},{"@type":"ImageObject","@id":"https:\/\/www.brusselsartpole.be\/lestudio\/#primaryimage","inLanguage":"fr-FR","url":"https:\/\/www.brusselsartpole.be\/lestudio\/wp-content\/uploads\/sites\/3\/2022\/03\/accueil003.png","contentUrl":"https:\/\/www.brusselsartpole.be\/lestudio\/wp-content\/uploads\/sites\/3\/2022\/03\/accueil003.png","width":1412,"height":928,"caption":"BAP logo, Brussels art pole studio, Brussels, Cours de pole dance, pole dance, bruxelles"},{"@type":"WebPage","@id":"https:\/\/www.brusselsartpole.be\/lestudio\/#webpage","url":"https:\/\/www.brusselsartpole.be\/lestudio\/","name":"Le Studio - Brussels Art Pole","isPartOf":{"@id":"https:\/\/www.brusselsartpole.be\/lestudio\/#website"},"primaryImageOfPage":{"@id":"https:\/\/www.brusselsartpole.be\/lestudio\/#primaryimage"},"datePublished":"2020-07-30T10:26:45+00:00","dateModified":"2026-03-31T14:18:33+00:00","description":"A Bruxelles, le Studio de danse de la Brussels Art Pole propose une grande vari\u00e9t\u00e9 de disciplines artistiques et techniques.","breadcrumb":{"@id":"https:\/\/www.brusselsartpole.be\/lestudio\/#breadcrumb"},"inLanguage":"fr-FR","potentialAction":[{"@type":"ReadAction","target":["https:\/\/www.brusselsartpole.be\/lestudio\/"]}]},{"@type":"BreadcrumbList","@id":"https:\/\/www.brusselsartpole.be\/lestudio\/#breadcrumb","itemListElement":[{"@type":"ListItem","position":1,"name":"Accueil","item":"https:\/\/www.brusselsartpole.be\/lestudio\/"},{"@type":"ListItem","position":2,"name":"Accueil"}]}]}},"_links":{"self":[{"href":"https:\/\/www.brusselsartpole.be\/lestudio\/wp-json\/wp\/v2\/pages\/553"}],"collection":[{"href":"https:\/\/www.brusselsartpole.be\/lestudio\/wp-json\/wp\/v2\/pages"}],"about":[{"href":"https:\/\/www.brusselsartpole.be\/lestudio\/wp-json\/wp\/v2\/types\/page"}],"author":[{"embeddable":true,"href":"https:\/\/www.brusselsartpole.be\/lestudio\/wp-json\/wp\/v2\/users\/2"}],"replies":[{"embeddable":true,"href":"https:\/\/www.brusselsartpole.be\/lestudio\/wp-json\/wp\/v2\/comments?post=553"}],"version-history":[{"count":450,"href":"https:\/\/www.brusselsartpole.be\/lestudio\/wp-json\/wp\/v2\/pages\/553\/revisions"}],"predecessor-version":[{"id":20521,"href":"https:\/\/www.brusselsartpole.be\/lestudio\/wp-json\/wp\/v2\/pages\/553\/revisions\/20521"}],"wp:featuredmedia":[{"embeddable":true,"href":"https:\/\/www.brusselsartpole.be\/lestudio\/wp-json\/wp\/v2\/media\/11671"}],"wp:attachment":[{"href":"https:\/\/www.brusselsartpole.be\/lestudio\/wp-json\/wp\/v2\/media?parent=553"}],"curies":[{"name":"wp","href":"https:\/\/api.w.org\/{rel}","templated":true}]}}