{"id":13629,"date":"2022-04-05T13:20:36","date_gmt":"2022-04-05T11:20:36","guid":{"rendered":"https:\/\/www.brusselsartpole.be\/lestudio\/?page_id=13629"},"modified":"2025-07-17T13:01:20","modified_gmt":"2025-07-17T11:01:20","slug":"workshops","status":"publish","type":"page","link":"https:\/\/www.brusselsartpole.be\/lestudio\/workshops\/","title":{"rendered":"Workshops"},"content":{"rendered":"\t\t<div data-elementor-type=\"wp-page\" data-elementor-id=\"13629\" class=\"elementor elementor-13629\" data-elementor-settings=\"[]\">\n\t\t\t\t\t\t<div class=\"elementor-inner\">\n\t\t\t\t\t\t\t<div class=\"elementor-section-wrap\">\n\t\t\t\t\t\t\t<section class=\"elementor-section elementor-top-section elementor-element elementor-element-bd91e4b elementor-section-full_width elementor-section-stretched elementor-section-height-default elementor-section-height-default qodef-elementor-content-no qodef-elementor-stretch-row-no qodef-elementor-overlay-no\" data-id=\"bd91e4b\" data-element_type=\"section\" data-settings=\"{&quot;stretch_section&quot;:&quot;section-stretched&quot;}\">\n\t\t\t\t\t\t<div class=\"elementor-container elementor-column-gap-default\">\n\t\t\t\t\t\t\t<div class=\"elementor-row\">\n\t\t\t\t\t<div class=\"elementor-column elementor-col-100 elementor-top-column elementor-element elementor-element-8c35be0\" data-id=\"8c35be0\" data-element_type=\"column\">\n\t\t\t<div class=\"elementor-column-wrap elementor-element-populated\">\n\t\t\t\t\t\t\t<div class=\"elementor-widget-wrap\">\n\t\t\t\t\t\t<div class=\"elementor-element elementor-element-36db16d elementor-widget elementor-widget-spacer\" data-id=\"36db16d\" data-element_type=\"widget\" data-widget_type=\"spacer.default\">\n\t\t\t\t<div class=\"elementor-widget-container\">\n\t\t\t\t\t<div class=\"elementor-spacer\">\n\t\t\t<div class=\"elementor-spacer-inner\"><\/div>\n\t\t<\/div>\n\t\t\t\t<\/div>\n\t\t\t\t<\/div>\n\t\t\t\t<div class=\"elementor-element elementor-element-3bb879a elementor-widget elementor-widget-heading\" data-id=\"3bb879a\" data-element_type=\"widget\" data-widget_type=\"heading.default\">\n\t\t\t\t<div class=\"elementor-widget-container\">\n\t\t\t<h2 class=\"elementor-heading-title elementor-size-default\">WORKSHOPS TH\u00c9MATIQUES<\/h2>\t\t<\/div>\n\t\t\t\t<\/div>\n\t\t\t\t<div class=\"elementor-element elementor-element-4d51326 elementor-widget elementor-widget-spacer\" data-id=\"4d51326\" data-element_type=\"widget\" data-widget_type=\"spacer.default\">\n\t\t\t\t<div class=\"elementor-widget-container\">\n\t\t\t\t\t<div class=\"elementor-spacer\">\n\t\t\t<div class=\"elementor-spacer-inner\"><\/div>\n\t\t<\/div>\n\t\t\t\t<\/div>\n\t\t\t\t<\/div>\n\t\t\t\t\t\t<\/div>\n\t\t\t\t\t<\/div>\n\t\t<\/div>\n\t\t\t\t\t\t\t\t<\/div>\n\t\t\t\t\t<\/div>\n\t\t<\/section>\n\t\t\t\t<section class=\"elementor-section elementor-top-section elementor-element elementor-element-e01cdc1 elementor-section-full_width elementor-section-stretched elementor-section-height-default elementor-section-height-default qodef-elementor-content-no qodef-elementor-stretch-row-no qodef-elementor-overlay-no elementor-invisible\" data-id=\"e01cdc1\" data-element_type=\"section\" data-settings=\"{&quot;animation&quot;:&quot;fadeIn&quot;,&quot;stretch_section&quot;:&quot;section-stretched&quot;}\">\n\t\t\t\t\t\t<div class=\"elementor-container elementor-column-gap-default\">\n\t\t\t\t\t\t\t<div class=\"elementor-row\">\n\t\t\t\t\t<div class=\"elementor-column elementor-col-50 elementor-top-column elementor-element elementor-element-9d80141\" data-id=\"9d80141\" data-element_type=\"column\">\n\t\t\t<div class=\"elementor-column-wrap elementor-element-populated\">\n\t\t\t\t\t\t\t<div class=\"elementor-widget-wrap\">\n\t\t\t\t\t\t<div class=\"elementor-element elementor-element-c822057 elementor-widget elementor-widget-text-editor\" data-id=\"c822057\" data-element_type=\"widget\" data-widget_type=\"text-editor.default\">\n\t\t\t\t<div class=\"elementor-widget-container\">\n\t\t\t\t\t\t\t\t<div class=\"elementor-text-editor elementor-clearfix\">\n\t\t\t\t<p>D\u00e9couvre nos workshops th\u00e9matiques qui te permettront de faire des focus techniques, travailler des chor\u00e9graphies sur un format long et\/ou d\u00e9couvrir des nouvelles disciplines.<\/p>\t\t\t\t\t<\/div>\n\t\t\t\t\t\t<\/div>\n\t\t\t\t<\/div>\n\t\t\t\t\t\t<\/div>\n\t\t\t\t\t<\/div>\n\t\t<\/div>\n\t\t\t\t<div class=\"elementor-column elementor-col-50 elementor-top-column elementor-element elementor-element-4043c8c\" data-id=\"4043c8c\" data-element_type=\"column\">\n\t\t\t<div class=\"elementor-column-wrap elementor-element-populated\">\n\t\t\t\t\t\t\t<div class=\"elementor-widget-wrap\">\n\t\t\t\t\t\t<div class=\"elementor-element elementor-element-a41fe05 elementor-widget elementor-widget-text-editor\" data-id=\"a41fe05\" data-element_type=\"widget\" data-widget_type=\"text-editor.default\">\n\t\t\t\t<div class=\"elementor-widget-container\">\n\t\t\t\t\t\t\t\t<div class=\"elementor-text-editor elementor-clearfix\">\n\t\t\t\t<p><b>Tous les dimanches<\/b><\/p>\t\t\t\t\t<\/div>\n\t\t\t\t\t\t<\/div>\n\t\t\t\t<\/div>\n\t\t\t\t<div class=\"elementor-element elementor-element-f4eba22 elementor-widget elementor-widget-qi_addons_for_elementor_button\" data-id=\"f4eba22\" data-element_type=\"widget\" data-widget_type=\"qi_addons_for_elementor_button.default\">\n\t\t\t\t<div class=\"elementor-widget-container\">\n\t\t\t<a class=\"qodef-shortcode qodef-m  qodef-qi-button qodef-html--link qodef-layout--textual    qodef-icon--right qodef-hover--icon-move-horizontal-short     \" href=\"https:\/\/www.eversports.be\/scl\/brussels-art-pole\" target=\"_self\">\n\t<span class=\"qodef-m-text\">R\u00e9servations<\/span>\n\t\t<span class=\"qodef-m-icon \">\n\t\t<span class=\"qodef-m-icon-inner\">\n\t\t\t<i aria-hidden=\"true\" class=\"fas fa-arrow-right\"><\/i>\t\t\t\t\t<\/span>\n\t<\/span>\n<\/a>\n\t\t<\/div>\n\t\t\t\t<\/div>\n\t\t\t\t\t\t<\/div>\n\t\t\t\t\t<\/div>\n\t\t<\/div>\n\t\t\t\t\t\t\t\t<\/div>\n\t\t\t\t\t<\/div>\n\t\t<\/section>\n\t\t\t\t<section class=\"elementor-section elementor-top-section elementor-element elementor-element-3e2dd9a elementor-section-full_width elementor-section-stretched elementor-section-height-default elementor-section-height-default qodef-elementor-content-no qodef-elementor-stretch-row-no qodef-elementor-overlay-no elementor-invisible\" data-id=\"3e2dd9a\" data-element_type=\"section\" data-settings=\"{&quot;animation&quot;:&quot;fadeIn&quot;,&quot;stretch_section&quot;:&quot;section-stretched&quot;}\">\n\t\t\t\t\t\t<div class=\"elementor-container elementor-column-gap-default\">\n\t\t\t\t\t\t\t<div class=\"elementor-row\">\n\t\t\t\t\t<div class=\"elementor-column elementor-col-100 elementor-top-column elementor-element elementor-element-1966197\" data-id=\"1966197\" data-element_type=\"column\">\n\t\t\t<div class=\"elementor-column-wrap elementor-element-populated\">\n\t\t\t\t\t\t\t<div class=\"elementor-widget-wrap\">\n\t\t\t\t\t\t<div class=\"elementor-element elementor-element-5cfdb1a elementor-widget elementor-widget-heading\" data-id=\"5cfdb1a\" data-element_type=\"widget\" data-widget_type=\"heading.default\">\n\t\t\t\t<div class=\"elementor-widget-container\">\n\t\t\t<h2 class=\"elementor-heading-title elementor-size-default\">\u00c9V\u00c9NEMENTS SP\u00c9CIAUX<\/h2>\t\t<\/div>\n\t\t\t\t<\/div>\n\t\t\t\t\t\t<\/div>\n\t\t\t\t\t<\/div>\n\t\t<\/div>\n\t\t\t\t\t\t\t\t<\/div>\n\t\t\t\t\t<\/div>\n\t\t<\/section>\n\t\t\t\t<section class=\"elementor-section elementor-top-section elementor-element elementor-element-491e05e elementor-section-full_width elementor-section-stretched elementor-section-height-default elementor-section-height-default qodef-elementor-content-no qodef-elementor-stretch-row-no qodef-elementor-overlay-no elementor-invisible\" data-id=\"491e05e\" data-element_type=\"section\" data-settings=\"{&quot;animation&quot;:&quot;fadeIn&quot;,&quot;stretch_section&quot;:&quot;section-stretched&quot;}\">\n\t\t\t\t\t\t<div class=\"elementor-container elementor-column-gap-default\">\n\t\t\t\t\t\t\t<div class=\"elementor-row\">\n\t\t\t\t\t<div class=\"elementor-column elementor-col-50 elementor-top-column elementor-element elementor-element-3561d26\" data-id=\"3561d26\" data-element_type=\"column\">\n\t\t\t<div class=\"elementor-column-wrap elementor-element-populated\">\n\t\t\t\t\t\t\t<div class=\"elementor-widget-wrap\">\n\t\t\t\t\t\t<div class=\"elementor-element elementor-element-186ec8c elementor-widget elementor-widget-heading\" data-id=\"186ec8c\" data-element_type=\"widget\" data-widget_type=\"heading.default\">\n\t\t\t\t<div class=\"elementor-widget-container\">\n\t\t\t<h2 class=\"elementor-heading-title elementor-size-default\">Jam de danse \u00e0 destination des personnes grosses<\/h2>\t\t<\/div>\n\t\t\t\t<\/div>\n\t\t\t\t<div class=\"elementor-element elementor-element-7af13ea elementor-widget elementor-widget-text-editor\" data-id=\"7af13ea\" data-element_type=\"widget\" data-widget_type=\"text-editor.default\">\n\t\t\t\t<div class=\"elementor-widget-container\">\n\t\t\t\t\t\t\t\t<div class=\"elementor-text-editor elementor-clearfix\">\n\t\t\t\t<p>Anim\u00e9e par M\u00e9lissa \/ Lissa Kay<\/p>\t\t\t\t\t<\/div>\n\t\t\t\t\t\t<\/div>\n\t\t\t\t<\/div>\n\t\t\t\t\t\t<\/div>\n\t\t\t\t\t<\/div>\n\t\t<\/div>\n\t\t\t\t<div class=\"elementor-column elementor-col-50 elementor-top-column elementor-element elementor-element-38543eb\" data-id=\"38543eb\" data-element_type=\"column\">\n\t\t\t<div class=\"elementor-column-wrap elementor-element-populated\">\n\t\t\t\t\t\t\t<div class=\"elementor-widget-wrap\">\n\t\t\t\t\t\t<div class=\"elementor-element elementor-element-533ffc2 elementor-widget elementor-widget-text-editor\" data-id=\"533ffc2\" data-element_type=\"widget\" data-widget_type=\"text-editor.default\">\n\t\t\t\t<div class=\"elementor-widget-container\">\n\t\t\t\t\t\t\t\t<div class=\"elementor-text-editor elementor-clearfix\">\n\t\t\t\t<p><b>[ Dimanche 20 juillet de 12h15 \u00e0 14h15 ]<\/b><\/p>\t\t\t\t\t<\/div>\n\t\t\t\t\t\t<\/div>\n\t\t\t\t<\/div>\n\t\t\t\t<div class=\"elementor-element elementor-element-b330e1b elementor-widget elementor-widget-qi_addons_for_elementor_button\" data-id=\"b330e1b\" data-element_type=\"widget\" data-widget_type=\"qi_addons_for_elementor_button.default\">\n\t\t\t\t<div class=\"elementor-widget-container\">\n\t\t\t<a class=\"qodef-shortcode qodef-m  qodef-qi-button qodef-html--link qodef-layout--textual    qodef-icon--right qodef-hover--icon-move-horizontal-short     \" href=\"https:\/\/www.eversports.be\/e\/training\/bFL2ymp\" target=\"_self\">\n\t<span class=\"qodef-m-text\">Infos et inscriptions<\/span>\n\t\t<span class=\"qodef-m-icon \">\n\t\t<span class=\"qodef-m-icon-inner\">\n\t\t\t<i aria-hidden=\"true\" class=\"fas fa-arrow-right\"><\/i>\t\t\t\t\t<\/span>\n\t<\/span>\n<\/a>\n\t\t<\/div>\n\t\t\t\t<\/div>\n\t\t\t\t\t\t<\/div>\n\t\t\t\t\t<\/div>\n\t\t<\/div>\n\t\t\t\t\t\t\t\t<\/div>\n\t\t\t\t\t<\/div>\n\t\t<\/section>\n\t\t\t\t<section class=\"elementor-section elementor-top-section elementor-element elementor-element-43dcdfc9 elementor-section-full_width elementor-section-stretched elementor-section-height-default elementor-section-height-default qodef-elementor-content-no qodef-elementor-stretch-row-no qodef-elementor-overlay-no\" data-id=\"43dcdfc9\" data-element_type=\"section\" data-settings=\"{&quot;background_background&quot;:&quot;classic&quot;,&quot;stretch_section&quot;:&quot;section-stretched&quot;}\">\n\t\t\t\t\t\t<div class=\"elementor-container elementor-column-gap-default\">\n\t\t\t\t\t\t\t<div class=\"elementor-row\">\n\t\t\t\t\t<div class=\"elementor-column elementor-col-25 elementor-top-column elementor-element elementor-element-4e436b5e\" data-id=\"4e436b5e\" data-element_type=\"column\">\n\t\t\t<div class=\"elementor-column-wrap elementor-element-populated\">\n\t\t\t\t\t\t\t<div class=\"elementor-widget-wrap\">\n\t\t\t\t\t\t<section class=\"elementor-section elementor-inner-section elementor-element elementor-element-1a5ff0df elementor-section-boxed elementor-section-height-default elementor-section-height-default qodef-elementor-content-no qodef-elementor-stretch-row-no qodef-elementor-overlay-no\" data-id=\"1a5ff0df\" data-element_type=\"section\">\n\t\t\t\t\t\t<div class=\"elementor-container elementor-column-gap-default\">\n\t\t\t\t\t\t\t<div class=\"elementor-row\">\n\t\t\t\t\t<div class=\"elementor-column elementor-col-100 elementor-inner-column elementor-element elementor-element-6b7dabd7\" data-id=\"6b7dabd7\" data-element_type=\"column\">\n\t\t\t<div class=\"elementor-column-wrap elementor-element-populated\">\n\t\t\t\t\t\t\t<div class=\"elementor-widget-wrap\">\n\t\t\t\t\t\t<div class=\"elementor-element elementor-element-4bf96bcd qodef--view-cursor-trigger elementor-widget elementor-widget-image\" data-id=\"4bf96bcd\" data-element_type=\"widget\" data-widget_type=\"image.default\">\n\t\t\t\t<div class=\"elementor-widget-container\">\n\t\t\t\t\t\t\t\t<div class=\"elementor-image\">\n\t\t\t\t\t\t\t\t\t\t\t\t\t<a href=\"https:\/\/brusselsartpole.be\/lestudio\">\n\t\t\t\t\t\t\t<img width=\"150\" height=\"150\" src=\"https:\/\/www.brusselsartpole.be\/lestudio\/wp-content\/uploads\/sites\/3\/2022\/04\/Logo_BAP_footer-1-150x150.png\" class=\"attachment-thumbnail size-thumbnail\" alt=\"BAP, brussels art school, Ecole de pole dance \u00e0 Brussels, Flex\" loading=\"lazy\" \/>\t\t\t\t\t\t\t\t<\/a>\n\t\t\t\t\t\t\t\t\t\t\t\t\t\t<\/div>\n\t\t\t\t\t\t<\/div>\n\t\t\t\t<\/div>\n\t\t\t\t\t\t<\/div>\n\t\t\t\t\t<\/div>\n\t\t<\/div>\n\t\t\t\t\t\t\t\t<\/div>\n\t\t\t\t\t<\/div>\n\t\t<\/section>\n\t\t\t\t<div class=\"elementor-element elementor-element-5b21e251 elementor-widget__width-initial elementor-widget elementor-widget-text-editor\" data-id=\"5b21e251\" data-element_type=\"widget\" data-widget_type=\"text-editor.default\">\n\t\t\t\t<div class=\"elementor-widget-container\">\n\t\t\t\t\t\t\t\t<div class=\"elementor-text-editor elementor-clearfix\">\n\t\t\t\t<p><span style=\"color: #ffffff; font-weight: bold;\">Boulevard Barth\u00e9lemy 20<\/span><br \/><span style=\"color: #ffffff;\"><span style=\"; font-weight: bold; font-family: var( --e-global-typography-text-font-family ); font-size: var( --e-global-typography-text-font-size ); font-style: var( --e-global-typography-text-font-style ); letter-spacing: var( --e-global-typography-text-letter-spacing ); text-transform: var( --e-global-typography-text-text-transform );\">1000 Bruxelles<br \/><\/span><span style=\"font-weight: bold; font-family: var( --e-global-typography-text-font-family ); font-size: var( --e-global-typography-text-font-size ); font-style: var( --e-global-typography-text-font-style ); letter-spacing: var( --e-global-typography-text-letter-spacing ); text-transform: var( --e-global-typography-text-text-transform );\">Brusselsartpole@gmail.com<\/span><\/span><\/p>\t\t\t\t\t<\/div>\n\t\t\t\t\t\t<\/div>\n\t\t\t\t<\/div>\n\t\t\t\t\t\t<\/div>\n\t\t\t\t\t<\/div>\n\t\t<\/div>\n\t\t\t\t<div class=\"elementor-column elementor-col-50 elementor-top-column elementor-element elementor-element-7f7a14ba\" data-id=\"7f7a14ba\" data-element_type=\"column\" data-settings=\"{&quot;background_background&quot;:&quot;classic&quot;}\">\n\t\t\t<div class=\"elementor-column-wrap\">\n\t\t\t\t\t<div class=\"elementor-background-overlay\"><\/div>\n\t\t\t\t\t\t\t<div class=\"elementor-widget-wrap\">\n\t\t\t\t\t\t\t\t<\/div>\n\t\t\t\t\t<\/div>\n\t\t<\/div>\n\t\t\t\t<div class=\"elementor-column elementor-col-25 elementor-top-column elementor-element elementor-element-7754a152\" data-id=\"7754a152\" data-element_type=\"column\">\n\t\t\t<div class=\"elementor-column-wrap elementor-element-populated\">\n\t\t\t\t\t\t\t<div class=\"elementor-widget-wrap\">\n\t\t\t\t\t\t<section class=\"elementor-section elementor-inner-section elementor-element elementor-element-631f65b1 elementor-section-boxed elementor-section-height-default elementor-section-height-default qodef-elementor-content-no qodef-elementor-stretch-row-no qodef-elementor-overlay-no\" data-id=\"631f65b1\" data-element_type=\"section\">\n\t\t\t\t\t\t<div class=\"elementor-container elementor-column-gap-default\">\n\t\t\t\t\t\t\t<div class=\"elementor-row\">\n\t\t\t\t\t<div class=\"elementor-column elementor-col-100 elementor-inner-column elementor-element elementor-element-35259c\" data-id=\"35259c\" data-element_type=\"column\">\n\t\t\t<div class=\"elementor-column-wrap elementor-element-populated\">\n\t\t\t\t\t\t\t<div class=\"elementor-widget-wrap\">\n\t\t\t\t\t\t<div class=\"elementor-element elementor-element-65b79f2c elementor-widget elementor-widget-spacer\" data-id=\"65b79f2c\" data-element_type=\"widget\" data-widget_type=\"spacer.default\">\n\t\t\t\t<div class=\"elementor-widget-container\">\n\t\t\t\t\t<div class=\"elementor-spacer\">\n\t\t\t<div class=\"elementor-spacer-inner\"><\/div>\n\t\t<\/div>\n\t\t\t\t<\/div>\n\t\t\t\t<\/div>\n\t\t\t\t<div class=\"elementor-element elementor-element-58e5bc94 elementor-widget elementor-widget-text-editor\" data-id=\"58e5bc94\" data-element_type=\"widget\" data-widget_type=\"text-editor.default\">\n\t\t\t\t<div class=\"elementor-widget-container\">\n\t\t\t\t\t\t\t\t<div class=\"elementor-text-editor elementor-clearfix\">\n\t\t\t\t<h5><b>Suis-nous sur <u>instagram<\/u><\/b><\/h5>\t\t\t\t\t<\/div>\n\t\t\t\t\t\t<\/div>\n\t\t\t\t<\/div>\n\t\t\t\t\t\t<\/div>\n\t\t\t\t\t<\/div>\n\t\t<\/div>\n\t\t\t\t\t\t\t\t<\/div>\n\t\t\t\t\t<\/div>\n\t\t<\/section>\n\t\t\t\t\t\t<\/div>\n\t\t\t\t\t<\/div>\n\t\t<\/div>\n\t\t\t\t\t\t\t\t<\/div>\n\t\t\t\t\t<\/div>\n\t\t<\/section>\n\t\t\t\t\t\t<\/div>\n\t\t\t\t\t\t<\/div>\n\t\t\t\t\t<\/div>\n\t\t","protected":false},"excerpt":{"rendered":"<p>WORKSHOPS TH\u00c9MATIQUES D\u00e9couvre nos workshops th\u00e9matiques qui te permettront de faire des focus techniques, travailler des chor\u00e9graphies sur un format long et\/ou d\u00e9couvrir des nouvelles disciplines. Tous les dimanches R\u00e9servations \u00c9V\u00c9NEMENTS SP\u00c9CIAUX Jam de danse \u00e0 destination des personnes grosses Anim\u00e9e par M\u00e9lissa \/ Lissa Kay [ Dimanche 20 juillet de 12h15 \u00e0 14h15 ] [&hellip;]<\/p>\n","protected":false},"author":2,"featured_media":0,"parent":0,"menu_order":0,"comment_status":"closed","ping_status":"closed","template":"","meta":[],"yoast_head":"<!-- This site is optimized with the Yoast SEO plugin v18.3 - https:\/\/yoast.com\/wordpress\/plugins\/seo\/ -->\n<title>Workshops - Le Studio<\/title>\n<meta name=\"robots\" content=\"index, follow, max-snippet:-1, max-image-preview:large, max-video-preview:-1\" \/>\n<link rel=\"canonical\" href=\"https:\/\/www.brusselsartpole.be\/lestudio\/workshops\/\" \/>\n<meta property=\"og:locale\" content=\"fr_FR\" \/>\n<meta property=\"og:type\" content=\"article\" \/>\n<meta property=\"og:title\" content=\"Workshops - Le Studio\" \/>\n<meta property=\"og:description\" content=\"WORKSHOPS TH\u00c9MATIQUES D\u00e9couvre nos workshops th\u00e9matiques qui te permettront de faire des focus techniques, travailler des chor\u00e9graphies sur un format long et\/ou d\u00e9couvrir des nouvelles disciplines. Tous les dimanches R\u00e9servations \u00c9V\u00c9NEMENTS SP\u00c9CIAUX Jam de danse \u00e0 destination des personnes grosses Anim\u00e9e par M\u00e9lissa \/ Lissa Kay [ Dimanche 20 juillet de 12h15 \u00e0 14h15 ] [&hellip;]\" \/>\n<meta property=\"og:url\" content=\"https:\/\/www.brusselsartpole.be\/lestudio\/workshops\/\" \/>\n<meta property=\"og:site_name\" content=\"Le Studio\" \/>\n<meta property=\"article:modified_time\" content=\"2025-07-17T11:01:20+00:00\" \/>\n<meta property=\"og:image\" content=\"https:\/\/www.brusselsartpole.be\/lestudio\/wp-content\/uploads\/sites\/3\/2022\/04\/Logo_BAP_footer-1-150x150.png\" \/>\n<meta name=\"twitter:card\" content=\"summary_large_image\" \/>\n<meta name=\"twitter:label1\" content=\"Dur\u00e9e de lecture estim\u00e9e\" \/>\n\t<meta name=\"twitter:data1\" content=\"1 minute\" \/>\n<script type=\"application\/ld+json\" class=\"yoast-schema-graph\">{\"@context\":\"https:\/\/schema.org\",\"@graph\":[{\"@type\":\"WebSite\",\"@id\":\"https:\/\/www.brusselsartpole.be\/lestudio\/#website\",\"url\":\"https:\/\/www.brusselsartpole.be\/lestudio\/\",\"name\":\"Le Studio\",\"description\":\"Studio de danse pluridisciplinaire\",\"potentialAction\":[{\"@type\":\"SearchAction\",\"target\":{\"@type\":\"EntryPoint\",\"urlTemplate\":\"https:\/\/www.brusselsartpole.be\/lestudio\/?s={search_term_string}\"},\"query-input\":\"required name=search_term_string\"}],\"inLanguage\":\"fr-FR\"},{\"@type\":\"ImageObject\",\"@id\":\"https:\/\/www.brusselsartpole.be\/lestudio\/workshops\/#primaryimage\",\"inLanguage\":\"fr-FR\",\"url\":\"https:\/\/www.brusselsartpole.be\/lestudio\/wp-content\/uploads\/sites\/3\/2022\/04\/Logo_BAP_footer-1.png\",\"contentUrl\":\"https:\/\/www.brusselsartpole.be\/lestudio\/wp-content\/uploads\/sites\/3\/2022\/04\/Logo_BAP_footer-1.png\",\"width\":150,\"height\":150,\"caption\":\"BAP, brussels art school, Ecole de pole dance \u00e0 Brussels, Flex\"},{\"@type\":\"WebPage\",\"@id\":\"https:\/\/www.brusselsartpole.be\/lestudio\/workshops\/#webpage\",\"url\":\"https:\/\/www.brusselsartpole.be\/lestudio\/workshops\/\",\"name\":\"Workshops - Le Studio\",\"isPartOf\":{\"@id\":\"https:\/\/www.brusselsartpole.be\/lestudio\/#website\"},\"primaryImageOfPage\":{\"@id\":\"https:\/\/www.brusselsartpole.be\/lestudio\/workshops\/#primaryimage\"},\"datePublished\":\"2022-04-05T11:20:36+00:00\",\"dateModified\":\"2025-07-17T11:01:20+00:00\",\"breadcrumb\":{\"@id\":\"https:\/\/www.brusselsartpole.be\/lestudio\/workshops\/#breadcrumb\"},\"inLanguage\":\"fr-FR\",\"potentialAction\":[{\"@type\":\"ReadAction\",\"target\":[\"https:\/\/www.brusselsartpole.be\/lestudio\/workshops\/\"]}]},{\"@type\":\"BreadcrumbList\",\"@id\":\"https:\/\/www.brusselsartpole.be\/lestudio\/workshops\/#breadcrumb\",\"itemListElement\":[{\"@type\":\"ListItem\",\"position\":1,\"name\":\"Accueil\",\"item\":\"https:\/\/www.brusselsartpole.be\/lestudio\/\"},{\"@type\":\"ListItem\",\"position\":2,\"name\":\"Workshops\"}]}]}<\/script>\n<!-- \/ Yoast SEO plugin. -->","yoast_head_json":{"title":"Workshops - Le Studio","robots":{"index":"index","follow":"follow","max-snippet":"max-snippet:-1","max-image-preview":"max-image-preview:large","max-video-preview":"max-video-preview:-1"},"canonical":"https:\/\/www.brusselsartpole.be\/lestudio\/workshops\/","og_locale":"fr_FR","og_type":"article","og_title":"Workshops - Le Studio","og_description":"WORKSHOPS TH\u00c9MATIQUES D\u00e9couvre nos workshops th\u00e9matiques qui te permettront de faire des focus techniques, travailler des chor\u00e9graphies sur un format long et\/ou d\u00e9couvrir des nouvelles disciplines. Tous les dimanches R\u00e9servations \u00c9V\u00c9NEMENTS SP\u00c9CIAUX Jam de danse \u00e0 destination des personnes grosses Anim\u00e9e par M\u00e9lissa \/ Lissa Kay [ Dimanche 20 juillet de 12h15 \u00e0 14h15 ] [&hellip;]","og_url":"https:\/\/www.brusselsartpole.be\/lestudio\/workshops\/","og_site_name":"Le Studio","article_modified_time":"2025-07-17T11:01:20+00:00","og_image":[{"url":"https:\/\/www.brusselsartpole.be\/lestudio\/wp-content\/uploads\/sites\/3\/2022\/04\/Logo_BAP_footer-1-150x150.png"}],"twitter_card":"summary_large_image","twitter_misc":{"Dur\u00e9e de lecture estim\u00e9e":"1 minute"},"schema":{"@context":"https:\/\/schema.org","@graph":[{"@type":"WebSite","@id":"https:\/\/www.brusselsartpole.be\/lestudio\/#website","url":"https:\/\/www.brusselsartpole.be\/lestudio\/","name":"Le Studio","description":"Studio de danse pluridisciplinaire","potentialAction":[{"@type":"SearchAction","target":{"@type":"EntryPoint","urlTemplate":"https:\/\/www.brusselsartpole.be\/lestudio\/?s={search_term_string}"},"query-input":"required name=search_term_string"}],"inLanguage":"fr-FR"},{"@type":"ImageObject","@id":"https:\/\/www.brusselsartpole.be\/lestudio\/workshops\/#primaryimage","inLanguage":"fr-FR","url":"https:\/\/www.brusselsartpole.be\/lestudio\/wp-content\/uploads\/sites\/3\/2022\/04\/Logo_BAP_footer-1.png","contentUrl":"https:\/\/www.brusselsartpole.be\/lestudio\/wp-content\/uploads\/sites\/3\/2022\/04\/Logo_BAP_footer-1.png","width":150,"height":150,"caption":"BAP, brussels art school, Ecole de pole dance \u00e0 Brussels, Flex"},{"@type":"WebPage","@id":"https:\/\/www.brusselsartpole.be\/lestudio\/workshops\/#webpage","url":"https:\/\/www.brusselsartpole.be\/lestudio\/workshops\/","name":"Workshops - Le Studio","isPartOf":{"@id":"https:\/\/www.brusselsartpole.be\/lestudio\/#website"},"primaryImageOfPage":{"@id":"https:\/\/www.brusselsartpole.be\/lestudio\/workshops\/#primaryimage"},"datePublished":"2022-04-05T11:20:36+00:00","dateModified":"2025-07-17T11:01:20+00:00","breadcrumb":{"@id":"https:\/\/www.brusselsartpole.be\/lestudio\/workshops\/#breadcrumb"},"inLanguage":"fr-FR","potentialAction":[{"@type":"ReadAction","target":["https:\/\/www.brusselsartpole.be\/lestudio\/workshops\/"]}]},{"@type":"BreadcrumbList","@id":"https:\/\/www.brusselsartpole.be\/lestudio\/workshops\/#breadcrumb","itemListElement":[{"@type":"ListItem","position":1,"name":"Accueil","item":"https:\/\/www.brusselsartpole.be\/lestudio\/"},{"@type":"ListItem","position":2,"name":"Workshops"}]}]}},"_links":{"self":[{"href":"https:\/\/www.brusselsartpole.be\/lestudio\/wp-json\/wp\/v2\/pages\/13629"}],"collection":[{"href":"https:\/\/www.brusselsartpole.be\/lestudio\/wp-json\/wp\/v2\/pages"}],"about":[{"href":"https:\/\/www.brusselsartpole.be\/lestudio\/wp-json\/wp\/v2\/types\/page"}],"author":[{"embeddable":true,"href":"https:\/\/www.brusselsartpole.be\/lestudio\/wp-json\/wp\/v2\/users\/2"}],"replies":[{"embeddable":true,"href":"https:\/\/www.brusselsartpole.be\/lestudio\/wp-json\/wp\/v2\/comments?post=13629"}],"version-history":[{"count":480,"href":"https:\/\/www.brusselsartpole.be\/lestudio\/wp-json\/wp\/v2\/pages\/13629\/revisions"}],"predecessor-version":[{"id":19845,"href":"https:\/\/www.brusselsartpole.be\/lestudio\/wp-json\/wp\/v2\/pages\/13629\/revisions\/19845"}],"wp:attachment":[{"href":"https:\/\/www.brusselsartpole.be\/lestudio\/wp-json\/wp\/v2\/media?parent=13629"}],"curies":[{"name":"wp","href":"https:\/\/api.w.org\/{rel}","templated":true}]}}