{"id":4667,"date":"2025-01-21T15:56:14","date_gmt":"2025-01-21T14:56:14","guid":{"rendered":"https:\/\/www.brusselsartpole.be\/leboxon\/?page_id=4667"},"modified":"2025-01-21T16:20:02","modified_gmt":"2025-01-21T15:20:02","slug":"accessibilite","status":"publish","type":"page","link":"https:\/\/www.brusselsartpole.be\/leboxon\/accessibilite\/","title":{"rendered":"Accessibilit\u00e9"},"content":{"rendered":"\t\t<div data-elementor-type=\"wp-page\" data-elementor-id=\"4667\" class=\"elementor elementor-4667\" data-elementor-settings=\"[]\">\n\t\t\t\t\t\t\t<div class=\"elementor-section-wrap\">\n\t\t\t\t\t\t\t<section class=\"elementor-section elementor-top-section elementor-element elementor-element-6dee6c2 elementor-section-boxed elementor-section-height-default elementor-section-height-default qodef-elementor-content-no qodef-elementor-stretch-row-no qodef-elementor-overlay-no\" data-id=\"6dee6c2\" data-element_type=\"section\">\n\t\t\t\t\t\t<div class=\"elementor-container elementor-column-gap-default\">\n\t\t\t\t\t<div class=\"elementor-column elementor-col-100 elementor-top-column elementor-element elementor-element-73a6db3\" data-id=\"73a6db3\" data-element_type=\"column\">\n\t\t\t<div class=\"elementor-widget-wrap elementor-element-populated\">\n\t\t\t\t\t\t\t\t<div class=\"elementor-element elementor-element-b2e302f elementor-widget elementor-widget-spacer\" data-id=\"b2e302f\" data-element_type=\"widget\" data-widget_type=\"spacer.default\">\n\t\t\t\t<div class=\"elementor-widget-container\">\n\t\t\t\t\t<div class=\"elementor-spacer\">\n\t\t\t<div class=\"elementor-spacer-inner\"><\/div>\n\t\t<\/div>\n\t\t\t\t<\/div>\n\t\t\t\t<\/div>\n\t\t\t\t<div class=\"elementor-element elementor-element-17ed92a elementor-widget elementor-widget-heading\" data-id=\"17ed92a\" data-element_type=\"widget\" data-widget_type=\"heading.default\">\n\t\t\t\t<div class=\"elementor-widget-container\">\n\t\t\t<style>\/*! elementor - v3.5.0 - 12-12-2021 *\/\n.elementor-heading-title{padding:0;margin:0;line-height:1}.elementor-widget-heading .elementor-heading-title[class*=elementor-size-]>a{color:inherit;font-size:inherit;line-height:inherit}.elementor-widget-heading .elementor-heading-title.elementor-size-small{font-size:15px}.elementor-widget-heading .elementor-heading-title.elementor-size-medium{font-size:19px}.elementor-widget-heading .elementor-heading-title.elementor-size-large{font-size:29px}.elementor-widget-heading .elementor-heading-title.elementor-size-xl{font-size:39px}.elementor-widget-heading .elementor-heading-title.elementor-size-xxl{font-size:59px}<\/style><h2 class=\"elementor-heading-title elementor-size-default\">ACCESSIBILITE<\/h2>\t\t<\/div>\n\t\t\t\t<\/div>\n\t\t\t\t<div class=\"elementor-element elementor-element-fd04730 elementor-widget elementor-widget-heading\" data-id=\"fd04730\" data-element_type=\"widget\" data-widget_type=\"heading.default\">\n\t\t\t\t<div class=\"elementor-widget-container\">\n\t\t\t<p class=\"elementor-heading-title elementor-size-default\">La BAP est un espace que nous souhaitons safeR, \u00e0 la fois au sein de l'\u00e9quipe p\u00e9dagogique, de l'\u00e9quipe de gestion, des \u00e9l\u00e8ves, mais \u00e9galement du b\u00e2timent et du mat\u00e9riel, dans la mesure du possible.<br>\n\nL'accessibilit\u00e9 \u00e0 la BAP est en continuelle am\u00e9lioration, mais nous sommes conscient.e.s que nos moyens peuvent \u00eatre limit\u00e9s et qu'il n'est pas possible de rendre l'\u00e9cole 100% accessible et inclusive \u00e0 tous les niveaux.\n<br>\nD\u00e9couvrez ci-dessous certaines informations pouvant faciliter votre exp\u00e9rience \u00e0 la BAP, et n'h\u00e9sitez pas \u00e0 nous contacter par mail en cas de questions.<br>\n\nbrusselsartpole@gmail.com<br><\/p>\t\t<\/div>\n\t\t\t\t<\/div>\n\t\t\t\t<div class=\"elementor-element elementor-element-c0bdc16 elementor-widget elementor-widget-spacer\" data-id=\"c0bdc16\" data-element_type=\"widget\" data-widget_type=\"spacer.default\">\n\t\t\t\t<div class=\"elementor-widget-container\">\n\t\t\t\t\t<div class=\"elementor-spacer\">\n\t\t\t<div class=\"elementor-spacer-inner\"><\/div>\n\t\t<\/div>\n\t\t\t\t<\/div>\n\t\t\t\t<\/div>\n\t\t\t\t<div class=\"elementor-element elementor-element-a6f6ac3 elementor-widget elementor-widget-heading\" data-id=\"a6f6ac3\" data-element_type=\"widget\" data-widget_type=\"heading.default\">\n\t\t\t\t<div class=\"elementor-widget-container\">\n\t\t\t<h2 class=\"elementor-heading-title elementor-size-default\">TRANSPORTS ET BATIMENT<\/h2>\t\t<\/div>\n\t\t\t\t<\/div>\n\t\t\t\t<div class=\"elementor-element elementor-element-b57920f elementor-widget elementor-widget-text-editor\" data-id=\"b57920f\" data-element_type=\"widget\" data-widget_type=\"text-editor.default\">\n\t\t\t\t<div class=\"elementor-widget-container\">\n\t\t\t<style>\/*! elementor - v3.5.0 - 12-12-2021 *\/\n.elementor-widget-text-editor.elementor-drop-cap-view-stacked .elementor-drop-cap{background-color:#818a91;color:#fff}.elementor-widget-text-editor.elementor-drop-cap-view-framed .elementor-drop-cap{color:#818a91;border:3px solid;background-color:transparent}.elementor-widget-text-editor:not(.elementor-drop-cap-view-default) .elementor-drop-cap{margin-top:8px}.elementor-widget-text-editor:not(.elementor-drop-cap-view-default) .elementor-drop-cap-letter{width:1em;height:1em}.elementor-widget-text-editor .elementor-drop-cap{float:left;text-align:center;line-height:1;font-size:50px}.elementor-widget-text-editor .elementor-drop-cap-letter{display:inline-block}<\/style>\t\t\t\t<p><u>Venir \u00e0 la BAP<\/u><\/p><p>La BAP est accessible via les trams 51 (5mn de marche) et 82 (7mn de marche). Le trajet depuis les arr\u00eats les plus proches est plat, mais certains des trams 51 ont une entr\u00e9e tr\u00e8s \u00e9troite sans rampe d&rsquo;acc\u00e8s. L&rsquo;\u00e9cole est \u00e9galement situ\u00e9e \u00e0 15mn \u00e0 pieds de la station Comte de Flandre et 15mn \u00e0 pieds de Bourse.<\/p><p>\u00a0<\/p><p><u>Acc\u00e8s aux salles et toilettes<\/u><\/p><p>Le Boxon (salle 3) est situ\u00e9e au rez-de-chauss\u00e9e dans le hall avec quelques marches \u00e0 monter et l&rsquo;Altern\u00e9e (salle 4) est situ\u00e9e au premier \u00e9tage.\u00a0<\/p><p>Il y a deux toilettes assez grandes \u00e0 l&rsquo;entre-\u00e9tage entre le Boxon et l&rsquo;Altern\u00e9e, ainsi qu&rsquo;une toilette de taille classique et une salle de bain avec douche \u00e0 l&rsquo;Altern\u00e9e.\u00a0<\/p><p>Dans les prochains mois, nous pr\u00e9voyons d&rsquo; installer une rampe pour acc\u00e9der au Boxon.\u00a0<\/p>\t\t\t\t\t\t<\/div>\n\t\t\t\t<\/div>\n\t\t\t\t<div class=\"elementor-element elementor-element-7e2a86b elementor-widget elementor-widget-spacer\" data-id=\"7e2a86b\" data-element_type=\"widget\" data-widget_type=\"spacer.default\">\n\t\t\t\t<div class=\"elementor-widget-container\">\n\t\t\t\t\t<div class=\"elementor-spacer\">\n\t\t\t<div class=\"elementor-spacer-inner\"><\/div>\n\t\t<\/div>\n\t\t\t\t<\/div>\n\t\t\t\t<\/div>\n\t\t\t\t<div class=\"elementor-element elementor-element-6d51627 elementor-widget elementor-widget-image\" data-id=\"6d51627\" data-element_type=\"widget\" data-widget_type=\"image.default\">\n\t\t\t\t<div class=\"elementor-widget-container\">\n\t\t\t<style>\/*! elementor - v3.5.0 - 12-12-2021 *\/\n.elementor-widget-image{text-align:center}.elementor-widget-image a{display:inline-block}.elementor-widget-image a img[src$=\".svg\"]{width:48px}.elementor-widget-image img{vertical-align:middle;display:inline-block}<\/style>\t\t\t\t\t\t\t\t\t\t\t\t<img width=\"1024\" height=\"760\" src=\"https:\/\/www.brusselsartpole.be\/leboxon\/wp-content\/uploads\/sites\/4\/2025\/01\/plan-plexi-bap-1024x760.jpg\" class=\"attachment-large size-large\" alt=\"\" loading=\"lazy\" srcset=\"https:\/\/www.brusselsartpole.be\/leboxon\/wp-content\/uploads\/sites\/4\/2025\/01\/plan-plexi-bap-1024x760.jpg 1024w, https:\/\/www.brusselsartpole.be\/leboxon\/wp-content\/uploads\/sites\/4\/2025\/01\/plan-plexi-bap-300x223.jpg 300w, https:\/\/www.brusselsartpole.be\/leboxon\/wp-content\/uploads\/sites\/4\/2025\/01\/plan-plexi-bap-768x570.jpg 768w, https:\/\/www.brusselsartpole.be\/leboxon\/wp-content\/uploads\/sites\/4\/2025\/01\/plan-plexi-bap.jpg 1181w\" sizes=\"(max-width: 1024px) 100vw, 1024px\" \/>\t\t\t\t\t\t\t\t\t\t\t\t\t\t\t<\/div>\n\t\t\t\t<\/div>\n\t\t\t\t\t<\/div>\n\t\t<\/div>\n\t\t\t\t\t\t\t<\/div>\n\t\t<\/section>\n\t\t\t\t\t\t<\/div>\n\t\t\t\t\t<\/div>\n\t\t","protected":false},"excerpt":{"rendered":"<p>ACCESSIBILITE La BAP est un espace que nous souhaitons safeR, \u00e0 la fois au sein de l&rsquo;\u00e9quipe p\u00e9dagogique, de l&rsquo;\u00e9quipe de gestion, des \u00e9l\u00e8ves, mais \u00e9galement du b\u00e2timent et du [&hellip;]<\/p>\n","protected":false},"author":2,"featured_media":0,"parent":0,"menu_order":0,"comment_status":"closed","ping_status":"closed","template":"","meta":[],"yoast_head":"<!-- This site is optimized with the Yoast SEO plugin v18.3 - https:\/\/yoast.com\/wordpress\/plugins\/seo\/ -->\n<title>Accessibilit\u00e9 - Le Boxon<\/title>\n<meta name=\"robots\" content=\"index, follow, max-snippet:-1, max-image-preview:large, max-video-preview:-1\" \/>\n<link rel=\"canonical\" href=\"https:\/\/www.brusselsartpole.be\/leboxon\/accessibilite\/\" \/>\n<meta property=\"og:locale\" content=\"fr_FR\" \/>\n<meta property=\"og:type\" content=\"article\" \/>\n<meta property=\"og:title\" content=\"Accessibilit\u00e9 - Le Boxon\" \/>\n<meta property=\"og:description\" content=\"ACCESSIBILITE La BAP est un espace que nous souhaitons safeR, \u00e0 la fois au sein de l&rsquo;\u00e9quipe p\u00e9dagogique, de l&rsquo;\u00e9quipe de gestion, des \u00e9l\u00e8ves, mais \u00e9galement du b\u00e2timent et du [&hellip;]\" \/>\n<meta property=\"og:url\" content=\"https:\/\/www.brusselsartpole.be\/leboxon\/accessibilite\/\" \/>\n<meta property=\"og:site_name\" content=\"Le Boxon\" \/>\n<meta property=\"article:modified_time\" content=\"2025-01-21T15:20:02+00:00\" \/>\n<meta property=\"og:image\" content=\"https:\/\/www.brusselsartpole.be\/leboxon\/wp-content\/uploads\/sites\/4\/2025\/01\/plan-plexi-bap-1024x760.jpg\" \/>\n<meta name=\"twitter:card\" content=\"summary_large_image\" \/>\n<meta name=\"twitter:label1\" content=\"Dur\u00e9e de lecture estim\u00e9e\" \/>\n\t<meta name=\"twitter:data1\" content=\"2 minutes\" \/>\n<script type=\"application\/ld+json\" class=\"yoast-schema-graph\">{\"@context\":\"https:\/\/schema.org\",\"@graph\":[{\"@type\":\"WebSite\",\"@id\":\"https:\/\/www.brusselsartpole.be\/leboxon\/#website\",\"url\":\"https:\/\/www.brusselsartpole.be\/leboxon\/\",\"name\":\"Le Boxon\",\"description\":\"Boite \u00e0 questionnements, bordel d\u2019id\u00e9es, lieu culturel et de f\u00eate.\",\"potentialAction\":[{\"@type\":\"SearchAction\",\"target\":{\"@type\":\"EntryPoint\",\"urlTemplate\":\"https:\/\/www.brusselsartpole.be\/leboxon\/?s={search_term_string}\"},\"query-input\":\"required name=search_term_string\"}],\"inLanguage\":\"fr-FR\"},{\"@type\":\"ImageObject\",\"@id\":\"https:\/\/www.brusselsartpole.be\/leboxon\/accessibilite\/#primaryimage\",\"inLanguage\":\"fr-FR\",\"url\":\"https:\/\/www.brusselsartpole.be\/leboxon\/wp-content\/uploads\/sites\/4\/2025\/01\/plan-plexi-bap.jpg\",\"contentUrl\":\"https:\/\/www.brusselsartpole.be\/leboxon\/wp-content\/uploads\/sites\/4\/2025\/01\/plan-plexi-bap.jpg\",\"width\":1181,\"height\":877},{\"@type\":\"WebPage\",\"@id\":\"https:\/\/www.brusselsartpole.be\/leboxon\/accessibilite\/#webpage\",\"url\":\"https:\/\/www.brusselsartpole.be\/leboxon\/accessibilite\/\",\"name\":\"Accessibilit\u00e9 - Le Boxon\",\"isPartOf\":{\"@id\":\"https:\/\/www.brusselsartpole.be\/leboxon\/#website\"},\"primaryImageOfPage\":{\"@id\":\"https:\/\/www.brusselsartpole.be\/leboxon\/accessibilite\/#primaryimage\"},\"datePublished\":\"2025-01-21T14:56:14+00:00\",\"dateModified\":\"2025-01-21T15:20:02+00:00\",\"breadcrumb\":{\"@id\":\"https:\/\/www.brusselsartpole.be\/leboxon\/accessibilite\/#breadcrumb\"},\"inLanguage\":\"fr-FR\",\"potentialAction\":[{\"@type\":\"ReadAction\",\"target\":[\"https:\/\/www.brusselsartpole.be\/leboxon\/accessibilite\/\"]}]},{\"@type\":\"BreadcrumbList\",\"@id\":\"https:\/\/www.brusselsartpole.be\/leboxon\/accessibilite\/#breadcrumb\",\"itemListElement\":[{\"@type\":\"ListItem\",\"position\":1,\"name\":\"Accueil\",\"item\":\"https:\/\/www.brusselsartpole.be\/leboxon\/\"},{\"@type\":\"ListItem\",\"position\":2,\"name\":\"Accessibilit\u00e9\"}]}]}<\/script>\n<!-- \/ Yoast SEO plugin. -->","yoast_head_json":{"title":"Accessibilit\u00e9 - Le Boxon","robots":{"index":"index","follow":"follow","max-snippet":"max-snippet:-1","max-image-preview":"max-image-preview:large","max-video-preview":"max-video-preview:-1"},"canonical":"https:\/\/www.brusselsartpole.be\/leboxon\/accessibilite\/","og_locale":"fr_FR","og_type":"article","og_title":"Accessibilit\u00e9 - Le Boxon","og_description":"ACCESSIBILITE La BAP est un espace que nous souhaitons safeR, \u00e0 la fois au sein de l&rsquo;\u00e9quipe p\u00e9dagogique, de l&rsquo;\u00e9quipe de gestion, des \u00e9l\u00e8ves, mais \u00e9galement du b\u00e2timent et du [&hellip;]","og_url":"https:\/\/www.brusselsartpole.be\/leboxon\/accessibilite\/","og_site_name":"Le Boxon","article_modified_time":"2025-01-21T15:20:02+00:00","og_image":[{"url":"https:\/\/www.brusselsartpole.be\/leboxon\/wp-content\/uploads\/sites\/4\/2025\/01\/plan-plexi-bap-1024x760.jpg"}],"twitter_card":"summary_large_image","twitter_misc":{"Dur\u00e9e de lecture estim\u00e9e":"2 minutes"},"schema":{"@context":"https:\/\/schema.org","@graph":[{"@type":"WebSite","@id":"https:\/\/www.brusselsartpole.be\/leboxon\/#website","url":"https:\/\/www.brusselsartpole.be\/leboxon\/","name":"Le Boxon","description":"Boite \u00e0 questionnements, bordel d\u2019id\u00e9es, lieu culturel et de f\u00eate.","potentialAction":[{"@type":"SearchAction","target":{"@type":"EntryPoint","urlTemplate":"https:\/\/www.brusselsartpole.be\/leboxon\/?s={search_term_string}"},"query-input":"required name=search_term_string"}],"inLanguage":"fr-FR"},{"@type":"ImageObject","@id":"https:\/\/www.brusselsartpole.be\/leboxon\/accessibilite\/#primaryimage","inLanguage":"fr-FR","url":"https:\/\/www.brusselsartpole.be\/leboxon\/wp-content\/uploads\/sites\/4\/2025\/01\/plan-plexi-bap.jpg","contentUrl":"https:\/\/www.brusselsartpole.be\/leboxon\/wp-content\/uploads\/sites\/4\/2025\/01\/plan-plexi-bap.jpg","width":1181,"height":877},{"@type":"WebPage","@id":"https:\/\/www.brusselsartpole.be\/leboxon\/accessibilite\/#webpage","url":"https:\/\/www.brusselsartpole.be\/leboxon\/accessibilite\/","name":"Accessibilit\u00e9 - Le Boxon","isPartOf":{"@id":"https:\/\/www.brusselsartpole.be\/leboxon\/#website"},"primaryImageOfPage":{"@id":"https:\/\/www.brusselsartpole.be\/leboxon\/accessibilite\/#primaryimage"},"datePublished":"2025-01-21T14:56:14+00:00","dateModified":"2025-01-21T15:20:02+00:00","breadcrumb":{"@id":"https:\/\/www.brusselsartpole.be\/leboxon\/accessibilite\/#breadcrumb"},"inLanguage":"fr-FR","potentialAction":[{"@type":"ReadAction","target":["https:\/\/www.brusselsartpole.be\/leboxon\/accessibilite\/"]}]},{"@type":"BreadcrumbList","@id":"https:\/\/www.brusselsartpole.be\/leboxon\/accessibilite\/#breadcrumb","itemListElement":[{"@type":"ListItem","position":1,"name":"Accueil","item":"https:\/\/www.brusselsartpole.be\/leboxon\/"},{"@type":"ListItem","position":2,"name":"Accessibilit\u00e9"}]}]}},"_links":{"self":[{"href":"https:\/\/www.brusselsartpole.be\/leboxon\/wp-json\/wp\/v2\/pages\/4667"}],"collection":[{"href":"https:\/\/www.brusselsartpole.be\/leboxon\/wp-json\/wp\/v2\/pages"}],"about":[{"href":"https:\/\/www.brusselsartpole.be\/leboxon\/wp-json\/wp\/v2\/types\/page"}],"author":[{"embeddable":true,"href":"https:\/\/www.brusselsartpole.be\/leboxon\/wp-json\/wp\/v2\/users\/2"}],"replies":[{"embeddable":true,"href":"https:\/\/www.brusselsartpole.be\/leboxon\/wp-json\/wp\/v2\/comments?post=4667"}],"version-history":[{"count":8,"href":"https:\/\/www.brusselsartpole.be\/leboxon\/wp-json\/wp\/v2\/pages\/4667\/revisions"}],"predecessor-version":[{"id":4677,"href":"https:\/\/www.brusselsartpole.be\/leboxon\/wp-json\/wp\/v2\/pages\/4667\/revisions\/4677"}],"wp:attachment":[{"href":"https:\/\/www.brusselsartpole.be\/leboxon\/wp-json\/wp\/v2\/media?parent=4667"}],"curies":[{"name":"wp","href":"https:\/\/api.w.org\/{rel}","templated":true}]}}