{"id":1914,"date":"2022-08-29T14:51:31","date_gmt":"2022-08-29T12:51:31","guid":{"rendered":"https:\/\/www.brusselsartpole.be\/leboxon\/?page_id=1914"},"modified":"2025-07-15T17:20:22","modified_gmt":"2025-07-15T15:20:22","slug":"notre-charte","status":"publish","type":"page","link":"https:\/\/www.brusselsartpole.be\/leboxon\/notre-charte\/","title":{"rendered":"Notre charte"},"content":{"rendered":"\t\t<div data-elementor-type=\"wp-page\" data-elementor-id=\"1914\" class=\"elementor elementor-1914\" data-elementor-settings=\"[]\">\n\t\t\t\t\t\t\t<div class=\"elementor-section-wrap\">\n\t\t\t\t\t\t\t<section class=\"elementor-section elementor-top-section elementor-element elementor-element-8f755ae elementor-section-height-min-height elementor-section-boxed elementor-section-height-default elementor-section-items-middle qodef-elementor-content-no qodef-elementor-stretch-row-no qodef-elementor-overlay-no\" data-id=\"8f755ae\" data-element_type=\"section\">\n\t\t\t\t\t\t<div class=\"elementor-container elementor-column-gap-default\">\n\t\t\t\t\t<div class=\"elementor-column elementor-col-100 elementor-top-column elementor-element elementor-element-67c169a\" data-id=\"67c169a\" data-element_type=\"column\">\n\t\t\t<div class=\"elementor-widget-wrap elementor-element-populated\">\n\t\t\t\t\t\t\t\t<div class=\"elementor-element elementor-element-fb3f182 elementor-widget elementor-widget-heading\" data-id=\"fb3f182\" data-element_type=\"widget\" data-widget_type=\"heading.default\">\n\t\t\t\t<div class=\"elementor-widget-container\">\n\t\t\t<style>\/*! elementor - v3.5.0 - 12-12-2021 *\/\n.elementor-heading-title{padding:0;margin:0;line-height:1}.elementor-widget-heading .elementor-heading-title[class*=elementor-size-]>a{color:inherit;font-size:inherit;line-height:inherit}.elementor-widget-heading .elementor-heading-title.elementor-size-small{font-size:15px}.elementor-widget-heading .elementor-heading-title.elementor-size-medium{font-size:19px}.elementor-widget-heading .elementor-heading-title.elementor-size-large{font-size:29px}.elementor-widget-heading .elementor-heading-title.elementor-size-xl{font-size:39px}.elementor-widget-heading .elementor-heading-title.elementor-size-xxl{font-size:59px}<\/style><h2 class=\"elementor-heading-title elementor-size-default\">Notre charte<\/h2>\t\t<\/div>\n\t\t\t\t<\/div>\n\t\t\t\t<div class=\"elementor-element elementor-element-6763acc elementor-widget elementor-widget-text-editor\" data-id=\"6763acc\" data-element_type=\"widget\" data-widget_type=\"text-editor.default\">\n\t\t\t\t<div class=\"elementor-widget-container\">\n\t\t\t<style>\/*! elementor - v3.5.0 - 12-12-2021 *\/\n.elementor-widget-text-editor.elementor-drop-cap-view-stacked .elementor-drop-cap{background-color:#818a91;color:#fff}.elementor-widget-text-editor.elementor-drop-cap-view-framed .elementor-drop-cap{color:#818a91;border:3px solid;background-color:transparent}.elementor-widget-text-editor:not(.elementor-drop-cap-view-default) .elementor-drop-cap{margin-top:8px}.elementor-widget-text-editor:not(.elementor-drop-cap-view-default) .elementor-drop-cap-letter{width:1em;height:1em}.elementor-widget-text-editor .elementor-drop-cap{float:left;text-align:center;line-height:1;font-size:50px}.elementor-widget-text-editor .elementor-drop-cap-letter{display:inline-block}<\/style>\t\t\t\t<p><strong><span style=\"color: #ffffff;\">Pour<\/span><span style=\"color: #ffffff;\"> participer \u00e0 une de nos activit\u00e9s, nous vous demandons\u00a0de comprendre et de respecter cette charte.<\/span><\/strong><\/p>\t\t\t\t\t\t<\/div>\n\t\t\t\t<\/div>\n\t\t\t\t<div class=\"elementor-element elementor-element-574c1d3 elementor-widget elementor-widget-spacer\" data-id=\"574c1d3\" data-element_type=\"widget\" data-widget_type=\"spacer.default\">\n\t\t\t\t<div class=\"elementor-widget-container\">\n\t\t\t\t\t<div class=\"elementor-spacer\">\n\t\t\t<div class=\"elementor-spacer-inner\"><\/div>\n\t\t<\/div>\n\t\t\t\t<\/div>\n\t\t\t\t<\/div>\n\t\t\t\t<div class=\"elementor-element elementor-element-ff0d90e elementor-widget elementor-widget-text-editor\" data-id=\"ff0d90e\" data-element_type=\"widget\" data-widget_type=\"text-editor.default\">\n\t\t\t\t<div class=\"elementor-widget-container\">\n\t\t\t\t\t\t\t<p><span style=\"color: #ffffff;\">Tol\u00e9rance, \u00e9coute, communication, bienveillance et respect sont les bases du civisme attendues au sein du Boxon.<\/span><\/p><p>\u00a0<\/p><p><span style=\"color: #ffffff;\">Aucun comportement oppressif (sexiste, raciste, toute\u00a0attaque envers le spectre LGBTQIA+, grossophobe, etc&#8230;) ne sera tol\u00e9r\u00e9 et les\u00a0intervenant.es et organisateurices se r\u00e9servent le droit d&rsquo;exclure toute\u00a0personne pr\u00e9sentant des comportements inappropri\u00e9s.<\/span><\/p><p>\u00a0<\/p><p><span style=\"color: #ffffff;\">Nous \u00e9couterons et consid\u00e9rerons la parole des victimes,\u00a0ferons m\u00e9diation en cas de n\u00e9cessit\u00e9.<\/span><\/p><p>\u00a0<\/p><p><span style=\"color: #ffffff;\">Toute action r\u00e9alis\u00e9e dans nos espaces doit respecter le\u00a0consentement <strong>R\u00c9ELS<\/strong>.<\/span><\/p><p><span style=\"color: #ffffff;\"><strong><u>R<\/u><\/strong>\u00e9versible : on peut toujours changer d\u2019id\u00e9e et d\u2019avis.<\/span><\/p><p><span style=\"color: #ffffff;\"><strong><u>E<\/u><\/strong>clair\u00e9 : Action, personne, endroit, moment, intention\u2026 On s\u2019assure que tout le monde a compris.<\/span><\/p><p><span style=\"color: #ffffff;\"><strong><u>E<\/u><\/strong>nthousiaste : \u00ab Oh oui !! \u00bb ou \u00ab J\u2019veux trop essayer \u00e7a! \u00bb<\/span><\/p><p><span style=\"color: #ffffff;\"><strong><u>L<\/u><\/strong>ibre : Sans intoxication, pression, manipulation.<\/span><\/p><p><span style=\"color: #ffffff;\"><strong><u>S<\/u><\/strong>p\u00e9cifique : Le OUI n\u2019est valide que pour la question pos\u00e9e.<\/span><\/p><p>\u00a0<\/p><p><span style=\"color: #ffffff;\">Nous demandons respect et valorisation des personnes et du\u00a0travail des travailleureuses du sexe.<\/span><\/p><p>\u00a0<\/p><p><span style=\"color: #ffffff;\">Nous pr\u00f4nons le principe de libert\u00e9 non pas comme synonyme\u00a0de chaos mais bien comme \u00e9tant le champ des possibles excluant simplement\u00a0l\u2019exploitation de l\u2019autre et en en appelant \u00e0 la responsabilit\u00e9 individuelle.<\/span><\/p><p>\u00a0<\/p><p><span style=\"color: #ffffff;\">En somme, respect, \u00e9coute, autogestion, confiance et\u00a0autonomie.u<\/span><\/p>\t\t\t\t\t\t<\/div>\n\t\t\t\t<\/div>\n\t\t\t\t<div class=\"elementor-element elementor-element-d55ee19 elementor-widget elementor-widget-spacer\" data-id=\"d55ee19\" data-element_type=\"widget\" data-widget_type=\"spacer.default\">\n\t\t\t\t<div class=\"elementor-widget-container\">\n\t\t\t\t\t<div class=\"elementor-spacer\">\n\t\t\t<div class=\"elementor-spacer-inner\"><\/div>\n\t\t<\/div>\n\t\t\t\t<\/div>\n\t\t\t\t<\/div>\n\t\t\t\t\t<\/div>\n\t\t<\/div>\n\t\t\t\t\t\t\t<\/div>\n\t\t<\/section>\n\t\t\t\t<section class=\"elementor-section elementor-top-section elementor-element elementor-element-5872f5b7 elementor-section-full_width elementor-section-stretched elementor-section-height-default elementor-section-height-default qodef-elementor-content-no qodef-elementor-stretch-row-no qodef-elementor-overlay-no\" data-id=\"5872f5b7\" data-element_type=\"section\" data-settings=\"{&quot;stretch_section&quot;:&quot;section-stretched&quot;,&quot;background_background&quot;:&quot;classic&quot;}\">\n\t\t\t\t\t\t<div class=\"elementor-container elementor-column-gap-default\">\n\t\t\t\t\t<div class=\"elementor-column elementor-col-25 elementor-top-column elementor-element elementor-element-5710a7cd\" data-id=\"5710a7cd\" data-element_type=\"column\">\n\t\t\t<div class=\"elementor-widget-wrap elementor-element-populated\">\n\t\t\t\t\t\t\t\t<div class=\"elementor-element elementor-element-3a96c334 elementor-widget elementor-widget-image\" data-id=\"3a96c334\" data-element_type=\"widget\" data-widget_type=\"image.default\">\n\t\t\t\t<div class=\"elementor-widget-container\">\n\t\t\t<style>\/*! elementor - v3.5.0 - 12-12-2021 *\/\n.elementor-widget-image{text-align:center}.elementor-widget-image a{display:inline-block}.elementor-widget-image a img[src$=\".svg\"]{width:48px}.elementor-widget-image img{vertical-align:middle;display:inline-block}<\/style>\t\t\t\t\t\t\t\t\t\t\t\t<img width=\"150\" height=\"150\" src=\"https:\/\/www.brusselsartpole.be\/leboxon\/wp-content\/uploads\/sites\/4\/2022\/04\/Logo_BAP-blanc-150x150.png\" class=\"attachment-thumbnail size-thumbnail\" alt=\"BAP, Brussels art pole, Bruxelles, Le boxon\" loading=\"lazy\" \/>\t\t\t\t\t\t\t\t\t\t\t\t\t\t\t<\/div>\n\t\t\t\t<\/div>\n\t\t\t\t\t<\/div>\n\t\t<\/div>\n\t\t\t\t<div class=\"elementor-column elementor-col-50 elementor-top-column elementor-element elementor-element-1d7b664a\" data-id=\"1d7b664a\" data-element_type=\"column\">\n\t\t\t<div class=\"elementor-widget-wrap elementor-element-populated\">\n\t\t\t\t\t\t\t\t<div class=\"elementor-element elementor-element-56160dc0 elementor-widget elementor-widget-spacer\" data-id=\"56160dc0\" data-element_type=\"widget\" data-widget_type=\"spacer.default\">\n\t\t\t\t<div class=\"elementor-widget-container\">\n\t\t\t\t\t<div class=\"elementor-spacer\">\n\t\t\t<div class=\"elementor-spacer-inner\"><\/div>\n\t\t<\/div>\n\t\t\t\t<\/div>\n\t\t\t\t<\/div>\n\t\t\t\t<div class=\"elementor-element elementor-element-1dfcab7d elementor-widget elementor-widget-text-editor\" data-id=\"1dfcab7d\" data-element_type=\"widget\" data-widget_type=\"text-editor.default\">\n\t\t\t\t<div class=\"elementor-widget-container\">\n\t\t\t\t\t\t\t<p style=\"text-align: center;\"><span style=\"color: #ffffff;\">Boulevard Barthelemy 20<\/span><\/p><p style=\"text-align: center;\"><span style=\"color: #ffffff;\">1000 Bruxelles<\/span><\/p><p style=\"text-align: center;\"><a href=\"mailto:brusselsartpole@gmail.com\"><span style=\"color: #ffffff;\">brusselsartpole@gmail.com<\/span><\/a><\/p>\t\t\t\t\t\t<\/div>\n\t\t\t\t<\/div>\n\t\t\t\t<div class=\"elementor-element elementor-element-74af16ff elementor-widget elementor-widget-spacer\" data-id=\"74af16ff\" data-element_type=\"widget\" data-widget_type=\"spacer.default\">\n\t\t\t\t<div class=\"elementor-widget-container\">\n\t\t\t\t\t<div class=\"elementor-spacer\">\n\t\t\t<div class=\"elementor-spacer-inner\"><\/div>\n\t\t<\/div>\n\t\t\t\t<\/div>\n\t\t\t\t<\/div>\n\t\t\t\t\t<\/div>\n\t\t<\/div>\n\t\t\t\t<div class=\"elementor-column elementor-col-25 elementor-top-column elementor-element elementor-element-46e82dda\" data-id=\"46e82dda\" data-element_type=\"column\">\n\t\t\t<div class=\"elementor-widget-wrap elementor-element-populated\">\n\t\t\t\t\t\t\t\t<div class=\"elementor-element elementor-element-46173ca6 elementor-widget elementor-widget-spacer\" data-id=\"46173ca6\" data-element_type=\"widget\" data-widget_type=\"spacer.default\">\n\t\t\t\t<div class=\"elementor-widget-container\">\n\t\t\t\t\t<div class=\"elementor-spacer\">\n\t\t\t<div class=\"elementor-spacer-inner\"><\/div>\n\t\t<\/div>\n\t\t\t\t<\/div>\n\t\t\t\t<\/div>\n\t\t\t\t<div class=\"elementor-element elementor-element-6518e06e elementor-widget elementor-widget-qi_addons_for_elementor_button\" data-id=\"6518e06e\" data-element_type=\"widget\" data-widget_type=\"qi_addons_for_elementor_button.default\">\n\t\t\t\t<div class=\"elementor-widget-container\">\n\t\t\t<a class=\"qodef-shortcode qodef-m  qodef-qi-button qodef-html--link qodef-layout--textual    qodef-icon--right qodef-hover--icon-move-horizontal-short     \" href=\"https:\/\/www.instagram.com\/boxon_alternee\/%20\" target=\"_self\">\n\t<span class=\"qodef-m-text\">Suis-nous sur Instagram<\/span>\n\t\t<span class=\"qodef-m-icon \">\n\t\t<span class=\"qodef-m-icon-inner\">\n\t\t\t<i aria-hidden=\"true\" class=\"fas fa-arrow-right\"><\/i>\t\t\t\t\t<\/span>\n\t<\/span>\n<\/a>\n\t\t<\/div>\n\t\t\t\t<\/div>\n\t\t\t\t<div class=\"elementor-element elementor-element-74207f72 elementor-widget elementor-widget-spacer\" data-id=\"74207f72\" data-element_type=\"widget\" data-widget_type=\"spacer.default\">\n\t\t\t\t<div class=\"elementor-widget-container\">\n\t\t\t\t\t<div class=\"elementor-spacer\">\n\t\t\t<div class=\"elementor-spacer-inner\"><\/div>\n\t\t<\/div>\n\t\t\t\t<\/div>\n\t\t\t\t<\/div>\n\t\t\t\t<div class=\"elementor-element elementor-element-5cb6c6c9 elementor-widget elementor-widget-qi_addons_for_elementor_button\" data-id=\"5cb6c6c9\" data-element_type=\"widget\" data-widget_type=\"qi_addons_for_elementor_button.default\">\n\t\t\t\t<div class=\"elementor-widget-container\">\n\t\t\t<a class=\"qodef-shortcode qodef-m  qodef-qi-button qodef-html--link qodef-layout--textual    qodef-icon--right qodef-hover--icon-move-horizontal-short     \" href=\"\" target=\"_self\">\n\t<span class=\"qodef-m-text\">Mentions l\u00e9gales<\/span>\n\t<\/a>\n\t\t<\/div>\n\t\t\t\t<\/div>\n\t\t\t\t<div class=\"elementor-element elementor-element-3390dc elementor-widget elementor-widget-qi_addons_for_elementor_button\" data-id=\"3390dc\" data-element_type=\"widget\" data-widget_type=\"qi_addons_for_elementor_button.default\">\n\t\t\t\t<div class=\"elementor-widget-container\">\n\t\t\t<a class=\"qodef-shortcode qodef-m  qodef-qi-button qodef-html--link qodef-layout--textual    qodef-icon--right qodef-hover--icon-move-horizontal-short     \" href=\"\" target=\"_self\">\n\t<span class=\"qodef-m-text\">Politique de confidentialit\u00e9s<\/span>\n\t<\/a>\n\t\t<\/div>\n\t\t\t\t<\/div>\n\t\t\t\t\t<\/div>\n\t\t<\/div>\n\t\t\t\t\t\t\t<\/div>\n\t\t<\/section>\n\t\t\t\t\t\t<\/div>\n\t\t\t\t\t<\/div>\n\t\t","protected":false},"excerpt":{"rendered":"<p>Notre charte Pour participer \u00e0 une de nos activit\u00e9s, nous vous demandons\u00a0de comprendre et de respecter cette charte. Tol\u00e9rance, \u00e9coute, communication, bienveillance et respect sont les bases du civisme attendues [&hellip;]<\/p>\n","protected":false},"author":2,"featured_media":0,"parent":0,"menu_order":0,"comment_status":"closed","ping_status":"closed","template":"","meta":[],"yoast_head":"<!-- This site is optimized with the Yoast SEO plugin v18.3 - https:\/\/yoast.com\/wordpress\/plugins\/seo\/ -->\n<title>Notre Charte - Le Boxon<\/title>\n<meta name=\"robots\" content=\"index, follow, max-snippet:-1, max-image-preview:large, max-video-preview:-1\" \/>\n<link rel=\"canonical\" href=\"https:\/\/www.brusselsartpole.be\/leboxon\/notre-charte\/\" \/>\n<meta property=\"og:locale\" content=\"fr_FR\" \/>\n<meta property=\"og:type\" content=\"article\" \/>\n<meta property=\"og:title\" content=\"Notre Charte - Le Boxon\" \/>\n<meta property=\"og:description\" content=\"Notre charte Pour participer \u00e0 une de nos activit\u00e9s, nous vous demandons\u00a0de comprendre et de respecter cette charte. Tol\u00e9rance, \u00e9coute, communication, bienveillance et respect sont les bases du civisme attendues [&hellip;]\" \/>\n<meta property=\"og:url\" content=\"https:\/\/www.brusselsartpole.be\/leboxon\/notre-charte\/\" \/>\n<meta property=\"og:site_name\" content=\"Le Boxon\" \/>\n<meta property=\"article:modified_time\" content=\"2025-07-15T15:20:22+00:00\" \/>\n<meta property=\"og:image\" content=\"https:\/\/www.brusselsartpole.be\/leboxon\/wp-content\/uploads\/sites\/4\/2022\/04\/Logo_BAP-blanc-150x150.png\" \/>\n<meta name=\"twitter:card\" content=\"summary_large_image\" \/>\n<meta name=\"twitter:label1\" content=\"Dur\u00e9e de lecture estim\u00e9e\" \/>\n\t<meta name=\"twitter:data1\" content=\"2 minutes\" \/>\n<script type=\"application\/ld+json\" class=\"yoast-schema-graph\">{\"@context\":\"https:\/\/schema.org\",\"@graph\":[{\"@type\":\"WebSite\",\"@id\":\"https:\/\/www.brusselsartpole.be\/leboxon\/#website\",\"url\":\"https:\/\/www.brusselsartpole.be\/leboxon\/\",\"name\":\"Le Boxon\",\"description\":\"Boite \u00e0 questionnements, bordel d\u2019id\u00e9es, lieu culturel et de f\u00eate.\",\"potentialAction\":[{\"@type\":\"SearchAction\",\"target\":{\"@type\":\"EntryPoint\",\"urlTemplate\":\"https:\/\/www.brusselsartpole.be\/leboxon\/?s={search_term_string}\"},\"query-input\":\"required name=search_term_string\"}],\"inLanguage\":\"fr-FR\"},{\"@type\":\"ImageObject\",\"@id\":\"https:\/\/www.brusselsartpole.be\/leboxon\/notre-charte\/#primaryimage\",\"inLanguage\":\"fr-FR\",\"url\":\"https:\/\/www.brusselsartpole.be\/leboxon\/wp-content\/uploads\/sites\/4\/2022\/04\/Logo_BAP-blanc.png\",\"contentUrl\":\"https:\/\/www.brusselsartpole.be\/leboxon\/wp-content\/uploads\/sites\/4\/2022\/04\/Logo_BAP-blanc.png\",\"width\":201,\"height\":181,\"caption\":\"BAP, Brussels art pole, Bruxelles, Le boxon\"},{\"@type\":\"WebPage\",\"@id\":\"https:\/\/www.brusselsartpole.be\/leboxon\/notre-charte\/#webpage\",\"url\":\"https:\/\/www.brusselsartpole.be\/leboxon\/notre-charte\/\",\"name\":\"Notre Charte - Le Boxon\",\"isPartOf\":{\"@id\":\"https:\/\/www.brusselsartpole.be\/leboxon\/#website\"},\"primaryImageOfPage\":{\"@id\":\"https:\/\/www.brusselsartpole.be\/leboxon\/notre-charte\/#primaryimage\"},\"datePublished\":\"2022-08-29T12:51:31+00:00\",\"dateModified\":\"2025-07-15T15:20:22+00:00\",\"breadcrumb\":{\"@id\":\"https:\/\/www.brusselsartpole.be\/leboxon\/notre-charte\/#breadcrumb\"},\"inLanguage\":\"fr-FR\",\"potentialAction\":[{\"@type\":\"ReadAction\",\"target\":[\"https:\/\/www.brusselsartpole.be\/leboxon\/notre-charte\/\"]}]},{\"@type\":\"BreadcrumbList\",\"@id\":\"https:\/\/www.brusselsartpole.be\/leboxon\/notre-charte\/#breadcrumb\",\"itemListElement\":[{\"@type\":\"ListItem\",\"position\":1,\"name\":\"Accueil\",\"item\":\"https:\/\/www.brusselsartpole.be\/leboxon\/\"},{\"@type\":\"ListItem\",\"position\":2,\"name\":\"Notre charte\"}]}]}<\/script>\n<!-- \/ Yoast SEO plugin. -->","yoast_head_json":{"title":"Notre Charte - Le Boxon","robots":{"index":"index","follow":"follow","max-snippet":"max-snippet:-1","max-image-preview":"max-image-preview:large","max-video-preview":"max-video-preview:-1"},"canonical":"https:\/\/www.brusselsartpole.be\/leboxon\/notre-charte\/","og_locale":"fr_FR","og_type":"article","og_title":"Notre Charte - Le Boxon","og_description":"Notre charte Pour participer \u00e0 une de nos activit\u00e9s, nous vous demandons\u00a0de comprendre et de respecter cette charte. Tol\u00e9rance, \u00e9coute, communication, bienveillance et respect sont les bases du civisme attendues [&hellip;]","og_url":"https:\/\/www.brusselsartpole.be\/leboxon\/notre-charte\/","og_site_name":"Le Boxon","article_modified_time":"2025-07-15T15:20:22+00:00","og_image":[{"url":"https:\/\/www.brusselsartpole.be\/leboxon\/wp-content\/uploads\/sites\/4\/2022\/04\/Logo_BAP-blanc-150x150.png"}],"twitter_card":"summary_large_image","twitter_misc":{"Dur\u00e9e de lecture estim\u00e9e":"2 minutes"},"schema":{"@context":"https:\/\/schema.org","@graph":[{"@type":"WebSite","@id":"https:\/\/www.brusselsartpole.be\/leboxon\/#website","url":"https:\/\/www.brusselsartpole.be\/leboxon\/","name":"Le Boxon","description":"Boite \u00e0 questionnements, bordel d\u2019id\u00e9es, lieu culturel et de f\u00eate.","potentialAction":[{"@type":"SearchAction","target":{"@type":"EntryPoint","urlTemplate":"https:\/\/www.brusselsartpole.be\/leboxon\/?s={search_term_string}"},"query-input":"required name=search_term_string"}],"inLanguage":"fr-FR"},{"@type":"ImageObject","@id":"https:\/\/www.brusselsartpole.be\/leboxon\/notre-charte\/#primaryimage","inLanguage":"fr-FR","url":"https:\/\/www.brusselsartpole.be\/leboxon\/wp-content\/uploads\/sites\/4\/2022\/04\/Logo_BAP-blanc.png","contentUrl":"https:\/\/www.brusselsartpole.be\/leboxon\/wp-content\/uploads\/sites\/4\/2022\/04\/Logo_BAP-blanc.png","width":201,"height":181,"caption":"BAP, Brussels art pole, Bruxelles, Le boxon"},{"@type":"WebPage","@id":"https:\/\/www.brusselsartpole.be\/leboxon\/notre-charte\/#webpage","url":"https:\/\/www.brusselsartpole.be\/leboxon\/notre-charte\/","name":"Notre Charte - Le Boxon","isPartOf":{"@id":"https:\/\/www.brusselsartpole.be\/leboxon\/#website"},"primaryImageOfPage":{"@id":"https:\/\/www.brusselsartpole.be\/leboxon\/notre-charte\/#primaryimage"},"datePublished":"2022-08-29T12:51:31+00:00","dateModified":"2025-07-15T15:20:22+00:00","breadcrumb":{"@id":"https:\/\/www.brusselsartpole.be\/leboxon\/notre-charte\/#breadcrumb"},"inLanguage":"fr-FR","potentialAction":[{"@type":"ReadAction","target":["https:\/\/www.brusselsartpole.be\/leboxon\/notre-charte\/"]}]},{"@type":"BreadcrumbList","@id":"https:\/\/www.brusselsartpole.be\/leboxon\/notre-charte\/#breadcrumb","itemListElement":[{"@type":"ListItem","position":1,"name":"Accueil","item":"https:\/\/www.brusselsartpole.be\/leboxon\/"},{"@type":"ListItem","position":2,"name":"Notre charte"}]}]}},"_links":{"self":[{"href":"https:\/\/www.brusselsartpole.be\/leboxon\/wp-json\/wp\/v2\/pages\/1914"}],"collection":[{"href":"https:\/\/www.brusselsartpole.be\/leboxon\/wp-json\/wp\/v2\/pages"}],"about":[{"href":"https:\/\/www.brusselsartpole.be\/leboxon\/wp-json\/wp\/v2\/types\/page"}],"author":[{"embeddable":true,"href":"https:\/\/www.brusselsartpole.be\/leboxon\/wp-json\/wp\/v2\/users\/2"}],"replies":[{"embeddable":true,"href":"https:\/\/www.brusselsartpole.be\/leboxon\/wp-json\/wp\/v2\/comments?post=1914"}],"version-history":[{"count":81,"href":"https:\/\/www.brusselsartpole.be\/leboxon\/wp-json\/wp\/v2\/pages\/1914\/revisions"}],"predecessor-version":[{"id":5041,"href":"https:\/\/www.brusselsartpole.be\/leboxon\/wp-json\/wp\/v2\/pages\/1914\/revisions\/5041"}],"wp:attachment":[{"href":"https:\/\/www.brusselsartpole.be\/leboxon\/wp-json\/wp\/v2\/media?parent=1914"}],"curies":[{"name":"wp","href":"https:\/\/api.w.org\/{rel}","templated":true}]}}