{"id":1711,"date":"2022-04-14T13:36:49","date_gmt":"2022-04-14T11:36:49","guid":{"rendered":"https:\/\/www.brusselsartpole.be\/leboxon\/?page_id=1711"},"modified":"2022-09-30T10:41:08","modified_gmt":"2022-09-30T08:41:08","slug":"strip-club-meufx","status":"publish","type":"page","link":"https:\/\/www.brusselsartpole.be\/leboxon\/strip-club-meufx\/","title":{"rendered":"Strip Club MEUF.X"},"content":{"rendered":"\t\t<div data-elementor-type=\"wp-page\" data-elementor-id=\"1711\" class=\"elementor elementor-1711\" data-elementor-settings=\"[]\">\n\t\t\t\t\t\t\t<div class=\"elementor-section-wrap\">\n\t\t\t\t\t\t\t<section class=\"elementor-section elementor-top-section elementor-element elementor-element-db2bd66 elementor-section-boxed elementor-section-height-default elementor-section-height-default qodef-elementor-content-no qodef-elementor-stretch-row-no qodef-elementor-overlay-no\" data-id=\"db2bd66\" data-element_type=\"section\">\n\t\t\t\t\t\t<div class=\"elementor-container elementor-column-gap-default\">\n\t\t\t\t\t<div class=\"elementor-column elementor-col-100 elementor-top-column elementor-element elementor-element-969ea20\" data-id=\"969ea20\" data-element_type=\"column\">\n\t\t\t<div class=\"elementor-widget-wrap elementor-element-populated\">\n\t\t\t\t\t\t\t\t<div class=\"elementor-element elementor-element-a00a885 elementor-widget elementor-widget-spacer\" data-id=\"a00a885\" data-element_type=\"widget\" data-widget_type=\"spacer.default\">\n\t\t\t\t<div class=\"elementor-widget-container\">\n\t\t\t\t\t<div class=\"elementor-spacer\">\n\t\t\t<div class=\"elementor-spacer-inner\"><\/div>\n\t\t<\/div>\n\t\t\t\t<\/div>\n\t\t\t\t<\/div>\n\t\t\t\t\t<\/div>\n\t\t<\/div>\n\t\t\t\t\t\t\t<\/div>\n\t\t<\/section>\n\t\t\t\t<section class=\"elementor-section elementor-top-section elementor-element elementor-element-8f1e8a8 elementor-section-full_width elementor-section-stretched elementor-section-height-default elementor-section-height-default qodef-elementor-content-no qodef-elementor-stretch-row-no qodef-elementor-overlay-no\" data-id=\"8f1e8a8\" data-element_type=\"section\" data-settings=\"{&quot;stretch_section&quot;:&quot;section-stretched&quot;,&quot;background_background&quot;:&quot;classic&quot;}\">\n\t\t\t\t\t\t<div class=\"elementor-container elementor-column-gap-default\">\n\t\t\t\t\t<div class=\"elementor-column elementor-col-50 elementor-top-column elementor-element elementor-element-493088b\" data-id=\"493088b\" data-element_type=\"column\">\n\t\t\t<div class=\"elementor-widget-wrap elementor-element-populated\">\n\t\t\t\t\t\t\t\t<div class=\"elementor-element elementor-element-564d896 elementor-widget elementor-widget-heading\" data-id=\"564d896\" data-element_type=\"widget\" data-widget_type=\"heading.default\">\n\t\t\t\t<div class=\"elementor-widget-container\">\n\t\t\t<style>\/*! elementor - v3.5.0 - 12-12-2021 *\/\n.elementor-heading-title{padding:0;margin:0;line-height:1}.elementor-widget-heading .elementor-heading-title[class*=elementor-size-]>a{color:inherit;font-size:inherit;line-height:inherit}.elementor-widget-heading .elementor-heading-title.elementor-size-small{font-size:15px}.elementor-widget-heading .elementor-heading-title.elementor-size-medium{font-size:19px}.elementor-widget-heading .elementor-heading-title.elementor-size-large{font-size:29px}.elementor-widget-heading .elementor-heading-title.elementor-size-xl{font-size:39px}.elementor-widget-heading .elementor-heading-title.elementor-size-xxl{font-size:59px}<\/style><h2 class=\"elementor-heading-title elementor-size-default\">MEUF.X<\/h2>\t\t<\/div>\n\t\t\t\t<\/div>\n\t\t\t\t<div class=\"elementor-element elementor-element-10ff4db elementor-widget elementor-widget-text-editor\" data-id=\"10ff4db\" data-element_type=\"widget\" data-widget_type=\"text-editor.default\">\n\t\t\t\t<div class=\"elementor-widget-container\">\n\t\t\t<style>\/*! elementor - v3.5.0 - 12-12-2021 *\/\n.elementor-widget-text-editor.elementor-drop-cap-view-stacked .elementor-drop-cap{background-color:#818a91;color:#fff}.elementor-widget-text-editor.elementor-drop-cap-view-framed .elementor-drop-cap{color:#818a91;border:3px solid;background-color:transparent}.elementor-widget-text-editor:not(.elementor-drop-cap-view-default) .elementor-drop-cap{margin-top:8px}.elementor-widget-text-editor:not(.elementor-drop-cap-view-default) .elementor-drop-cap-letter{width:1em;height:1em}.elementor-widget-text-editor .elementor-drop-cap{float:left;text-align:center;line-height:1;font-size:50px}.elementor-widget-text-editor .elementor-drop-cap-letter{display:inline-block}<\/style>\t\t\t\t<p><span style=\"color: #ffffff;\">Strip Club anarchiste \u00e0 l&rsquo;\u00e9conomie alternative.<\/span><\/p>\t\t\t\t\t\t<\/div>\n\t\t\t\t<\/div>\n\t\t\t\t<div class=\"elementor-element elementor-element-1bc44e3 elementor-widget elementor-widget-text-editor\" data-id=\"1bc44e3\" data-element_type=\"widget\" data-widget_type=\"text-editor.default\">\n\t\t\t\t<div class=\"elementor-widget-container\">\n\t\t\t\t\t\t\t<p>Un espace pour danser, d\u00e9sirer, \u00e9changer. Sans hommes cishet.<\/p><p>\u00a0<\/p><p>Con\u00e7u et perform\u00e9 par <strong>$asha Bunz, Maria Felix, Jessy Dolls, Ana Lien, Dgin de Marbre, Butchibou et Ang\u00e8le Virago.<\/strong><\/p><p>Egalement perform\u00e9 par <strong>Liv Octopussy, Violette Licoeur, Mother Max, Glossy Girl<\/strong> et d&rsquo;autres performeureuses invit\u00e9.e.s.<\/p><p>\u00a0<\/p><p>[ Trois espaces accessibles tout au long de la soir\u00e9e ]<\/p><ul><li><span style=\"text-decoration: underline;\">Le Boxon<\/span>: Teuf sur safe floor assur\u00e9e par djette et strip<\/li><li><span style=\"text-decoration: underline;\">L&rsquo;Altern\u00e9e<\/span>: Th\u00e9\u00e2tre senxual, performances \u00e9rotiques et sexuelles<\/li><li><span style=\"text-decoration: underline;\">Les Pussy Boxes<\/span>: Deals \u00e9rotiques \u00e0 discuter avec les performeureuses\u00a0<\/li><\/ul>\t\t\t\t\t\t<\/div>\n\t\t\t\t<\/div>\n\t\t\t\t<section class=\"elementor-section elementor-inner-section elementor-element elementor-element-8ea7e13 elementor-section-boxed elementor-section-height-default elementor-section-height-default qodef-elementor-content-no qodef-elementor-stretch-row-no qodef-elementor-overlay-no\" data-id=\"8ea7e13\" data-element_type=\"section\">\n\t\t\t\t\t\t<div class=\"elementor-container elementor-column-gap-default\">\n\t\t\t\t\t<div class=\"elementor-column elementor-col-100 elementor-inner-column elementor-element elementor-element-f22ba97\" data-id=\"f22ba97\" data-element_type=\"column\">\n\t\t\t<div class=\"elementor-widget-wrap elementor-element-populated\">\n\t\t\t\t\t\t\t\t<div class=\"elementor-element elementor-element-e989e41 elementor-widget elementor-widget-image\" data-id=\"e989e41\" data-element_type=\"widget\" data-widget_type=\"image.default\">\n\t\t\t\t<div class=\"elementor-widget-container\">\n\t\t\t<style>\/*! elementor - v3.5.0 - 12-12-2021 *\/\n.elementor-widget-image{text-align:center}.elementor-widget-image a{display:inline-block}.elementor-widget-image a img[src$=\".svg\"]{width:48px}.elementor-widget-image img{vertical-align:middle;display:inline-block}<\/style>\t\t\t\t\t\t\t\t\t\t\t\t<img width=\"667\" height=\"1006\" src=\"https:\/\/www.brusselsartpole.be\/leboxon\/wp-content\/uploads\/sites\/4\/2022\/09\/Capture-decran-2022-09-09-130506.jpg\" class=\"attachment-large size-large\" alt=\"\" loading=\"lazy\" srcset=\"https:\/\/www.brusselsartpole.be\/leboxon\/wp-content\/uploads\/sites\/4\/2022\/09\/Capture-decran-2022-09-09-130506.jpg 667w, https:\/\/www.brusselsartpole.be\/leboxon\/wp-content\/uploads\/sites\/4\/2022\/09\/Capture-decran-2022-09-09-130506-199x300.jpg 199w\" sizes=\"(max-width: 667px) 100vw, 667px\" \/>\t\t\t\t\t\t\t\t\t\t\t\t\t\t\t<\/div>\n\t\t\t\t<\/div>\n\t\t\t\t\t<\/div>\n\t\t<\/div>\n\t\t\t\t\t\t\t<\/div>\n\t\t<\/section>\n\t\t\t\t\t<\/div>\n\t\t<\/div>\n\t\t\t\t<div class=\"elementor-column elementor-col-50 elementor-top-column elementor-element elementor-element-5e7d354\" data-id=\"5e7d354\" data-element_type=\"column\">\n\t\t\t<div class=\"elementor-widget-wrap elementor-element-populated\">\n\t\t\t\t\t\t\t\t<section class=\"elementor-section elementor-inner-section elementor-element elementor-element-e51fb61 elementor-section-boxed elementor-section-height-default elementor-section-height-default qodef-elementor-content-no qodef-elementor-stretch-row-no qodef-elementor-overlay-no\" data-id=\"e51fb61\" data-element_type=\"section\">\n\t\t\t\t\t\t<div class=\"elementor-container elementor-column-gap-default\">\n\t\t\t\t\t<div class=\"elementor-column elementor-col-50 elementor-inner-column elementor-element elementor-element-c43cda1\" data-id=\"c43cda1\" data-element_type=\"column\">\n\t\t\t<div class=\"elementor-widget-wrap\">\n\t\t\t\t\t\t\t\t\t<\/div>\n\t\t<\/div>\n\t\t\t\t<div class=\"elementor-column elementor-col-50 elementor-inner-column elementor-element elementor-element-d68ddfe\" data-id=\"d68ddfe\" data-element_type=\"column\">\n\t\t\t<div class=\"elementor-widget-wrap\">\n\t\t\t\t\t\t\t\t\t<\/div>\n\t\t<\/div>\n\t\t\t\t\t\t\t<\/div>\n\t\t<\/section>\n\t\t\t\t<div class=\"elementor-element elementor-element-65003ee elementor-widget elementor-widget-image\" data-id=\"65003ee\" data-element_type=\"widget\" data-widget_type=\"image.default\">\n\t\t\t\t<div class=\"elementor-widget-container\">\n\t\t\t\t\t\t\t\t\t\t\t\t\t\t\t<img width=\"664\" height=\"1005\" src=\"https:\/\/www.brusselsartpole.be\/leboxon\/wp-content\/uploads\/sites\/4\/2022\/09\/C117A0183.jpg\" class=\"attachment-medium_large size-medium_large\" alt=\"\" loading=\"lazy\" srcset=\"https:\/\/www.brusselsartpole.be\/leboxon\/wp-content\/uploads\/sites\/4\/2022\/09\/C117A0183.jpg 664w, https:\/\/www.brusselsartpole.be\/leboxon\/wp-content\/uploads\/sites\/4\/2022\/09\/C117A0183-198x300.jpg 198w\" sizes=\"(max-width: 664px) 100vw, 664px\" \/>\t\t\t\t\t\t\t\t\t\t\t\t\t\t\t<\/div>\n\t\t\t\t<\/div>\n\t\t\t\t<div class=\"elementor-element elementor-element-f533765 elementor-widget elementor-widget-spacer\" data-id=\"f533765\" data-element_type=\"widget\" data-widget_type=\"spacer.default\">\n\t\t\t\t<div class=\"elementor-widget-container\">\n\t\t\t\t\t<div class=\"elementor-spacer\">\n\t\t\t<div class=\"elementor-spacer-inner\"><\/div>\n\t\t<\/div>\n\t\t\t\t<\/div>\n\t\t\t\t<\/div>\n\t\t\t\t<div class=\"elementor-element elementor-element-f425126 elementor-widget elementor-widget-text-editor\" data-id=\"f425126\" data-element_type=\"widget\" data-widget_type=\"text-editor.default\">\n\t\t\t\t<div class=\"elementor-widget-container\">\n\t\t\t\t\t\t\t<p>Tu as droit \u00e0 21 billets LICK (lire d&rsquo;interaction consentie et kinky) pour les utiliser en tips, avec la possibilit\u00e9 d&rsquo;en racheter sur place si tu souhaites conclure des deals \u00e9rotiques.<\/p>\n<p><br><\/p>\n<p><\/p>\n<p>Niveau sapes, fais toi plaiz. Seule limite: garder un bas de sous-v\u00eatement.<\/p>\n<p><br><\/p>\n<p><\/p>\n<p>Angels pr\u00e9sent.e.s tout au long de la soir\u00e9e afin d&rsquo;assurer notre s\u00e9curit\u00e9 \u00e0 toustes.<\/p>\n<p><br><\/p>\n<p><\/p>\n<p>Nous te demandons de lire notre <strong>charte<\/strong> et de ne venir \u00e0 la soir\u00e9e que si tu en acceptes les termes.<\/p>\n<p><br><\/p>\n<p><\/p>\n<p><strong><em>Libert\u00e9, \u00e9galit\u00e9, adelphit\u00e9. Le kiffe sans la flippe.&nbsp;<\/em><\/strong><\/p>\n<p><br><\/p>\t\t\t\t\t\t<\/div>\n\t\t\t\t<\/div>\n\t\t\t\t<div class=\"elementor-element elementor-element-5eed464 elementor-widget elementor-widget-qi_addons_for_elementor_button\" data-id=\"5eed464\" data-element_type=\"widget\" data-widget_type=\"qi_addons_for_elementor_button.default\">\n\t\t\t\t<div class=\"elementor-widget-container\">\n\t\t\t<a class=\"qodef-shortcode qodef-m  qodef-qi-button qodef-html--link qodef-layout--textual    qodef-icon--right qodef-hover--icon-move-horizontal-short     \" href=\"https:\/\/my.weezevent.com\/strip-club-meufx\" target=\"_self\">\n\t<span class=\"qodef-m-text\">R\u00e9servations<\/span>\n\t\t<span class=\"qodef-m-icon \">\n\t\t<span class=\"qodef-m-icon-inner\">\n\t\t\t<i aria-hidden=\"true\" class=\"fas fa-arrow-right\"><\/i>\t\t\t\t\t<\/span>\n\t<\/span>\n<\/a>\n\t\t<\/div>\n\t\t\t\t<\/div>\n\t\t\t\t\t<\/div>\n\t\t<\/div>\n\t\t\t\t\t\t\t<\/div>\n\t\t<\/section>\n\t\t\t\t<section class=\"elementor-section elementor-top-section elementor-element elementor-element-7dd5202f elementor-section-full_width elementor-section-stretched elementor-section-height-default elementor-section-height-default qodef-elementor-content-no qodef-elementor-stretch-row-no qodef-elementor-overlay-no\" data-id=\"7dd5202f\" data-element_type=\"section\" data-settings=\"{&quot;stretch_section&quot;:&quot;section-stretched&quot;,&quot;background_background&quot;:&quot;classic&quot;}\">\n\t\t\t\t\t\t<div class=\"elementor-container elementor-column-gap-default\">\n\t\t\t\t\t<div class=\"elementor-column elementor-col-25 elementor-top-column elementor-element elementor-element-367fec7c\" data-id=\"367fec7c\" data-element_type=\"column\">\n\t\t\t<div class=\"elementor-widget-wrap elementor-element-populated\">\n\t\t\t\t\t\t\t\t<div class=\"elementor-element elementor-element-3cb89880 elementor-widget elementor-widget-image\" data-id=\"3cb89880\" data-element_type=\"widget\" data-widget_type=\"image.default\">\n\t\t\t\t<div class=\"elementor-widget-container\">\n\t\t\t\t\t\t\t\t\t\t\t\t\t\t\t<img width=\"150\" height=\"150\" src=\"https:\/\/www.brusselsartpole.be\/leboxon\/wp-content\/uploads\/sites\/4\/2022\/04\/Logo_BAP-blanc-150x150.png\" class=\"attachment-thumbnail size-thumbnail\" alt=\"BAP, Brussels art pole, Bruxelles, Le boxon\" loading=\"lazy\" \/>\t\t\t\t\t\t\t\t\t\t\t\t\t\t\t<\/div>\n\t\t\t\t<\/div>\n\t\t\t\t<div class=\"elementor-element elementor-element-7e21a6ce elementor-widget elementor-widget-text-editor\" data-id=\"7e21a6ce\" data-element_type=\"widget\" data-widget_type=\"text-editor.default\">\n\t\t\t\t<div class=\"elementor-widget-container\">\n\t\t\t\t\t\t\t<p style=\"font-size: 17px; text-align: left;\"><span style=\"color: #ffffff;\">Boulevard Barthelemy 20<\/span><\/p><p style=\"font-size: 17px; text-align: left;\"><span style=\"color: #ffffff;\">1000 Bruxelles<\/span><\/p><p style=\"font-size: 17px; text-align: left;\"><a href=\"mailto:brusselsartpole@gmail.com\"><span style=\"color: #ffffff;\">brusselsartpole@gmail.com<\/span><\/a><\/p>\t\t\t\t\t\t<\/div>\n\t\t\t\t<\/div>\n\t\t\t\t\t<\/div>\n\t\t<\/div>\n\t\t\t\t<div class=\"elementor-column elementor-col-50 elementor-top-column elementor-element elementor-element-1d1ef25f\" data-id=\"1d1ef25f\" data-element_type=\"column\">\n\t\t\t<div class=\"elementor-widget-wrap\">\n\t\t\t\t\t\t\t\t\t<\/div>\n\t\t<\/div>\n\t\t\t\t<div class=\"elementor-column elementor-col-25 elementor-top-column elementor-element elementor-element-3026f61e\" data-id=\"3026f61e\" data-element_type=\"column\">\n\t\t\t<div class=\"elementor-widget-wrap elementor-element-populated\">\n\t\t\t\t\t\t\t\t<div class=\"elementor-element elementor-element-70d3eb5 elementor-widget elementor-widget-spacer\" data-id=\"70d3eb5\" data-element_type=\"widget\" data-widget_type=\"spacer.default\">\n\t\t\t\t<div class=\"elementor-widget-container\">\n\t\t\t\t\t<div class=\"elementor-spacer\">\n\t\t\t<div class=\"elementor-spacer-inner\"><\/div>\n\t\t<\/div>\n\t\t\t\t<\/div>\n\t\t\t\t<\/div>\n\t\t\t\t<div class=\"elementor-element elementor-element-6097b7c0 elementor-widget elementor-widget-qi_addons_for_elementor_button\" data-id=\"6097b7c0\" data-element_type=\"widget\" data-widget_type=\"qi_addons_for_elementor_button.default\">\n\t\t\t\t<div class=\"elementor-widget-container\">\n\t\t\t<a class=\"qodef-shortcode qodef-m  qodef-qi-button qodef-html--link qodef-layout--textual    qodef-icon--right qodef-hover--icon-move-horizontal-short     \" href=\"https:\/\/www.instagram.com\/brusselsartpole\/\" target=\"_self\">\n\t<span class=\"qodef-m-text\">Suis-nous sur instagram<\/span>\n\t\t<span class=\"qodef-m-icon \">\n\t\t<span class=\"qodef-m-icon-inner\">\n\t\t\t<i aria-hidden=\"true\" class=\"fas fa-arrow-right\"><\/i>\t\t\t\t\t<\/span>\n\t<\/span>\n<\/a>\n\t\t<\/div>\n\t\t\t\t<\/div>\n\t\t\t\t<div class=\"elementor-element elementor-element-1c3ef556 elementor-widget elementor-widget-qi_addons_for_elementor_button\" data-id=\"1c3ef556\" data-element_type=\"widget\" data-widget_type=\"qi_addons_for_elementor_button.default\">\n\t\t\t\t<div class=\"elementor-widget-container\">\n\t\t\t<a class=\"qodef-shortcode qodef-m  qodef-qi-button qodef-html--link qodef-layout--textual    qodef-icon--right qodef-hover--icon-move-horizontal-short     \" href=\"https:\/\/www.brusselsartpole.be\/leboxon\/mentions-legales\" target=\"_self\">\n\t<span class=\"qodef-m-text\">Mentions l\u00e9gales<\/span>\n\t<\/a>\n\t\t<\/div>\n\t\t\t\t<\/div>\n\t\t\t\t<div class=\"elementor-element elementor-element-2f6f0b34 elementor-widget elementor-widget-qi_addons_for_elementor_button\" data-id=\"2f6f0b34\" data-element_type=\"widget\" data-widget_type=\"qi_addons_for_elementor_button.default\">\n\t\t\t\t<div class=\"elementor-widget-container\">\n\t\t\t<a class=\"qodef-shortcode qodef-m  qodef-qi-button qodef-html--link qodef-layout--textual    qodef-icon--right qodef-hover--icon-move-horizontal-short     \" href=\"https:\/\/www.brusselsartpole.be\/leboxon\/politique-de-confidentialite\/\" target=\"_self\">\n\t<span class=\"qodef-m-text\">Politique de confidentialit\u00e9s<\/span>\n\t<\/a>\n\t\t<\/div>\n\t\t\t\t<\/div>\n\t\t\t\t\t<\/div>\n\t\t<\/div>\n\t\t\t\t\t\t\t<\/div>\n\t\t<\/section>\n\t\t\t\t\t\t<\/div>\n\t\t\t\t\t<\/div>\n\t\t","protected":false},"excerpt":{"rendered":"<p>MEUF.X Strip Club anarchiste \u00e0 l&rsquo;\u00e9conomie alternative. Un espace pour danser, d\u00e9sirer, \u00e9changer. Sans hommes cishet. \u00a0 Con\u00e7u et perform\u00e9 par $asha Bunz, Maria Felix, Jessy Dolls, Ana Lien, Dgin [&hellip;]<\/p>\n","protected":false},"author":2,"featured_media":0,"parent":0,"menu_order":0,"comment_status":"closed","ping_status":"closed","template":"","meta":[],"yoast_head":"<!-- This site is optimized with the Yoast SEO plugin v18.3 - https:\/\/yoast.com\/wordpress\/plugins\/seo\/ -->\n<title>Strip Club MEUF.X - Le Boxon<\/title>\n<meta name=\"description\" content=\"Crash Test est un cabaret prototype, un espace d\u2019expression queer pour des performeureuses qui d\u00e9sirent exp\u00e9rimenter un tout nouveau num\u00e9ro, inventer des horizons, gribouiller des imaginaires, s&#039;essayer \u00e0 l&#039;esquisse. Le tout accompagn\u00e9 par un duo de Marraine &amp; Pamarrain et d&#039;un public bienveillant.\" \/>\n<meta name=\"robots\" content=\"index, follow, max-snippet:-1, max-image-preview:large, max-video-preview:-1\" \/>\n<link rel=\"canonical\" href=\"https:\/\/www.brusselsartpole.be\/leboxon\/strip-club-meufx\/\" \/>\n<meta property=\"og:locale\" content=\"fr_FR\" \/>\n<meta property=\"og:type\" content=\"article\" \/>\n<meta property=\"og:title\" content=\"Strip Club MEUF.X - Le Boxon\" \/>\n<meta property=\"og:description\" content=\"Crash Test est un cabaret prototype, un espace d\u2019expression queer pour des performeureuses qui d\u00e9sirent exp\u00e9rimenter un tout nouveau num\u00e9ro, inventer des horizons, gribouiller des imaginaires, s&#039;essayer \u00e0 l&#039;esquisse. Le tout accompagn\u00e9 par un duo de Marraine &amp; Pamarrain et d&#039;un public bienveillant.\" \/>\n<meta property=\"og:url\" content=\"https:\/\/www.brusselsartpole.be\/leboxon\/strip-club-meufx\/\" \/>\n<meta property=\"og:site_name\" content=\"Le Boxon\" \/>\n<meta property=\"article:modified_time\" content=\"2022-09-30T08:41:08+00:00\" \/>\n<meta property=\"og:image\" content=\"https:\/\/www.brusselsartpole.be\/leboxon\/wp-content\/uploads\/sites\/4\/2022\/09\/Capture-decran-2022-09-09-130506.jpg\" \/>\n<meta name=\"twitter:card\" content=\"summary_large_image\" \/>\n<meta name=\"twitter:label1\" content=\"Dur\u00e9e de lecture estim\u00e9e\" \/>\n\t<meta name=\"twitter:data1\" content=\"2 minutes\" \/>\n<script type=\"application\/ld+json\" class=\"yoast-schema-graph\">{\"@context\":\"https:\/\/schema.org\",\"@graph\":[{\"@type\":\"WebSite\",\"@id\":\"https:\/\/www.brusselsartpole.be\/leboxon\/#website\",\"url\":\"https:\/\/www.brusselsartpole.be\/leboxon\/\",\"name\":\"Le Boxon\",\"description\":\"Boite \u00e0 questionnements, bordel d\u2019id\u00e9es, lieu culturel et de f\u00eate.\",\"potentialAction\":[{\"@type\":\"SearchAction\",\"target\":{\"@type\":\"EntryPoint\",\"urlTemplate\":\"https:\/\/www.brusselsartpole.be\/leboxon\/?s={search_term_string}\"},\"query-input\":\"required name=search_term_string\"}],\"inLanguage\":\"fr-FR\"},{\"@type\":\"ImageObject\",\"@id\":\"https:\/\/www.brusselsartpole.be\/leboxon\/strip-club-meufx\/#primaryimage\",\"inLanguage\":\"fr-FR\",\"url\":\"https:\/\/www.brusselsartpole.be\/leboxon\/wp-content\/uploads\/sites\/4\/2022\/09\/Capture-decran-2022-09-09-130506.jpg\",\"contentUrl\":\"https:\/\/www.brusselsartpole.be\/leboxon\/wp-content\/uploads\/sites\/4\/2022\/09\/Capture-decran-2022-09-09-130506.jpg\",\"width\":667,\"height\":1006},{\"@type\":\"WebPage\",\"@id\":\"https:\/\/www.brusselsartpole.be\/leboxon\/strip-club-meufx\/#webpage\",\"url\":\"https:\/\/www.brusselsartpole.be\/leboxon\/strip-club-meufx\/\",\"name\":\"Strip Club MEUF.X - Le Boxon\",\"isPartOf\":{\"@id\":\"https:\/\/www.brusselsartpole.be\/leboxon\/#website\"},\"primaryImageOfPage\":{\"@id\":\"https:\/\/www.brusselsartpole.be\/leboxon\/strip-club-meufx\/#primaryimage\"},\"datePublished\":\"2022-04-14T11:36:49+00:00\",\"dateModified\":\"2022-09-30T08:41:08+00:00\",\"description\":\"Crash Test est un cabaret prototype, un espace d\u2019expression queer pour des performeureuses qui d\u00e9sirent exp\u00e9rimenter un tout nouveau num\u00e9ro, inventer des horizons, gribouiller des imaginaires, s'essayer \u00e0 l'esquisse. Le tout accompagn\u00e9 par un duo de Marraine & Pamarrain et d'un public bienveillant.\",\"breadcrumb\":{\"@id\":\"https:\/\/www.brusselsartpole.be\/leboxon\/strip-club-meufx\/#breadcrumb\"},\"inLanguage\":\"fr-FR\",\"potentialAction\":[{\"@type\":\"ReadAction\",\"target\":[\"https:\/\/www.brusselsartpole.be\/leboxon\/strip-club-meufx\/\"]}]},{\"@type\":\"BreadcrumbList\",\"@id\":\"https:\/\/www.brusselsartpole.be\/leboxon\/strip-club-meufx\/#breadcrumb\",\"itemListElement\":[{\"@type\":\"ListItem\",\"position\":1,\"name\":\"Accueil\",\"item\":\"https:\/\/www.brusselsartpole.be\/leboxon\/\"},{\"@type\":\"ListItem\",\"position\":2,\"name\":\"Strip Club MEUF.X\"}]}]}<\/script>\n<!-- \/ Yoast SEO plugin. -->","yoast_head_json":{"title":"Strip Club MEUF.X - Le Boxon","description":"Crash Test est un cabaret prototype, un espace d\u2019expression queer pour des performeureuses qui d\u00e9sirent exp\u00e9rimenter un tout nouveau num\u00e9ro, inventer des horizons, gribouiller des imaginaires, s'essayer \u00e0 l'esquisse. Le tout accompagn\u00e9 par un duo de Marraine & Pamarrain et d'un public bienveillant.","robots":{"index":"index","follow":"follow","max-snippet":"max-snippet:-1","max-image-preview":"max-image-preview:large","max-video-preview":"max-video-preview:-1"},"canonical":"https:\/\/www.brusselsartpole.be\/leboxon\/strip-club-meufx\/","og_locale":"fr_FR","og_type":"article","og_title":"Strip Club MEUF.X - Le Boxon","og_description":"Crash Test est un cabaret prototype, un espace d\u2019expression queer pour des performeureuses qui d\u00e9sirent exp\u00e9rimenter un tout nouveau num\u00e9ro, inventer des horizons, gribouiller des imaginaires, s'essayer \u00e0 l'esquisse. Le tout accompagn\u00e9 par un duo de Marraine & Pamarrain et d'un public bienveillant.","og_url":"https:\/\/www.brusselsartpole.be\/leboxon\/strip-club-meufx\/","og_site_name":"Le Boxon","article_modified_time":"2022-09-30T08:41:08+00:00","og_image":[{"url":"https:\/\/www.brusselsartpole.be\/leboxon\/wp-content\/uploads\/sites\/4\/2022\/09\/Capture-decran-2022-09-09-130506.jpg"}],"twitter_card":"summary_large_image","twitter_misc":{"Dur\u00e9e de lecture estim\u00e9e":"2 minutes"},"schema":{"@context":"https:\/\/schema.org","@graph":[{"@type":"WebSite","@id":"https:\/\/www.brusselsartpole.be\/leboxon\/#website","url":"https:\/\/www.brusselsartpole.be\/leboxon\/","name":"Le Boxon","description":"Boite \u00e0 questionnements, bordel d\u2019id\u00e9es, lieu culturel et de f\u00eate.","potentialAction":[{"@type":"SearchAction","target":{"@type":"EntryPoint","urlTemplate":"https:\/\/www.brusselsartpole.be\/leboxon\/?s={search_term_string}"},"query-input":"required name=search_term_string"}],"inLanguage":"fr-FR"},{"@type":"ImageObject","@id":"https:\/\/www.brusselsartpole.be\/leboxon\/strip-club-meufx\/#primaryimage","inLanguage":"fr-FR","url":"https:\/\/www.brusselsartpole.be\/leboxon\/wp-content\/uploads\/sites\/4\/2022\/09\/Capture-decran-2022-09-09-130506.jpg","contentUrl":"https:\/\/www.brusselsartpole.be\/leboxon\/wp-content\/uploads\/sites\/4\/2022\/09\/Capture-decran-2022-09-09-130506.jpg","width":667,"height":1006},{"@type":"WebPage","@id":"https:\/\/www.brusselsartpole.be\/leboxon\/strip-club-meufx\/#webpage","url":"https:\/\/www.brusselsartpole.be\/leboxon\/strip-club-meufx\/","name":"Strip Club MEUF.X - Le Boxon","isPartOf":{"@id":"https:\/\/www.brusselsartpole.be\/leboxon\/#website"},"primaryImageOfPage":{"@id":"https:\/\/www.brusselsartpole.be\/leboxon\/strip-club-meufx\/#primaryimage"},"datePublished":"2022-04-14T11:36:49+00:00","dateModified":"2022-09-30T08:41:08+00:00","description":"Crash Test est un cabaret prototype, un espace d\u2019expression queer pour des performeureuses qui d\u00e9sirent exp\u00e9rimenter un tout nouveau num\u00e9ro, inventer des horizons, gribouiller des imaginaires, s'essayer \u00e0 l'esquisse. Le tout accompagn\u00e9 par un duo de Marraine & Pamarrain et d'un public bienveillant.","breadcrumb":{"@id":"https:\/\/www.brusselsartpole.be\/leboxon\/strip-club-meufx\/#breadcrumb"},"inLanguage":"fr-FR","potentialAction":[{"@type":"ReadAction","target":["https:\/\/www.brusselsartpole.be\/leboxon\/strip-club-meufx\/"]}]},{"@type":"BreadcrumbList","@id":"https:\/\/www.brusselsartpole.be\/leboxon\/strip-club-meufx\/#breadcrumb","itemListElement":[{"@type":"ListItem","position":1,"name":"Accueil","item":"https:\/\/www.brusselsartpole.be\/leboxon\/"},{"@type":"ListItem","position":2,"name":"Strip Club MEUF.X"}]}]}},"_links":{"self":[{"href":"https:\/\/www.brusselsartpole.be\/leboxon\/wp-json\/wp\/v2\/pages\/1711"}],"collection":[{"href":"https:\/\/www.brusselsartpole.be\/leboxon\/wp-json\/wp\/v2\/pages"}],"about":[{"href":"https:\/\/www.brusselsartpole.be\/leboxon\/wp-json\/wp\/v2\/types\/page"}],"author":[{"embeddable":true,"href":"https:\/\/www.brusselsartpole.be\/leboxon\/wp-json\/wp\/v2\/users\/2"}],"replies":[{"embeddable":true,"href":"https:\/\/www.brusselsartpole.be\/leboxon\/wp-json\/wp\/v2\/comments?post=1711"}],"version-history":[{"count":67,"href":"https:\/\/www.brusselsartpole.be\/leboxon\/wp-json\/wp\/v2\/pages\/1711\/revisions"}],"predecessor-version":[{"id":2426,"href":"https:\/\/www.brusselsartpole.be\/leboxon\/wp-json\/wp\/v2\/pages\/1711\/revisions\/2426"}],"wp:attachment":[{"href":"https:\/\/www.brusselsartpole.be\/leboxon\/wp-json\/wp\/v2\/media?parent=1711"}],"curies":[{"name":"wp","href":"https:\/\/api.w.org\/{rel}","templated":true}]}}