{"id":12,"date":"2020-11-19T13:30:52","date_gmt":"2020-11-19T12:30:52","guid":{"rendered":"https:\/\/qi79.qodeinteractive.com\/?page_id=12"},"modified":"2025-02-28T00:04:44","modified_gmt":"2025-02-27T23:04:44","slug":"le-boxon","status":"publish","type":"page","link":"https:\/\/www.brusselsartpole.be\/leboxon\/","title":{"rendered":"Accueil"},"content":{"rendered":"\t\t<div data-elementor-type=\"wp-page\" data-elementor-id=\"12\" class=\"elementor elementor-12\" data-elementor-settings=\"[]\">\n\t\t\t\t\t\t\t<div class=\"elementor-section-wrap\">\n\t\t\t\t\t\t\t<section class=\"elementor-section elementor-top-section elementor-element elementor-element-38aa679 elementor-section-boxed elementor-section-height-default elementor-section-height-default qodef-elementor-content-no qodef-elementor-stretch-row-no qodef-elementor-overlay-no\" data-id=\"38aa679\" data-element_type=\"section\">\n\t\t\t\t\t\t<div class=\"elementor-container elementor-column-gap-default\">\n\t\t\t\t\t<div class=\"elementor-column elementor-col-25 elementor-top-column elementor-element elementor-element-20cbe1e\" data-id=\"20cbe1e\" data-element_type=\"column\">\n\t\t\t<div class=\"elementor-widget-wrap\">\n\t\t\t\t\t\t\t\t\t<\/div>\n\t\t<\/div>\n\t\t\t\t<div class=\"elementor-column elementor-col-50 elementor-top-column elementor-element elementor-element-440178b\" data-id=\"440178b\" data-element_type=\"column\">\n\t\t\t<div class=\"elementor-widget-wrap elementor-element-populated\">\n\t\t\t\t\t\t\t\t<div class=\"elementor-element elementor-element-a2f6641 elementor-widget elementor-widget-spacer\" data-id=\"a2f6641\" data-element_type=\"widget\" data-widget_type=\"spacer.default\">\n\t\t\t\t<div class=\"elementor-widget-container\">\n\t\t\t\t\t<div class=\"elementor-spacer\">\n\t\t\t<div class=\"elementor-spacer-inner\"><\/div>\n\t\t<\/div>\n\t\t\t\t<\/div>\n\t\t\t\t<\/div>\n\t\t\t\t<div class=\"elementor-element elementor-element-cbeae7c elementor-widget elementor-widget-image\" data-id=\"cbeae7c\" data-element_type=\"widget\" data-widget_type=\"image.default\">\n\t\t\t\t<div class=\"elementor-widget-container\">\n\t\t\t<style>\/*! elementor - v3.5.0 - 12-12-2021 *\/\n.elementor-widget-image{text-align:center}.elementor-widget-image a{display:inline-block}.elementor-widget-image a img[src$=\".svg\"]{width:48px}.elementor-widget-image img{vertical-align:middle;display:inline-block}<\/style>\t\t\t\t\t\t\t\t\t\t\t\t<img width=\"768\" height=\"481\" src=\"https:\/\/www.brusselsartpole.be\/leboxon\/wp-content\/uploads\/sites\/4\/2025\/02\/Boxon_White_02-768x481.png\" class=\"attachment-medium_large size-medium_large\" alt=\"\" loading=\"lazy\" srcset=\"https:\/\/www.brusselsartpole.be\/leboxon\/wp-content\/uploads\/sites\/4\/2025\/02\/Boxon_White_02-768x481.png 768w, https:\/\/www.brusselsartpole.be\/leboxon\/wp-content\/uploads\/sites\/4\/2025\/02\/Boxon_White_02-300x188.png 300w, https:\/\/www.brusselsartpole.be\/leboxon\/wp-content\/uploads\/sites\/4\/2025\/02\/Boxon_White_02-1024x641.png 1024w, https:\/\/www.brusselsartpole.be\/leboxon\/wp-content\/uploads\/sites\/4\/2025\/02\/Boxon_White_02-1536x962.png 1536w, https:\/\/www.brusselsartpole.be\/leboxon\/wp-content\/uploads\/sites\/4\/2025\/02\/Boxon_White_02.png 2000w\" sizes=\"(max-width: 768px) 100vw, 768px\" \/>\t\t\t\t\t\t\t\t\t\t\t\t\t\t\t<\/div>\n\t\t\t\t<\/div>\n\t\t\t\t\t<\/div>\n\t\t<\/div>\n\t\t\t\t<div class=\"elementor-column elementor-col-25 elementor-top-column elementor-element elementor-element-e2d7770\" data-id=\"e2d7770\" data-element_type=\"column\">\n\t\t\t<div class=\"elementor-widget-wrap\">\n\t\t\t\t\t\t\t\t\t<\/div>\n\t\t<\/div>\n\t\t\t\t\t\t\t<\/div>\n\t\t<\/section>\n\t\t\t\t<section class=\"elementor-section elementor-top-section elementor-element elementor-element-0937b9b elementor-section-boxed elementor-section-height-default elementor-section-height-default qodef-elementor-content-no qodef-elementor-stretch-row-no qodef-elementor-overlay-no\" data-id=\"0937b9b\" data-element_type=\"section\">\n\t\t\t\t\t\t<div class=\"elementor-container elementor-column-gap-default\">\n\t\t\t\t\t<div class=\"elementor-column elementor-col-16 elementor-top-column elementor-element elementor-element-3ee3071\" data-id=\"3ee3071\" data-element_type=\"column\">\n\t\t\t<div class=\"elementor-widget-wrap\">\n\t\t\t\t\t\t\t\t\t<\/div>\n\t\t<\/div>\n\t\t\t\t<div class=\"elementor-column elementor-col-66 elementor-top-column elementor-element elementor-element-04a88e6\" data-id=\"04a88e6\" data-element_type=\"column\">\n\t\t\t<div class=\"elementor-widget-wrap elementor-element-populated\">\n\t\t\t\t\t\t\t\t<div class=\"elementor-element elementor-element-dd63b54 elementor-widget elementor-widget-spacer\" data-id=\"dd63b54\" data-element_type=\"widget\" data-widget_type=\"spacer.default\">\n\t\t\t\t<div class=\"elementor-widget-container\">\n\t\t\t\t\t<div class=\"elementor-spacer\">\n\t\t\t<div class=\"elementor-spacer-inner\"><\/div>\n\t\t<\/div>\n\t\t\t\t<\/div>\n\t\t\t\t<\/div>\n\t\t\t\t<div class=\"elementor-element elementor-element-5323ede elementor-widget elementor-widget-heading\" data-id=\"5323ede\" data-element_type=\"widget\" data-widget_type=\"heading.default\">\n\t\t\t\t<div class=\"elementor-widget-container\">\n\t\t\t<style>\/*! elementor - v3.5.0 - 12-12-2021 *\/\n.elementor-heading-title{padding:0;margin:0;line-height:1}.elementor-widget-heading .elementor-heading-title[class*=elementor-size-]>a{color:inherit;font-size:inherit;line-height:inherit}.elementor-widget-heading .elementor-heading-title.elementor-size-small{font-size:15px}.elementor-widget-heading .elementor-heading-title.elementor-size-medium{font-size:19px}.elementor-widget-heading .elementor-heading-title.elementor-size-large{font-size:29px}.elementor-widget-heading .elementor-heading-title.elementor-size-xl{font-size:39px}.elementor-widget-heading .elementor-heading-title.elementor-size-xxl{font-size:59px}<\/style><h2 class=\"elementor-heading-title elementor-size-default\">Boite \u00e0 questionnements, bordel d'id\u00e9es,<br>lieu culturel et de f\u00eate. <\/h2>\t\t<\/div>\n\t\t\t\t<\/div>\n\t\t\t\t\t<\/div>\n\t\t<\/div>\n\t\t\t\t<div class=\"elementor-column elementor-col-16 elementor-top-column elementor-element elementor-element-a5b2933\" data-id=\"a5b2933\" data-element_type=\"column\">\n\t\t\t<div class=\"elementor-widget-wrap\">\n\t\t\t\t\t\t\t\t\t<\/div>\n\t\t<\/div>\n\t\t\t\t\t\t\t<\/div>\n\t\t<\/section>\n\t\t\t\t<section class=\"elementor-section elementor-top-section elementor-element elementor-element-4ef3b3b elementor-section-boxed elementor-section-height-default elementor-section-height-default qodef-elementor-content-no qodef-elementor-stretch-row-no qodef-elementor-overlay-no\" data-id=\"4ef3b3b\" data-element_type=\"section\">\n\t\t\t\t\t\t<div class=\"elementor-container elementor-column-gap-default\">\n\t\t\t\t\t<div class=\"elementor-column elementor-col-100 elementor-top-column elementor-element elementor-element-f048920\" data-id=\"f048920\" data-element_type=\"column\">\n\t\t\t<div class=\"elementor-widget-wrap elementor-element-populated\">\n\t\t\t\t\t\t\t\t<div class=\"elementor-element elementor-element-013de7d elementor-widget elementor-widget-spacer\" data-id=\"013de7d\" data-element_type=\"widget\" data-widget_type=\"spacer.default\">\n\t\t\t\t<div class=\"elementor-widget-container\">\n\t\t\t\t\t<div class=\"elementor-spacer\">\n\t\t\t<div class=\"elementor-spacer-inner\"><\/div>\n\t\t<\/div>\n\t\t\t\t<\/div>\n\t\t\t\t<\/div>\n\t\t\t\t\t<\/div>\n\t\t<\/div>\n\t\t\t\t\t\t\t<\/div>\n\t\t<\/section>\n\t\t\t\t<section class=\"elementor-section elementor-top-section elementor-element elementor-element-d2e9879 elementor-section-boxed elementor-section-height-default elementor-section-height-default qodef-elementor-content-no qodef-elementor-stretch-row-no qodef-elementor-overlay-no\" data-id=\"d2e9879\" data-element_type=\"section\">\n\t\t\t\t\t\t<div class=\"elementor-container elementor-column-gap-default\">\n\t\t\t\t\t<div class=\"elementor-column elementor-col-16 elementor-top-column elementor-element elementor-element-8b2b32b\" data-id=\"8b2b32b\" data-element_type=\"column\">\n\t\t\t<div class=\"elementor-widget-wrap\">\n\t\t\t\t\t\t\t\t\t<\/div>\n\t\t<\/div>\n\t\t\t\t<div class=\"elementor-column elementor-col-66 elementor-top-column elementor-element elementor-element-6461267\" data-id=\"6461267\" data-element_type=\"column\">\n\t\t\t<div class=\"elementor-widget-wrap elementor-element-populated\">\n\t\t\t\t\t\t\t\t<div class=\"elementor-element elementor-element-02e50bb elementor-widget elementor-widget-text-editor\" data-id=\"02e50bb\" data-element_type=\"widget\" data-widget_type=\"text-editor.default\">\n\t\t\t\t<div class=\"elementor-widget-container\">\n\t\t\t<style>\/*! elementor - v3.5.0 - 12-12-2021 *\/\n.elementor-widget-text-editor.elementor-drop-cap-view-stacked .elementor-drop-cap{background-color:#818a91;color:#fff}.elementor-widget-text-editor.elementor-drop-cap-view-framed .elementor-drop-cap{color:#818a91;border:3px solid;background-color:transparent}.elementor-widget-text-editor:not(.elementor-drop-cap-view-default) .elementor-drop-cap{margin-top:8px}.elementor-widget-text-editor:not(.elementor-drop-cap-view-default) .elementor-drop-cap-letter{width:1em;height:1em}.elementor-widget-text-editor .elementor-drop-cap{float:left;text-align:center;line-height:1;font-size:50px}.elementor-widget-text-editor .elementor-drop-cap-letter{display:inline-block}<\/style>\t\t\t\t<p><em><span style=\"color: #ffffff;\"><b>1.\u00a0<\/b>Espace d\u00e9sordonn\u00e9, fouillis, mal rang\u00e9.\u00a0<b>2.<\/b>\u00a0Lieu de d\u00e9bauche, maison de tol\u00e9rance (anglais populaire, boxon, de box, boite).<\/span><\/em><\/p><p><em><span style=\"color: #ffffff;\">\u00a0<\/span><\/em><\/p><p><em><span style=\"color: #ffffff;\">Jolie pi\u00e8ce tapiss\u00e9e d&rsquo;\u00e9motions, incrust\u00e9e de f\u00e9minisme et bord\u00e9e de sexualit\u00e9. On s&rsquo;y pose pour inventer des relations. Tables de discussions, spectacles, ateliers et toutes formes que nous aurons envie d&rsquo;inventer.<\/span><\/em><\/p><p><em><span style=\"color: #ffffff;\">\u00a0<\/span><\/em><\/p><p><em><span style=\"color: #ffffff;\">Les cervelles passionn\u00e9es qui tiennent ce Boxon se font un plaisir d&rsquo;y m\u00e9langer les certitudes, \u00e7a leur \u00e9vite de prendre la poussi\u00e8re.<\/span><\/em><\/p>\t\t\t\t\t\t<\/div>\n\t\t\t\t<\/div>\n\t\t\t\t<div class=\"elementor-element elementor-element-e3ee7e0 elementor-widget elementor-widget-spacer\" data-id=\"e3ee7e0\" data-element_type=\"widget\" data-widget_type=\"spacer.default\">\n\t\t\t\t<div class=\"elementor-widget-container\">\n\t\t\t\t\t<div class=\"elementor-spacer\">\n\t\t\t<div class=\"elementor-spacer-inner\"><\/div>\n\t\t<\/div>\n\t\t\t\t<\/div>\n\t\t\t\t<\/div>\n\t\t\t\t\t<\/div>\n\t\t<\/div>\n\t\t\t\t<div class=\"elementor-column elementor-col-16 elementor-top-column elementor-element elementor-element-b923dea\" data-id=\"b923dea\" data-element_type=\"column\">\n\t\t\t<div class=\"elementor-widget-wrap\">\n\t\t\t\t\t\t\t\t\t<\/div>\n\t\t<\/div>\n\t\t\t\t\t\t\t<\/div>\n\t\t<\/section>\n\t\t\t\t<section class=\"elementor-section elementor-top-section elementor-element elementor-element-7eb5c53b elementor-section-full_width elementor-section-stretched elementor-section-height-default elementor-section-height-default qodef-elementor-content-no qodef-elementor-stretch-row-no qodef-elementor-overlay-no\" data-id=\"7eb5c53b\" data-element_type=\"section\" data-settings=\"{&quot;stretch_section&quot;:&quot;section-stretched&quot;,&quot;background_background&quot;:&quot;classic&quot;}\">\n\t\t\t\t\t\t<div class=\"elementor-container elementor-column-gap-default\">\n\t\t\t\t\t<div class=\"elementor-column elementor-col-25 elementor-top-column elementor-element elementor-element-38dca3d\" data-id=\"38dca3d\" data-element_type=\"column\" data-settings=\"{&quot;background_background&quot;:&quot;classic&quot;}\">\n\t\t\t<div class=\"elementor-widget-wrap elementor-element-populated\">\n\t\t\t\t\t\t\t\t<div class=\"elementor-element elementor-element-1e01ced2 elementor-widget elementor-widget-image\" data-id=\"1e01ced2\" data-element_type=\"widget\" data-widget_type=\"image.default\">\n\t\t\t\t<div class=\"elementor-widget-container\">\n\t\t\t\t\t\t\t\t\t\t\t\t\t\t\t<img width=\"150\" height=\"150\" src=\"https:\/\/www.brusselsartpole.be\/leboxon\/wp-content\/uploads\/sites\/4\/2022\/04\/Logo_BAP-blanc-150x150.png\" class=\"attachment-thumbnail size-thumbnail\" alt=\"BAP, Brussels art pole, Bruxelles, Le boxon\" loading=\"lazy\" \/>\t\t\t\t\t\t\t\t\t\t\t\t\t\t\t<\/div>\n\t\t\t\t<\/div>\n\t\t\t\t<div class=\"elementor-element elementor-element-7476f057 elementor-widget elementor-widget-text-editor\" data-id=\"7476f057\" data-element_type=\"widget\" data-widget_type=\"text-editor.default\">\n\t\t\t\t<div class=\"elementor-widget-container\">\n\t\t\t\t\t\t\t<p style=\"font-size: 17px; text-align: center;\"><span style=\"color: #ffffff;\">Boulevard Barthelemy 20<\/span><\/p><p style=\"font-size: 17px; text-align: center;\"><span style=\"color: #ffffff;\">1000 Bruxelles<\/span><\/p><p style=\"font-size: 17px; text-align: center;\"><a href=\"mailto:brusselsartpole@gmail.com\"><span style=\"color: #ffffff;\">brusselsartpole@gmail.com<\/span><\/a><\/p>\t\t\t\t\t\t<\/div>\n\t\t\t\t<\/div>\n\t\t\t\t\t<\/div>\n\t\t<\/div>\n\t\t\t\t<div class=\"elementor-column elementor-col-50 elementor-top-column elementor-element elementor-element-74b8eb6a\" data-id=\"74b8eb6a\" data-element_type=\"column\">\n\t\t\t<div class=\"elementor-widget-wrap elementor-element-populated\">\n\t\t\t\t\t\t\t\t<div class=\"elementor-element elementor-element-1a4817c elementor-widget elementor-widget-spacer\" data-id=\"1a4817c\" data-element_type=\"widget\" data-widget_type=\"spacer.default\">\n\t\t\t\t<div class=\"elementor-widget-container\">\n\t\t\t\t\t<div class=\"elementor-spacer\">\n\t\t\t<div class=\"elementor-spacer-inner\"><\/div>\n\t\t<\/div>\n\t\t\t\t<\/div>\n\t\t\t\t<\/div>\n\t\t\t\t<div class=\"elementor-element elementor-element-313e407 elementor-align-center elementor-widget elementor-widget-button\" data-id=\"313e407\" data-element_type=\"widget\" data-widget_type=\"button.default\">\n\t\t\t\t<div class=\"elementor-widget-container\">\n\t\t\t\t\t<div class=\"elementor-button-wrapper\">\n\t\t\t<a href=\"https:\/\/www.brusselsartpole.be\/accessibilite\/\" class=\"elementor-button-link elementor-button elementor-size-xl\" role=\"button\">\n\t\t\t\t\t\t<span class=\"elementor-button-content-wrapper\">\n\t\t\t\t\t\t<span class=\"elementor-button-text\">Accessibilit\u00e9<\/span>\n\t\t<\/span>\n\t\t\t\t\t<\/a>\n\t\t<\/div>\n\t\t\t\t<\/div>\n\t\t\t\t<\/div>\n\t\t\t\t<div class=\"elementor-element elementor-element-45a4ec5 elementor-align-center elementor-widget elementor-widget-button\" data-id=\"45a4ec5\" data-element_type=\"widget\" data-widget_type=\"button.default\">\n\t\t\t\t<div class=\"elementor-widget-container\">\n\t\t\t\t\t<div class=\"elementor-button-wrapper\">\n\t\t\t<a href=\"https:\/\/www.brusselsartpole.be\/notre-charte\/\" class=\"elementor-button-link elementor-button elementor-size-xl\" role=\"button\">\n\t\t\t\t\t\t<span class=\"elementor-button-content-wrapper\">\n\t\t\t\t\t\t<span class=\"elementor-button-text\">Charte <\/span>\n\t\t<\/span>\n\t\t\t\t\t<\/a>\n\t\t<\/div>\n\t\t\t\t<\/div>\n\t\t\t\t<\/div>\n\t\t\t\t\t<\/div>\n\t\t<\/div>\n\t\t\t\t<div class=\"elementor-column elementor-col-25 elementor-top-column elementor-element elementor-element-39e1c4a8\" data-id=\"39e1c4a8\" data-element_type=\"column\">\n\t\t\t<div class=\"elementor-widget-wrap elementor-element-populated\">\n\t\t\t\t\t\t\t\t<div class=\"elementor-element elementor-element-2763017b elementor-widget elementor-widget-spacer\" data-id=\"2763017b\" data-element_type=\"widget\" data-widget_type=\"spacer.default\">\n\t\t\t\t<div class=\"elementor-widget-container\">\n\t\t\t\t\t<div class=\"elementor-spacer\">\n\t\t\t<div class=\"elementor-spacer-inner\"><\/div>\n\t\t<\/div>\n\t\t\t\t<\/div>\n\t\t\t\t<\/div>\n\t\t\t\t<div class=\"elementor-element elementor-element-a5ee57a elementor-widget elementor-widget-qi_addons_for_elementor_button\" data-id=\"a5ee57a\" data-element_type=\"widget\" data-widget_type=\"qi_addons_for_elementor_button.default\">\n\t\t\t\t<div class=\"elementor-widget-container\">\n\t\t\t<a class=\"qodef-shortcode qodef-m  qodef-qi-button qodef-html--link qodef-layout--textual    qodef-icon--right qodef-hover--icon-move-horizontal-short     \" href=\"https:\/\/www.instagram.com\/boxon_alternee\/%20\" target=\"_self\">\n\t<span class=\"qodef-m-text\">Suis-nous sur instagram<\/span>\n\t\t<span class=\"qodef-m-icon \">\n\t\t<span class=\"qodef-m-icon-inner\">\n\t\t\t<i aria-hidden=\"true\" class=\"fas fa-arrow-right\"><\/i>\t\t\t\t\t<\/span>\n\t<\/span>\n<\/a>\n\t\t<\/div>\n\t\t\t\t<\/div>\n\t\t\t\t<div class=\"elementor-element elementor-element-5824da78 elementor-widget elementor-widget-qi_addons_for_elementor_button\" data-id=\"5824da78\" data-element_type=\"widget\" data-widget_type=\"qi_addons_for_elementor_button.default\">\n\t\t\t\t<div class=\"elementor-widget-container\">\n\t\t\t<a class=\"qodef-shortcode qodef-m  qodef-qi-button qodef-html--link qodef-layout--textual    qodef-icon--right qodef-hover--icon-move-horizontal-short     \" href=\"https:\/\/www.brusselsartpole.be\/leboxon\/mentions-legales\" target=\"_self\">\n\t<span class=\"qodef-m-text\">Mentions l\u00e9gales<\/span>\n\t<\/a>\n\t\t<\/div>\n\t\t\t\t<\/div>\n\t\t\t\t<div class=\"elementor-element elementor-element-50e6d42 elementor-widget elementor-widget-qi_addons_for_elementor_button\" data-id=\"50e6d42\" data-element_type=\"widget\" data-widget_type=\"qi_addons_for_elementor_button.default\">\n\t\t\t\t<div class=\"elementor-widget-container\">\n\t\t\t<a class=\"qodef-shortcode qodef-m  qodef-qi-button qodef-html--link qodef-layout--textual    qodef-icon--right qodef-hover--icon-move-horizontal-short     \" href=\"https:\/\/www.brusselsartpole.be\/leboxon\/politique-de-confidentialite\/\" target=\"_self\">\n\t<span class=\"qodef-m-text\">Politique de confidentialit\u00e9<\/span>\n\t<\/a>\n\t\t<\/div>\n\t\t\t\t<\/div>\n\t\t\t\t\t<\/div>\n\t\t<\/div>\n\t\t\t\t\t\t\t<\/div>\n\t\t<\/section>\n\t\t\t\t<section class=\"elementor-section elementor-top-section elementor-element elementor-element-505e634 elementor-section-boxed elementor-section-height-default elementor-section-height-default qodef-elementor-content-no qodef-elementor-stretch-row-no qodef-elementor-overlay-no\" data-id=\"505e634\" data-element_type=\"section\">\n\t\t\t\t\t\t<div class=\"elementor-container elementor-column-gap-default\">\n\t\t\t\t\t<div class=\"elementor-column elementor-col-100 elementor-top-column elementor-element elementor-element-bcb090f\" data-id=\"bcb090f\" data-element_type=\"column\">\n\t\t\t<div class=\"elementor-widget-wrap\">\n\t\t\t\t\t\t\t\t\t<\/div>\n\t\t<\/div>\n\t\t\t\t\t\t\t<\/div>\n\t\t<\/section>\n\t\t\t\t\t\t<\/div>\n\t\t\t\t\t<\/div>\n\t\t","protected":false},"excerpt":{"rendered":"<p>Boite \u00e0 questionnements, bordel d&rsquo;id\u00e9es,lieu culturel et de f\u00eate. 1.\u00a0Espace d\u00e9sordonn\u00e9, fouillis, mal rang\u00e9.\u00a02.\u00a0Lieu de d\u00e9bauche, maison de tol\u00e9rance (anglais populaire, boxon, de box, boite). \u00a0 Jolie pi\u00e8ce tapiss\u00e9e d&rsquo;\u00e9motions, [&hellip;]<\/p>\n","protected":false},"author":2,"featured_media":0,"parent":0,"menu_order":0,"comment_status":"closed","ping_status":"closed","template":"","meta":[],"yoast_head":"<!-- This site is optimized with the Yoast SEO plugin v18.3 - https:\/\/yoast.com\/wordpress\/plugins\/seo\/ -->\n<title>Accueil - Le Boxon<\/title>\n<meta name=\"description\" content=\"Les cervelles passionn\u00e9es qui tiennent ce boxon \u00e0 Bruxelles se font un plaisir d\u2019y m\u00e9langer les certitudes, \u00e7a leur \u00e9vite de prendre la poussi\u00e8re.\" \/>\n<meta name=\"robots\" content=\"index, follow, max-snippet:-1, max-image-preview:large, max-video-preview:-1\" \/>\n<link rel=\"canonical\" href=\"https:\/\/www.brusselsartpole.be\/leboxon\/\" \/>\n<meta property=\"og:locale\" content=\"fr_FR\" \/>\n<meta property=\"og:type\" content=\"article\" \/>\n<meta property=\"og:title\" content=\"Accueil - Le Boxon\" \/>\n<meta property=\"og:description\" content=\"Les cervelles passionn\u00e9es qui tiennent ce boxon \u00e0 Bruxelles se font un plaisir d\u2019y m\u00e9langer les certitudes, \u00e7a leur \u00e9vite de prendre la poussi\u00e8re.\" \/>\n<meta property=\"og:url\" content=\"https:\/\/www.brusselsartpole.be\/leboxon\/\" \/>\n<meta property=\"og:site_name\" content=\"Le Boxon\" \/>\n<meta property=\"article:modified_time\" content=\"2025-02-27T23:04:44+00:00\" \/>\n<meta property=\"og:image\" content=\"https:\/\/www.brusselsartpole.be\/leboxon\/wp-content\/uploads\/sites\/4\/2025\/02\/Boxon_White_02-768x481.png\" \/>\n<meta name=\"twitter:card\" content=\"summary_large_image\" \/>\n<meta name=\"twitter:label1\" content=\"Dur\u00e9e de lecture estim\u00e9e\" \/>\n\t<meta name=\"twitter:data1\" content=\"1 minute\" \/>\n<script type=\"application\/ld+json\" class=\"yoast-schema-graph\">{\"@context\":\"https:\/\/schema.org\",\"@graph\":[{\"@type\":\"WebSite\",\"@id\":\"https:\/\/www.brusselsartpole.be\/leboxon\/#website\",\"url\":\"https:\/\/www.brusselsartpole.be\/leboxon\/\",\"name\":\"Le Boxon\",\"description\":\"Boite \u00e0 questionnements, bordel d\u2019id\u00e9es, lieu culturel et de f\u00eate.\",\"potentialAction\":[{\"@type\":\"SearchAction\",\"target\":{\"@type\":\"EntryPoint\",\"urlTemplate\":\"https:\/\/www.brusselsartpole.be\/leboxon\/?s={search_term_string}\"},\"query-input\":\"required name=search_term_string\"}],\"inLanguage\":\"fr-FR\"},{\"@type\":\"ImageObject\",\"@id\":\"https:\/\/www.brusselsartpole.be\/leboxon\/#primaryimage\",\"inLanguage\":\"fr-FR\",\"url\":\"https:\/\/www.brusselsartpole.be\/leboxon\/wp-content\/uploads\/sites\/4\/2025\/02\/Boxon_White_02.png\",\"contentUrl\":\"https:\/\/www.brusselsartpole.be\/leboxon\/wp-content\/uploads\/sites\/4\/2025\/02\/Boxon_White_02.png\",\"width\":2000,\"height\":1252},{\"@type\":\"WebPage\",\"@id\":\"https:\/\/www.brusselsartpole.be\/leboxon\/#webpage\",\"url\":\"https:\/\/www.brusselsartpole.be\/leboxon\/\",\"name\":\"Accueil - Le Boxon\",\"isPartOf\":{\"@id\":\"https:\/\/www.brusselsartpole.be\/leboxon\/#website\"},\"primaryImageOfPage\":{\"@id\":\"https:\/\/www.brusselsartpole.be\/leboxon\/#primaryimage\"},\"datePublished\":\"2020-11-19T12:30:52+00:00\",\"dateModified\":\"2025-02-27T23:04:44+00:00\",\"description\":\"Les cervelles passionn\u00e9es qui tiennent ce boxon \u00e0 Bruxelles se font un plaisir d\u2019y m\u00e9langer les certitudes, \u00e7a leur \u00e9vite de prendre la poussi\u00e8re.\",\"breadcrumb\":{\"@id\":\"https:\/\/www.brusselsartpole.be\/leboxon\/#breadcrumb\"},\"inLanguage\":\"fr-FR\",\"potentialAction\":[{\"@type\":\"ReadAction\",\"target\":[\"https:\/\/www.brusselsartpole.be\/leboxon\/\"]}]},{\"@type\":\"BreadcrumbList\",\"@id\":\"https:\/\/www.brusselsartpole.be\/leboxon\/#breadcrumb\",\"itemListElement\":[{\"@type\":\"ListItem\",\"position\":1,\"name\":\"Accueil\",\"item\":\"https:\/\/www.brusselsartpole.be\/leboxon\/\"},{\"@type\":\"ListItem\",\"position\":2,\"name\":\"Accueil\"}]}]}<\/script>\n<!-- \/ Yoast SEO plugin. -->","yoast_head_json":{"title":"Accueil - Le Boxon","description":"Les cervelles passionn\u00e9es qui tiennent ce boxon \u00e0 Bruxelles se font un plaisir d\u2019y m\u00e9langer les certitudes, \u00e7a leur \u00e9vite de prendre la poussi\u00e8re.","robots":{"index":"index","follow":"follow","max-snippet":"max-snippet:-1","max-image-preview":"max-image-preview:large","max-video-preview":"max-video-preview:-1"},"canonical":"https:\/\/www.brusselsartpole.be\/leboxon\/","og_locale":"fr_FR","og_type":"article","og_title":"Accueil - Le Boxon","og_description":"Les cervelles passionn\u00e9es qui tiennent ce boxon \u00e0 Bruxelles se font un plaisir d\u2019y m\u00e9langer les certitudes, \u00e7a leur \u00e9vite de prendre la poussi\u00e8re.","og_url":"https:\/\/www.brusselsartpole.be\/leboxon\/","og_site_name":"Le Boxon","article_modified_time":"2025-02-27T23:04:44+00:00","og_image":[{"url":"https:\/\/www.brusselsartpole.be\/leboxon\/wp-content\/uploads\/sites\/4\/2025\/02\/Boxon_White_02-768x481.png"}],"twitter_card":"summary_large_image","twitter_misc":{"Dur\u00e9e de lecture estim\u00e9e":"1 minute"},"schema":{"@context":"https:\/\/schema.org","@graph":[{"@type":"WebSite","@id":"https:\/\/www.brusselsartpole.be\/leboxon\/#website","url":"https:\/\/www.brusselsartpole.be\/leboxon\/","name":"Le Boxon","description":"Boite \u00e0 questionnements, bordel d\u2019id\u00e9es, lieu culturel et de f\u00eate.","potentialAction":[{"@type":"SearchAction","target":{"@type":"EntryPoint","urlTemplate":"https:\/\/www.brusselsartpole.be\/leboxon\/?s={search_term_string}"},"query-input":"required name=search_term_string"}],"inLanguage":"fr-FR"},{"@type":"ImageObject","@id":"https:\/\/www.brusselsartpole.be\/leboxon\/#primaryimage","inLanguage":"fr-FR","url":"https:\/\/www.brusselsartpole.be\/leboxon\/wp-content\/uploads\/sites\/4\/2025\/02\/Boxon_White_02.png","contentUrl":"https:\/\/www.brusselsartpole.be\/leboxon\/wp-content\/uploads\/sites\/4\/2025\/02\/Boxon_White_02.png","width":2000,"height":1252},{"@type":"WebPage","@id":"https:\/\/www.brusselsartpole.be\/leboxon\/#webpage","url":"https:\/\/www.brusselsartpole.be\/leboxon\/","name":"Accueil - Le Boxon","isPartOf":{"@id":"https:\/\/www.brusselsartpole.be\/leboxon\/#website"},"primaryImageOfPage":{"@id":"https:\/\/www.brusselsartpole.be\/leboxon\/#primaryimage"},"datePublished":"2020-11-19T12:30:52+00:00","dateModified":"2025-02-27T23:04:44+00:00","description":"Les cervelles passionn\u00e9es qui tiennent ce boxon \u00e0 Bruxelles se font un plaisir d\u2019y m\u00e9langer les certitudes, \u00e7a leur \u00e9vite de prendre la poussi\u00e8re.","breadcrumb":{"@id":"https:\/\/www.brusselsartpole.be\/leboxon\/#breadcrumb"},"inLanguage":"fr-FR","potentialAction":[{"@type":"ReadAction","target":["https:\/\/www.brusselsartpole.be\/leboxon\/"]}]},{"@type":"BreadcrumbList","@id":"https:\/\/www.brusselsartpole.be\/leboxon\/#breadcrumb","itemListElement":[{"@type":"ListItem","position":1,"name":"Accueil","item":"https:\/\/www.brusselsartpole.be\/leboxon\/"},{"@type":"ListItem","position":2,"name":"Accueil"}]}]}},"_links":{"self":[{"href":"https:\/\/www.brusselsartpole.be\/leboxon\/wp-json\/wp\/v2\/pages\/12"}],"collection":[{"href":"https:\/\/www.brusselsartpole.be\/leboxon\/wp-json\/wp\/v2\/pages"}],"about":[{"href":"https:\/\/www.brusselsartpole.be\/leboxon\/wp-json\/wp\/v2\/types\/page"}],"author":[{"embeddable":true,"href":"https:\/\/www.brusselsartpole.be\/leboxon\/wp-json\/wp\/v2\/users\/2"}],"replies":[{"embeddable":true,"href":"https:\/\/www.brusselsartpole.be\/leboxon\/wp-json\/wp\/v2\/comments?post=12"}],"version-history":[{"count":518,"href":"https:\/\/www.brusselsartpole.be\/leboxon\/wp-json\/wp\/v2\/pages\/12\/revisions"}],"predecessor-version":[{"id":4894,"href":"https:\/\/www.brusselsartpole.be\/leboxon\/wp-json\/wp\/v2\/pages\/12\/revisions\/4894"}],"wp:attachment":[{"href":"https:\/\/www.brusselsartpole.be\/leboxon\/wp-json\/wp\/v2\/media?parent=12"}],"curies":[{"name":"wp","href":"https:\/\/api.w.org\/{rel}","templated":true}]}}