{"id":4062,"date":"2025-02-27T22:23:30","date_gmt":"2025-02-27T21:23:30","guid":{"rendered":"https:\/\/www.brusselsartpole.be\/alternee\/?page_id=4062"},"modified":"2025-02-27T22:29:04","modified_gmt":"2025-02-27T21:29:04","slug":"collaboration","status":"publish","type":"page","link":"https:\/\/www.brusselsartpole.be\/alternee\/collaboration\/","title":{"rendered":"Collaboration"},"content":{"rendered":"\t\t<div data-elementor-type=\"wp-page\" data-elementor-id=\"4062\" class=\"elementor elementor-4062\" data-elementor-settings=\"[]\">\n\t\t\t\t\t\t\t<div class=\"elementor-section-wrap\">\n\t\t\t\t\t\t\t<section class=\"elementor-section elementor-top-section elementor-element elementor-element-29394bd elementor-section-boxed elementor-section-height-default elementor-section-height-default qodef-elementor-content-no qodef-elementor-stretch-row-no qodef-elementor-overlay-no\" data-id=\"29394bd\" data-element_type=\"section\">\n\t\t\t\t\t\t<div class=\"elementor-container elementor-column-gap-default\">\n\t\t\t\t\t<div class=\"elementor-column elementor-col-100 elementor-top-column elementor-element elementor-element-0274b96\" data-id=\"0274b96\" data-element_type=\"column\">\n\t\t\t<div class=\"elementor-widget-wrap elementor-element-populated\">\n\t\t\t\t\t\t\t\t<div class=\"elementor-element elementor-element-361ef96 elementor-widget elementor-widget-heading\" data-id=\"361ef96\" data-element_type=\"widget\" data-widget_type=\"heading.default\">\n\t\t\t\t<div class=\"elementor-widget-container\">\n\t\t\t<style>\/*! elementor - v3.5.0 - 12-12-2021 *\/\n.elementor-heading-title{padding:0;margin:0;line-height:1}.elementor-widget-heading .elementor-heading-title[class*=elementor-size-]>a{color:inherit;font-size:inherit;line-height:inherit}.elementor-widget-heading .elementor-heading-title.elementor-size-small{font-size:15px}.elementor-widget-heading .elementor-heading-title.elementor-size-medium{font-size:19px}.elementor-widget-heading .elementor-heading-title.elementor-size-large{font-size:29px}.elementor-widget-heading .elementor-heading-title.elementor-size-xl{font-size:39px}.elementor-widget-heading .elementor-heading-title.elementor-size-xxl{font-size:59px}<\/style><h2 class=\"elementor-heading-title elementor-size-default\">Collaborer<\/h2>\t\t<\/div>\n\t\t\t\t<\/div>\n\t\t\t\t\t<\/div>\n\t\t<\/div>\n\t\t\t\t\t\t\t<\/div>\n\t\t<\/section>\n\t\t\t\t<section class=\"elementor-section elementor-top-section elementor-element elementor-element-c7dac76 elementor-section-boxed elementor-section-height-default elementor-section-height-default qodef-elementor-content-no qodef-elementor-stretch-row-no qodef-elementor-overlay-no\" data-id=\"c7dac76\" data-element_type=\"section\">\n\t\t\t\t\t\t<div class=\"elementor-container elementor-column-gap-default\">\n\t\t\t\t\t<div class=\"elementor-column elementor-col-100 elementor-top-column elementor-element elementor-element-a358a55\" data-id=\"a358a55\" data-element_type=\"column\">\n\t\t\t<div class=\"elementor-widget-wrap elementor-element-populated\">\n\t\t\t\t\t\t\t\t<div class=\"elementor-element elementor-element-7b4a2d3 elementor-widget elementor-widget-spacer\" data-id=\"7b4a2d3\" data-element_type=\"widget\" data-widget_type=\"spacer.default\">\n\t\t\t\t<div class=\"elementor-widget-container\">\n\t\t\t\t\t<div class=\"elementor-spacer\">\n\t\t\t<div class=\"elementor-spacer-inner\"><\/div>\n\t\t<\/div>\n\t\t\t\t<\/div>\n\t\t\t\t<\/div>\n\t\t\t\t<div class=\"elementor-element elementor-element-f93eedc elementor-widget elementor-widget-heading\" data-id=\"f93eedc\" data-element_type=\"widget\" data-widget_type=\"heading.default\">\n\t\t\t\t<div class=\"elementor-widget-container\">\n\t\t\t<h2 class=\"elementor-heading-title elementor-size-default\">Proposer un atelier<\/h2>\t\t<\/div>\n\t\t\t\t<\/div>\n\t\t\t\t<div class=\"elementor-element elementor-element-f499d2f elementor-widget elementor-widget-image\" data-id=\"f499d2f\" data-element_type=\"widget\" data-widget_type=\"image.default\">\n\t\t\t\t<div class=\"elementor-widget-container\">\n\t\t\t<style>\/*! elementor - v3.5.0 - 12-12-2021 *\/\n.elementor-widget-image{text-align:center}.elementor-widget-image a{display:inline-block}.elementor-widget-image a img[src$=\".svg\"]{width:48px}.elementor-widget-image img{vertical-align:middle;display:inline-block}<\/style>\t\t\t\t\t\t\t\t\t\t\t\t<img width=\"768\" height=\"511\" src=\"https:\/\/www.brusselsartpole.be\/alternee\/wp-content\/uploads\/sites\/5\/2025\/02\/shibaripng-768x511.png\" class=\"attachment-medium_large size-medium_large\" alt=\"\" loading=\"lazy\" srcset=\"https:\/\/www.brusselsartpole.be\/alternee\/wp-content\/uploads\/sites\/5\/2025\/02\/shibaripng-768x511.png 768w, https:\/\/www.brusselsartpole.be\/alternee\/wp-content\/uploads\/sites\/5\/2025\/02\/shibaripng-300x200.png 300w, https:\/\/www.brusselsartpole.be\/alternee\/wp-content\/uploads\/sites\/5\/2025\/02\/shibaripng.png 1024w\" sizes=\"(max-width: 768px) 100vw, 768px\" \/>\t\t\t\t\t\t\t\t\t\t\t\t\t\t\t<\/div>\n\t\t\t\t<\/div>\n\t\t\t\t<div class=\"elementor-element elementor-element-4d047aa elementor-widget elementor-widget-text-editor\" data-id=\"4d047aa\" data-element_type=\"widget\" data-widget_type=\"text-editor.default\">\n\t\t\t\t<div class=\"elementor-widget-container\">\n\t\t\t<style>\/*! elementor - v3.5.0 - 12-12-2021 *\/\n.elementor-widget-text-editor.elementor-drop-cap-view-stacked .elementor-drop-cap{background-color:#818a91;color:#fff}.elementor-widget-text-editor.elementor-drop-cap-view-framed .elementor-drop-cap{color:#818a91;border:3px solid;background-color:transparent}.elementor-widget-text-editor:not(.elementor-drop-cap-view-default) .elementor-drop-cap{margin-top:8px}.elementor-widget-text-editor:not(.elementor-drop-cap-view-default) .elementor-drop-cap-letter{width:1em;height:1em}.elementor-widget-text-editor .elementor-drop-cap{float:left;text-align:center;line-height:1;font-size:50px}.elementor-widget-text-editor .elementor-drop-cap-letter{display:inline-block}<\/style>\t\t\t\t<div class=\"elementor-element elementor-element-29580f68 elementor-widget elementor-widget-text-editor\" data-id=\"29580f68\" data-element_type=\"widget\" data-widget_type=\"text-editor.default\">\n<div class=\"elementor-widget-container\">\n<p><br><\/p>\n<p><span style=\"font-family: var( --e-global-typography-text-font-family ), Sans-serif; font-weight: var( --e-global-typography-text-font-weight ); letter-spacing: 0.45px;\">Tu as un atelier d\u00e9j\u00e0 construit ou une id\u00e9e que tu aimerais d\u00e9velopper et programmer \u00e0 l\u2019Altern\u00e9e ?&nbsp;<\/span><span style=\"font-family: var( --e-global-typography-text-font-family ), Sans-serif; font-weight: var( --e-global-typography-text-font-weight ); letter-spacing: 0.45px;\">Chaque session, nous accueillons de nouveaux projets et intervenant.e.s, peut-etre seras-tu la prochaine personne \u00e0 rejoindre l\u2019\u00e9quipe !&nbsp;<\/span><\/p><p><span style=\"font-family: var( --e-global-typography-text-font-family ), Sans-serif; font-weight: var( --e-global-typography-text-font-weight ); letter-spacing: 0.45px;\"><br><\/span><\/p>\n<p><\/p>\n<p>Pour \u00e7a, v\u00e9rifie d\u2019abord que ta proposition est conforme \u00e0 nos valeurs, que tu retrouveras dans notre&nbsp;<u><a href=\"https:\/\/www.brusselsartpole.be\/notre-charte\/\">CHARTE<\/a><\/u>, et qu\u2019elle n\u2019a pas d\u00e9j\u00e0 lieu \u00e0 la BAP (pour \u00e7a, tu peux te balader dans l\u2019agenda du site, sur&nbsp;<a href=\"https:\/\/www.eversports.be\/sw\/brussels-art-pole\"><u>Eversports<\/u><\/a>&nbsp;ou sur notre&nbsp;<a href=\"https:\/\/www.instagram.com\/boxon_alternee\/\"><u>Instagram<\/u><\/a>).<\/p><p><br><\/p>\n<p><\/p>\n<p>Ensuite, envoie nous un mail \u00e0 <a href=\"mailto:brusselsartpole@gmail.com\">brusselsartpole@gmail.com<\/a> en expliquant ton projet avec le plus de d\u00e9tails possible, nous reviendrons vers toi d\u00e8s que possible.&nbsp;<span style=\"font-family: var( --e-global-typography-text-font-family ), Sans-serif; font-weight: var( --e-global-typography-text-font-weight ); letter-spacing: 0.45px;\">Tu peux nous envoyer une proposition \u00e0 tout moment de l\u2019ann\u00e9e, mais sache que nous mettons en place les plannings de chaque session en juillet (pour la session d\u2019automne), en novembre (session d\u2019hiver) et mars (session de printemps). Si tu souhaites participer \u00e0 une session en particulier, pense \u00e0 prendre compte ce calendrier !&nbsp;<\/span><\/p>\n<p><span style=\"font-family: var( --e-global-typography-text-font-family ), Sans-serif; font-weight: var( --e-global-typography-text-font-weight ); letter-spacing: 0.45px;\">&nbsp;<\/span><\/p>\n<p><span style=\"font-family: var( --e-global-typography-text-font-family ), Sans-serif; font-weight: var( --e-global-typography-text-font-weight ); letter-spacing: 0.45px;\"><u>CERCLES DE DISCUSSION<\/u><\/span><\/p>\n<\/div>\n<\/div>\n<div class=\"elementor-element elementor-element-a3c4890 elementor-widget elementor-widget-text-editor\" data-id=\"a3c4890\" data-element_type=\"widget\" data-widget_type=\"text-editor.default\">\n<div class=\"elementor-widget-container\">\n<p>En plus des workshops et ateliers, tu as la possibilit\u00e9 de venir animer un cercle de discussion sur le th\u00e8me de ton choix. Ces cercles sont b\u00e9n\u00e9voles et gratuits pour le public.&nbsp;<\/p>\n<p><i>&nbsp;<\/i><\/p>\n<p>Si tu es tent\u00e9.e par le projet, envoie nous un mail avec le th\u00e8me que tu aimerais aborder, et une petite description qui l\u2019explique. Nous reviendrons vers toi d\u00e8s que possible !&nbsp;&nbsp;<\/p>\n<p><\/p>\n<\/div>\n<\/div>\t\t\t\t\t\t<\/div>\n\t\t\t\t<\/div>\n\t\t\t\t<div class=\"elementor-element elementor-element-860e132 animated-slow elementor-invisible elementor-widget elementor-widget-button\" data-id=\"860e132\" data-element_type=\"widget\" data-settings=\"{&quot;_animation&quot;:&quot;bounceIn&quot;}\" data-widget_type=\"button.default\">\n\t\t\t\t<div class=\"elementor-widget-container\">\n\t\t\t\t\t<div class=\"elementor-button-wrapper\">\n\t\t\t<a href=\"https:\/\/www.brusselsartpole.be\/alternee\/discussion\/\" class=\"elementor-button-link elementor-button elementor-size-sm\" role=\"button\">\n\t\t\t\t\t\t<span class=\"elementor-button-content-wrapper\">\n\t\t\t\t\t\t<span class=\"elementor-button-icon elementor-align-icon-left\">\n\t\t\t\t<i aria-hidden=\"true\" class=\"fas fa-arrow-right\"><\/i>\t\t\t<\/span>\n\t\t\t\t\t\t<span class=\"elementor-button-text\">Plus d'infos sur les cercles de discussion<\/span>\n\t\t<\/span>\n\t\t\t\t\t<\/a>\n\t\t<\/div>\n\t\t\t\t<\/div>\n\t\t\t\t<\/div>\n\t\t\t\t\t<\/div>\n\t\t<\/div>\n\t\t\t\t\t\t\t<\/div>\n\t\t<\/section>\n\t\t\t\t<section class=\"elementor-section elementor-top-section elementor-element elementor-element-a47852e elementor-section-boxed elementor-section-height-default elementor-section-height-default qodef-elementor-content-no qodef-elementor-stretch-row-no qodef-elementor-overlay-no\" data-id=\"a47852e\" data-element_type=\"section\">\n\t\t\t\t\t\t<div class=\"elementor-container elementor-column-gap-default\">\n\t\t\t\t\t<div class=\"elementor-column elementor-col-100 elementor-top-column elementor-element elementor-element-6117ebe\" data-id=\"6117ebe\" data-element_type=\"column\">\n\t\t\t<div class=\"elementor-widget-wrap elementor-element-populated\">\n\t\t\t\t\t\t\t\t<div class=\"elementor-element elementor-element-16eb0fa elementor-widget elementor-widget-spacer\" data-id=\"16eb0fa\" data-element_type=\"widget\" data-widget_type=\"spacer.default\">\n\t\t\t\t<div class=\"elementor-widget-container\">\n\t\t\t\t\t<div class=\"elementor-spacer\">\n\t\t\t<div class=\"elementor-spacer-inner\"><\/div>\n\t\t<\/div>\n\t\t\t\t<\/div>\n\t\t\t\t<\/div>\n\t\t\t\t<div class=\"elementor-element elementor-element-336cae8 elementor-widget elementor-widget-heading\" data-id=\"336cae8\" data-element_type=\"widget\" data-widget_type=\"heading.default\">\n\t\t\t\t<div class=\"elementor-widget-container\">\n\t\t\t<h2 class=\"elementor-heading-title elementor-size-default\">programmer un atelier<\/h2>\t\t<\/div>\n\t\t\t\t<\/div>\n\t\t\t\t<div class=\"elementor-element elementor-element-840afb4 elementor-widget elementor-widget-image\" data-id=\"840afb4\" data-element_type=\"widget\" data-widget_type=\"image.default\">\n\t\t\t\t<div class=\"elementor-widget-container\">\n\t\t\t\t\t\t\t\t\t\t\t\t\t\t\t<img width=\"768\" height=\"511\" src=\"https:\/\/www.brusselsartpole.be\/alternee\/wp-content\/uploads\/sites\/5\/2025\/02\/labo-1-768x511.png\" class=\"attachment-medium_large size-medium_large\" alt=\"\" loading=\"lazy\" srcset=\"https:\/\/www.brusselsartpole.be\/alternee\/wp-content\/uploads\/sites\/5\/2025\/02\/labo-1-768x511.png 768w, https:\/\/www.brusselsartpole.be\/alternee\/wp-content\/uploads\/sites\/5\/2025\/02\/labo-1-300x200.png 300w, https:\/\/www.brusselsartpole.be\/alternee\/wp-content\/uploads\/sites\/5\/2025\/02\/labo-1.png 1024w\" sizes=\"(max-width: 768px) 100vw, 768px\" \/>\t\t\t\t\t\t\t\t\t\t\t\t\t\t\t<\/div>\n\t\t\t\t<\/div>\n\t\t\t\t<div class=\"elementor-element elementor-element-e1ec3ea elementor-widget elementor-widget-text-editor\" data-id=\"e1ec3ea\" data-element_type=\"widget\" data-widget_type=\"text-editor.default\">\n\t\t\t\t<div class=\"elementor-widget-container\">\n\t\t\t\t\t\t\t<div class=\"elementor-element elementor-element-29580f68 elementor-widget elementor-widget-text-editor\" data-id=\"29580f68\" data-element_type=\"widget\" data-widget_type=\"text-editor.default\">\n<div class=\"elementor-widget-container\">\n<p><br><\/p><p>L\u2019Altern\u00e9e est en partie un lieu, mais il s\u2019agit avant tout d\u2019un espace \u00e9motionnel et spirituel construit au fur et \u00e0 mesure par les personnes qui y p\u00e9n\u00e8trent. Ainsi, les ateliers que nous proposons ne sont pas exclusivement rattach\u00e9s \u00e0 un b\u00eatiment, ils peuvent voyager jusqu\u2019\u00e0 vous, et \u00e9voluer selon les sp\u00e9cificit\u00e9s de l\u2019espace dont vous disposez.&nbsp;<\/p>\n<\/div>\n<\/div>\t\t\t\t\t\t<\/div>\n\t\t\t\t<\/div>\n\t\t\t\t<div class=\"elementor-element elementor-element-97f041e animated-slow elementor-invisible elementor-widget elementor-widget-button\" data-id=\"97f041e\" data-element_type=\"widget\" data-settings=\"{&quot;_animation&quot;:&quot;bounceIn&quot;}\" data-widget_type=\"button.default\">\n\t\t\t\t<div class=\"elementor-widget-container\">\n\t\t\t\t\t<div class=\"elementor-button-wrapper\">\n\t\t\t<a href=\"https:\/\/www.brusselsartpole.be\/alternee\/nos-ateliers\/\" class=\"elementor-button-link elementor-button elementor-size-sm\" role=\"button\">\n\t\t\t\t\t\t<span class=\"elementor-button-content-wrapper\">\n\t\t\t\t\t\t<span class=\"elementor-button-icon elementor-align-icon-left\">\n\t\t\t\t<i aria-hidden=\"true\" class=\"fas fa-arrow-right\"><\/i>\t\t\t<\/span>\n\t\t\t\t\t\t<span class=\"elementor-button-text\">D\u00e9couvrez nos ateliers<\/span>\n\t\t<\/span>\n\t\t\t\t\t<\/a>\n\t\t<\/div>\n\t\t\t\t<\/div>\n\t\t\t\t<\/div>\n\t\t\t\t<div class=\"elementor-element elementor-element-2768239 elementor-widget elementor-widget-text-editor\" data-id=\"2768239\" data-element_type=\"widget\" data-widget_type=\"text-editor.default\">\n\t\t\t\t<div class=\"elementor-widget-container\">\n\t\t\t\t\t\t\t<div>\n<p>Nos intervenant.e.s \u00e9tant en grande partie \u00e9galement performeureuses, il est possible de combiner les ateliers avec des performances ou encore des espaces de discussion autour des diff\u00e9rentes pratiques.&nbsp;<\/p>\n<p><br><\/p>\n<\/div>\n<p>Nous demandons \u00e0 toustes nos collaborateurices de lire et d\u2019accepter notre&nbsp;<a href=\"https:\/\/www.brusselsartpole.be\/alternee\/notre-charte\"><u>CHARTE<\/u><\/a>&nbsp;avant d\u2019\u00e9tablir un partenariat.&nbsp;<\/p>\n<p>Vous pourrez trouver plus d\u2019informations sur les performances&nbsp;<u><a href=\"http:\/\/www.brusselsartpole.be\/leboxon\/exterieur\/\">ICI<\/a><\/u>.<\/p>\n<p><br><\/p>\n<p>Nous proposons aussi des initiations de pole dance, chair dance, burlesque et lap dance, contactez-nous pour plus d\u2019informations !<\/p>\t\t\t\t\t\t<\/div>\n\t\t\t\t<\/div>\n\t\t\t\t\t<\/div>\n\t\t<\/div>\n\t\t\t\t\t\t\t<\/div>\n\t\t<\/section>\n\t\t\t\t\t\t<\/div>\n\t\t\t\t\t<\/div>\n\t\t","protected":false},"excerpt":{"rendered":"<p>Collaborer Proposer un atelier Tu as un atelier d\u00e9j\u00e0 construit ou une id\u00e9e que tu aimerais d\u00e9velopper et programmer \u00e0 l\u2019Altern\u00e9e ?&nbsp;Chaque session, nous accueillons de nouveaux projets et intervenant.e.s, [&hellip;]<\/p>\n","protected":false},"author":2,"featured_media":0,"parent":0,"menu_order":0,"comment_status":"closed","ping_status":"closed","template":"","meta":[],"yoast_head":"<!-- This site is optimized with the Yoast SEO plugin v18.3 - https:\/\/yoast.com\/wordpress\/plugins\/seo\/ -->\n<title>Collaboration - L&#039;Altern\u00e9e<\/title>\n<meta name=\"description\" content=\"Tu souhaites programmer un de nos ateliers pour ton \u00e9v\u00e8nement ou proposer un projet pour l&#039;Altern\u00e9e ? Toutes les infos ici !\" \/>\n<meta name=\"robots\" content=\"index, follow, max-snippet:-1, max-image-preview:large, max-video-preview:-1\" \/>\n<link rel=\"canonical\" href=\"https:\/\/www.brusselsartpole.be\/alternee\/collaboration\/\" \/>\n<meta property=\"og:locale\" content=\"fr_FR\" \/>\n<meta property=\"og:type\" content=\"article\" \/>\n<meta property=\"og:title\" content=\"Collaboration - L&#039;Altern\u00e9e\" \/>\n<meta property=\"og:description\" content=\"Tu souhaites programmer un de nos ateliers pour ton \u00e9v\u00e8nement ou proposer un projet pour l&#039;Altern\u00e9e ? Toutes les infos ici !\" \/>\n<meta property=\"og:url\" content=\"https:\/\/www.brusselsartpole.be\/alternee\/collaboration\/\" \/>\n<meta property=\"og:site_name\" content=\"L&#039;Altern\u00e9e\" \/>\n<meta property=\"article:modified_time\" content=\"2025-02-27T21:29:04+00:00\" \/>\n<meta property=\"og:image\" content=\"https:\/\/www.brusselsartpole.be\/alternee\/wp-content\/uploads\/sites\/5\/2025\/02\/shibaripng-768x511.png\" \/>\n<meta name=\"twitter:card\" content=\"summary_large_image\" \/>\n<meta name=\"twitter:label1\" content=\"Dur\u00e9e de lecture estim\u00e9e\" \/>\n\t<meta name=\"twitter:data1\" content=\"4 minutes\" \/>\n<script type=\"application\/ld+json\" class=\"yoast-schema-graph\">{\"@context\":\"https:\/\/schema.org\",\"@graph\":[{\"@type\":\"WebSite\",\"@id\":\"https:\/\/www.brusselsartpole.be\/alternee\/#website\",\"url\":\"https:\/\/www.brusselsartpole.be\/alternee\/\",\"name\":\"L&#039;Altern\u00e9e\",\"description\":\"Espace d&#039;exploration intime \",\"potentialAction\":[{\"@type\":\"SearchAction\",\"target\":{\"@type\":\"EntryPoint\",\"urlTemplate\":\"https:\/\/www.brusselsartpole.be\/alternee\/?s={search_term_string}\"},\"query-input\":\"required name=search_term_string\"}],\"inLanguage\":\"fr-FR\"},{\"@type\":\"ImageObject\",\"@id\":\"https:\/\/www.brusselsartpole.be\/alternee\/collaboration\/#primaryimage\",\"inLanguage\":\"fr-FR\",\"url\":\"https:\/\/www.brusselsartpole.be\/alternee\/wp-content\/uploads\/sites\/5\/2025\/02\/shibaripng.png\",\"contentUrl\":\"https:\/\/www.brusselsartpole.be\/alternee\/wp-content\/uploads\/sites\/5\/2025\/02\/shibaripng.png\",\"width\":1024,\"height\":681},{\"@type\":\"WebPage\",\"@id\":\"https:\/\/www.brusselsartpole.be\/alternee\/collaboration\/#webpage\",\"url\":\"https:\/\/www.brusselsartpole.be\/alternee\/collaboration\/\",\"name\":\"Collaboration - L&#039;Altern\u00e9e\",\"isPartOf\":{\"@id\":\"https:\/\/www.brusselsartpole.be\/alternee\/#website\"},\"primaryImageOfPage\":{\"@id\":\"https:\/\/www.brusselsartpole.be\/alternee\/collaboration\/#primaryimage\"},\"datePublished\":\"2025-02-27T21:23:30+00:00\",\"dateModified\":\"2025-02-27T21:29:04+00:00\",\"description\":\"Tu souhaites programmer un de nos ateliers pour ton \u00e9v\u00e8nement ou proposer un projet pour l'Altern\u00e9e ? Toutes les infos ici !\",\"breadcrumb\":{\"@id\":\"https:\/\/www.brusselsartpole.be\/alternee\/collaboration\/#breadcrumb\"},\"inLanguage\":\"fr-FR\",\"potentialAction\":[{\"@type\":\"ReadAction\",\"target\":[\"https:\/\/www.brusselsartpole.be\/alternee\/collaboration\/\"]}]},{\"@type\":\"BreadcrumbList\",\"@id\":\"https:\/\/www.brusselsartpole.be\/alternee\/collaboration\/#breadcrumb\",\"itemListElement\":[{\"@type\":\"ListItem\",\"position\":1,\"name\":\"Accueil\",\"item\":\"https:\/\/www.brusselsartpole.be\/alternee\/\"},{\"@type\":\"ListItem\",\"position\":2,\"name\":\"Collaboration\"}]}]}<\/script>\n<!-- \/ Yoast SEO plugin. -->","yoast_head_json":{"title":"Collaboration - L&#039;Altern\u00e9e","description":"Tu souhaites programmer un de nos ateliers pour ton \u00e9v\u00e8nement ou proposer un projet pour l'Altern\u00e9e ? Toutes les infos ici !","robots":{"index":"index","follow":"follow","max-snippet":"max-snippet:-1","max-image-preview":"max-image-preview:large","max-video-preview":"max-video-preview:-1"},"canonical":"https:\/\/www.brusselsartpole.be\/alternee\/collaboration\/","og_locale":"fr_FR","og_type":"article","og_title":"Collaboration - L&#039;Altern\u00e9e","og_description":"Tu souhaites programmer un de nos ateliers pour ton \u00e9v\u00e8nement ou proposer un projet pour l'Altern\u00e9e ? Toutes les infos ici !","og_url":"https:\/\/www.brusselsartpole.be\/alternee\/collaboration\/","og_site_name":"L&#039;Altern\u00e9e","article_modified_time":"2025-02-27T21:29:04+00:00","og_image":[{"url":"https:\/\/www.brusselsartpole.be\/alternee\/wp-content\/uploads\/sites\/5\/2025\/02\/shibaripng-768x511.png"}],"twitter_card":"summary_large_image","twitter_misc":{"Dur\u00e9e de lecture estim\u00e9e":"4 minutes"},"schema":{"@context":"https:\/\/schema.org","@graph":[{"@type":"WebSite","@id":"https:\/\/www.brusselsartpole.be\/alternee\/#website","url":"https:\/\/www.brusselsartpole.be\/alternee\/","name":"L&#039;Altern\u00e9e","description":"Espace d&#039;exploration intime ","potentialAction":[{"@type":"SearchAction","target":{"@type":"EntryPoint","urlTemplate":"https:\/\/www.brusselsartpole.be\/alternee\/?s={search_term_string}"},"query-input":"required name=search_term_string"}],"inLanguage":"fr-FR"},{"@type":"ImageObject","@id":"https:\/\/www.brusselsartpole.be\/alternee\/collaboration\/#primaryimage","inLanguage":"fr-FR","url":"https:\/\/www.brusselsartpole.be\/alternee\/wp-content\/uploads\/sites\/5\/2025\/02\/shibaripng.png","contentUrl":"https:\/\/www.brusselsartpole.be\/alternee\/wp-content\/uploads\/sites\/5\/2025\/02\/shibaripng.png","width":1024,"height":681},{"@type":"WebPage","@id":"https:\/\/www.brusselsartpole.be\/alternee\/collaboration\/#webpage","url":"https:\/\/www.brusselsartpole.be\/alternee\/collaboration\/","name":"Collaboration - L&#039;Altern\u00e9e","isPartOf":{"@id":"https:\/\/www.brusselsartpole.be\/alternee\/#website"},"primaryImageOfPage":{"@id":"https:\/\/www.brusselsartpole.be\/alternee\/collaboration\/#primaryimage"},"datePublished":"2025-02-27T21:23:30+00:00","dateModified":"2025-02-27T21:29:04+00:00","description":"Tu souhaites programmer un de nos ateliers pour ton \u00e9v\u00e8nement ou proposer un projet pour l'Altern\u00e9e ? Toutes les infos ici !","breadcrumb":{"@id":"https:\/\/www.brusselsartpole.be\/alternee\/collaboration\/#breadcrumb"},"inLanguage":"fr-FR","potentialAction":[{"@type":"ReadAction","target":["https:\/\/www.brusselsartpole.be\/alternee\/collaboration\/"]}]},{"@type":"BreadcrumbList","@id":"https:\/\/www.brusselsartpole.be\/alternee\/collaboration\/#breadcrumb","itemListElement":[{"@type":"ListItem","position":1,"name":"Accueil","item":"https:\/\/www.brusselsartpole.be\/alternee\/"},{"@type":"ListItem","position":2,"name":"Collaboration"}]}]}},"_links":{"self":[{"href":"https:\/\/www.brusselsartpole.be\/alternee\/wp-json\/wp\/v2\/pages\/4062"}],"collection":[{"href":"https:\/\/www.brusselsartpole.be\/alternee\/wp-json\/wp\/v2\/pages"}],"about":[{"href":"https:\/\/www.brusselsartpole.be\/alternee\/wp-json\/wp\/v2\/types\/page"}],"author":[{"embeddable":true,"href":"https:\/\/www.brusselsartpole.be\/alternee\/wp-json\/wp\/v2\/users\/2"}],"replies":[{"embeddable":true,"href":"https:\/\/www.brusselsartpole.be\/alternee\/wp-json\/wp\/v2\/comments?post=4062"}],"version-history":[{"count":23,"href":"https:\/\/www.brusselsartpole.be\/alternee\/wp-json\/wp\/v2\/pages\/4062\/revisions"}],"predecessor-version":[{"id":4085,"href":"https:\/\/www.brusselsartpole.be\/alternee\/wp-json\/wp\/v2\/pages\/4062\/revisions\/4085"}],"wp:attachment":[{"href":"https:\/\/www.brusselsartpole.be\/alternee\/wp-json\/wp\/v2\/media?parent=4062"}],"curies":[{"name":"wp","href":"https:\/\/api.w.org\/{rel}","templated":true}]}}