{"id":3110,"date":"2024-03-28T17:33:37","date_gmt":"2024-03-28T16:33:37","guid":{"rendered":"https:\/\/www.brusselsartpole.be\/alternee\/?page_id=3110"},"modified":"2025-07-15T18:10:25","modified_gmt":"2025-07-15T16:10:25","slug":"discussion","status":"publish","type":"page","link":"https:\/\/www.brusselsartpole.be\/alternee\/discussion\/","title":{"rendered":"Cercles de discussion"},"content":{"rendered":"\t\t<div data-elementor-type=\"wp-page\" data-elementor-id=\"3110\" class=\"elementor elementor-3110\" data-elementor-settings=\"[]\">\n\t\t\t\t\t\t\t<div class=\"elementor-section-wrap\">\n\t\t\t\t\t\t\t<section class=\"elementor-section elementor-top-section elementor-element elementor-element-0c09d93 elementor-section-boxed elementor-section-height-default elementor-section-height-default qodef-elementor-content-no qodef-elementor-stretch-row-no qodef-elementor-overlay-no\" data-id=\"0c09d93\" data-element_type=\"section\">\n\t\t\t\t\t\t<div class=\"elementor-container elementor-column-gap-default\">\n\t\t\t\t\t<div class=\"elementor-column elementor-col-100 elementor-top-column elementor-element elementor-element-90c13ca\" data-id=\"90c13ca\" data-element_type=\"column\" data-settings=\"{&quot;background_background&quot;:&quot;classic&quot;}\">\n\t\t\t<div class=\"elementor-widget-wrap elementor-element-populated\">\n\t\t\t\t\t\t\t\t<div class=\"elementor-element elementor-element-afcc0b2 elementor-widget elementor-widget-heading\" data-id=\"afcc0b2\" data-element_type=\"widget\" data-widget_type=\"heading.default\">\n\t\t\t\t<div class=\"elementor-widget-container\">\n\t\t\t<style>\/*! elementor - v3.5.0 - 12-12-2021 *\/\n.elementor-heading-title{padding:0;margin:0;line-height:1}.elementor-widget-heading .elementor-heading-title[class*=elementor-size-]>a{color:inherit;font-size:inherit;line-height:inherit}.elementor-widget-heading .elementor-heading-title.elementor-size-small{font-size:15px}.elementor-widget-heading .elementor-heading-title.elementor-size-medium{font-size:19px}.elementor-widget-heading .elementor-heading-title.elementor-size-large{font-size:29px}.elementor-widget-heading .elementor-heading-title.elementor-size-xl{font-size:39px}.elementor-widget-heading .elementor-heading-title.elementor-size-xxl{font-size:59px}<\/style><h2 class=\"elementor-heading-title elementor-size-default\">CERCLES DE DISCUSSION<\/h2>\t\t<\/div>\n\t\t\t\t<\/div>\n\t\t\t\t<div class=\"elementor-element elementor-element-ff155db elementor-widget elementor-widget-image\" data-id=\"ff155db\" data-element_type=\"widget\" data-widget_type=\"image.default\">\n\t\t\t\t<div class=\"elementor-widget-container\">\n\t\t\t<style>\/*! elementor - v3.5.0 - 12-12-2021 *\/\n.elementor-widget-image{text-align:center}.elementor-widget-image a{display:inline-block}.elementor-widget-image a img[src$=\".svg\"]{width:48px}.elementor-widget-image img{vertical-align:middle;display:inline-block}<\/style>\t\t\t\t\t\t\t\t\t\t\t\t<img width=\"1024\" height=\"681\" src=\"https:\/\/www.brusselsartpole.be\/alternee\/wp-content\/uploads\/sites\/5\/2025\/02\/cercle.png\" class=\"attachment-large size-large\" alt=\"\" loading=\"lazy\" srcset=\"https:\/\/www.brusselsartpole.be\/alternee\/wp-content\/uploads\/sites\/5\/2025\/02\/cercle.png 1024w, https:\/\/www.brusselsartpole.be\/alternee\/wp-content\/uploads\/sites\/5\/2025\/02\/cercle-300x200.png 300w, https:\/\/www.brusselsartpole.be\/alternee\/wp-content\/uploads\/sites\/5\/2025\/02\/cercle-768x511.png 768w\" sizes=\"(max-width: 1024px) 100vw, 1024px\" \/>\t\t\t\t\t\t\t\t\t\t\t\t\t\t\t<\/div>\n\t\t\t\t<\/div>\n\t\t\t\t<div class=\"elementor-element elementor-element-63f530d elementor-widget elementor-widget-text-editor\" data-id=\"63f530d\" data-element_type=\"widget\" data-widget_type=\"text-editor.default\">\n\t\t\t\t<div class=\"elementor-widget-container\">\n\t\t\t<style>\/*! elementor - v3.5.0 - 12-12-2021 *\/\n.elementor-widget-text-editor.elementor-drop-cap-view-stacked .elementor-drop-cap{background-color:#818a91;color:#fff}.elementor-widget-text-editor.elementor-drop-cap-view-framed .elementor-drop-cap{color:#818a91;border:3px solid;background-color:transparent}.elementor-widget-text-editor:not(.elementor-drop-cap-view-default) .elementor-drop-cap{margin-top:8px}.elementor-widget-text-editor:not(.elementor-drop-cap-view-default) .elementor-drop-cap-letter{width:1em;height:1em}.elementor-widget-text-editor .elementor-drop-cap{float:left;text-align:center;line-height:1;font-size:50px}.elementor-widget-text-editor .elementor-drop-cap-letter{display:inline-block}<\/style>\t\t\t\t<p>Le dimanche soir, l&rsquo;Altern\u00e9e te propose des moments de partage dans la bienveillance pour \u00e9changer autour de th\u00e8me propos\u00e9s par des personnes qui en ont exprim\u00e9 l&rsquo;envie. Tout le monde peut proposer un cercle sur un sujet de son choix, pour peu qu&rsquo;il respecte nos&nbsp;<a href=\"https:\/\/www.brusselsartpole.be\/notre-charte\/\"><u>valeurs<\/u><\/a>. N&rsquo;h\u00e9site pas \u00e0 nous contacter par mail !&nbsp;<\/p>\n<p><br><\/p>\n<p><\/p>\n<p><b>ATTENTION : Certains cercles sont propos\u00e9s en non-mixit\u00e9, sans hommes cis. Pense \u00e0 v\u00e9rifiez si tu fais partie du public cible avant de t&rsquo;inscrire.<\/b><\/p>\n<p><b>&nbsp;<\/b><\/p>\n<p><\/p>\n<p>Ces rendez-vous sont gratuits.<\/p>\n<p><br><\/p>\n<p><\/p>\n<p>Voici un aper\u00e7u des discussion engag\u00e9es lors des cercles de discussion :&nbsp;<\/p>\n<ul>\n<li><i>Cr\u00e9er des relations sur mesure<\/i><\/li>\n<li><i>R\u00e9parer, soigner, ressentir, exprimer nos d\u00e9sirs<\/i><\/li>\n<li><i>Sexualit\u00e9.s de groupe<\/i><\/li>\n<li><i>D\u00e9sirs post-capitalistes<\/i><\/li>\n<li><i>Cr\u00e9er des relations sur mesure 2 : Les amiti\u00e9s<\/i><\/li>\n<li><i>Relations libres, sexualit\u00e9s et \u00e9mancipation f\u00e9minine<\/i><\/li>\n<li><i>Sant\u00e9 mentale et capitalisme, une qu\u00eate du bonheur illusoire ?&nbsp;<\/i><\/li>\n<li><i>Le sexe, un outil th\u00e9rapeutique ?&nbsp;<\/i><\/li>\n<li><i>Ecarts de d\u00e9sir ?&nbsp;<\/i><\/li>\n<li><i>Les espaces de sport et les personnes grosses<\/i><\/li>\n<li><i>V\u00e9ganisme, \u00e9tendre son cercle de compassion<\/i><\/li>\n<li><i>Cr\u00e9er des relations sur mesure 3 : La relation avec soi-m\u00eame<\/i><\/li>\n<li><i>Chienne, Sainte, Putain<\/i><\/li>\n<li><i>Transidentit\u00e9, non-binarit\u00e9, (f\u00e9minit\u00e9) et pole-dance<\/i><\/li>\n<li><i>Faire famille autrement, le non-d\u00e9sir d&rsquo;enfants<\/i><\/li>\n<\/ul>\t\t\t\t\t\t<\/div>\n\t\t\t\t<\/div>\n\t\t\t\t<div class=\"elementor-element elementor-element-e118dc6 animated-slow elementor-invisible elementor-widget elementor-widget-button\" data-id=\"e118dc6\" data-element_type=\"widget\" data-settings=\"{&quot;_animation&quot;:&quot;bounceIn&quot;}\" data-widget_type=\"button.default\">\n\t\t\t\t<div class=\"elementor-widget-container\">\n\t\t\t\t\t<div class=\"elementor-button-wrapper\">\n\t\t\t<a href=\"https:\/\/www.eversports.be\/sv\/brussels-art-pole\" class=\"elementor-button-link elementor-button elementor-size-sm\" role=\"button\">\n\t\t\t\t\t\t<span class=\"elementor-button-content-wrapper\">\n\t\t\t\t\t\t<span class=\"elementor-button-icon elementor-align-icon-left\">\n\t\t\t\t<i aria-hidden=\"true\" class=\"fas fa-arrow-right\"><\/i>\t\t\t<\/span>\n\t\t\t\t\t\t<span class=\"elementor-button-text\">Voir les cercles \u00e0 venir<\/span>\n\t\t<\/span>\n\t\t\t\t\t<\/a>\n\t\t<\/div>\n\t\t\t\t<\/div>\n\t\t\t\t<\/div>\n\t\t\t\t\t<\/div>\n\t\t<\/div>\n\t\t\t\t\t\t\t<\/div>\n\t\t<\/section>\n\t\t\t\t\t\t<\/div>\n\t\t\t\t\t<\/div>\n\t\t","protected":false},"excerpt":{"rendered":"<p>CERCLES DE DISCUSSION Le dimanche soir, l&rsquo;Altern\u00e9e te propose des moments de partage dans la bienveillance pour \u00e9changer autour de th\u00e8me propos\u00e9s par des personnes qui en ont exprim\u00e9 l&rsquo;envie. [&hellip;]<\/p>\n","protected":false},"author":2,"featured_media":0,"parent":0,"menu_order":0,"comment_status":"closed","ping_status":"closed","template":"","meta":[],"yoast_head":"<!-- This site is optimized with the Yoast SEO plugin v18.3 - https:\/\/yoast.com\/wordpress\/plugins\/seo\/ -->\n<title>Cercles de discussion - L&#039;Altern\u00e9e<\/title>\n<meta name=\"description\" content=\"Presque chaque semaine, nous vous invitons \u00e0 venir \u00e9changer autour de th\u00e9matique propos\u00e9es par des personnes diverses.\" \/>\n<meta name=\"robots\" content=\"index, follow, max-snippet:-1, max-image-preview:large, max-video-preview:-1\" \/>\n<link rel=\"canonical\" href=\"https:\/\/www.brusselsartpole.be\/alternee\/discussion\/\" \/>\n<meta property=\"og:locale\" content=\"fr_FR\" \/>\n<meta property=\"og:type\" content=\"article\" \/>\n<meta property=\"og:title\" content=\"Cercles de discussion - L&#039;Altern\u00e9e\" \/>\n<meta property=\"og:description\" content=\"Presque chaque semaine, nous vous invitons \u00e0 venir \u00e9changer autour de th\u00e9matique propos\u00e9es par des personnes diverses.\" \/>\n<meta property=\"og:url\" content=\"https:\/\/www.brusselsartpole.be\/alternee\/discussion\/\" \/>\n<meta property=\"og:site_name\" content=\"L&#039;Altern\u00e9e\" \/>\n<meta property=\"article:modified_time\" content=\"2025-07-15T16:10:25+00:00\" \/>\n<meta property=\"og:image\" content=\"https:\/\/www.brusselsartpole.be\/alternee\/wp-content\/uploads\/sites\/5\/2025\/02\/cercle.png\" \/>\n<meta name=\"twitter:card\" content=\"summary_large_image\" \/>\n<meta name=\"twitter:label1\" content=\"Dur\u00e9e de lecture estim\u00e9e\" \/>\n\t<meta name=\"twitter:data1\" content=\"2 minutes\" \/>\n<script type=\"application\/ld+json\" class=\"yoast-schema-graph\">{\"@context\":\"https:\/\/schema.org\",\"@graph\":[{\"@type\":\"WebSite\",\"@id\":\"https:\/\/www.brusselsartpole.be\/alternee\/#website\",\"url\":\"https:\/\/www.brusselsartpole.be\/alternee\/\",\"name\":\"L&#039;Altern\u00e9e\",\"description\":\"Espace d&#039;exploration intime \",\"potentialAction\":[{\"@type\":\"SearchAction\",\"target\":{\"@type\":\"EntryPoint\",\"urlTemplate\":\"https:\/\/www.brusselsartpole.be\/alternee\/?s={search_term_string}\"},\"query-input\":\"required name=search_term_string\"}],\"inLanguage\":\"fr-FR\"},{\"@type\":\"ImageObject\",\"@id\":\"https:\/\/www.brusselsartpole.be\/alternee\/discussion\/#primaryimage\",\"inLanguage\":\"fr-FR\",\"url\":\"https:\/\/www.brusselsartpole.be\/alternee\/wp-content\/uploads\/sites\/5\/2025\/02\/cercle.png\",\"contentUrl\":\"https:\/\/www.brusselsartpole.be\/alternee\/wp-content\/uploads\/sites\/5\/2025\/02\/cercle.png\",\"width\":1024,\"height\":681},{\"@type\":\"WebPage\",\"@id\":\"https:\/\/www.brusselsartpole.be\/alternee\/discussion\/#webpage\",\"url\":\"https:\/\/www.brusselsartpole.be\/alternee\/discussion\/\",\"name\":\"Cercles de discussion - L&#039;Altern\u00e9e\",\"isPartOf\":{\"@id\":\"https:\/\/www.brusselsartpole.be\/alternee\/#website\"},\"primaryImageOfPage\":{\"@id\":\"https:\/\/www.brusselsartpole.be\/alternee\/discussion\/#primaryimage\"},\"datePublished\":\"2024-03-28T16:33:37+00:00\",\"dateModified\":\"2025-07-15T16:10:25+00:00\",\"description\":\"Presque chaque semaine, nous vous invitons \u00e0 venir \u00e9changer autour de th\u00e9matique propos\u00e9es par des personnes diverses.\",\"breadcrumb\":{\"@id\":\"https:\/\/www.brusselsartpole.be\/alternee\/discussion\/#breadcrumb\"},\"inLanguage\":\"fr-FR\",\"potentialAction\":[{\"@type\":\"ReadAction\",\"target\":[\"https:\/\/www.brusselsartpole.be\/alternee\/discussion\/\"]}]},{\"@type\":\"BreadcrumbList\",\"@id\":\"https:\/\/www.brusselsartpole.be\/alternee\/discussion\/#breadcrumb\",\"itemListElement\":[{\"@type\":\"ListItem\",\"position\":1,\"name\":\"Accueil\",\"item\":\"https:\/\/www.brusselsartpole.be\/alternee\/\"},{\"@type\":\"ListItem\",\"position\":2,\"name\":\"Cercles de discussion\"}]}]}<\/script>\n<!-- \/ Yoast SEO plugin. -->","yoast_head_json":{"title":"Cercles de discussion - L&#039;Altern\u00e9e","description":"Presque chaque semaine, nous vous invitons \u00e0 venir \u00e9changer autour de th\u00e9matique propos\u00e9es par des personnes diverses.","robots":{"index":"index","follow":"follow","max-snippet":"max-snippet:-1","max-image-preview":"max-image-preview:large","max-video-preview":"max-video-preview:-1"},"canonical":"https:\/\/www.brusselsartpole.be\/alternee\/discussion\/","og_locale":"fr_FR","og_type":"article","og_title":"Cercles de discussion - L&#039;Altern\u00e9e","og_description":"Presque chaque semaine, nous vous invitons \u00e0 venir \u00e9changer autour de th\u00e9matique propos\u00e9es par des personnes diverses.","og_url":"https:\/\/www.brusselsartpole.be\/alternee\/discussion\/","og_site_name":"L&#039;Altern\u00e9e","article_modified_time":"2025-07-15T16:10:25+00:00","og_image":[{"url":"https:\/\/www.brusselsartpole.be\/alternee\/wp-content\/uploads\/sites\/5\/2025\/02\/cercle.png"}],"twitter_card":"summary_large_image","twitter_misc":{"Dur\u00e9e de lecture estim\u00e9e":"2 minutes"},"schema":{"@context":"https:\/\/schema.org","@graph":[{"@type":"WebSite","@id":"https:\/\/www.brusselsartpole.be\/alternee\/#website","url":"https:\/\/www.brusselsartpole.be\/alternee\/","name":"L&#039;Altern\u00e9e","description":"Espace d&#039;exploration intime ","potentialAction":[{"@type":"SearchAction","target":{"@type":"EntryPoint","urlTemplate":"https:\/\/www.brusselsartpole.be\/alternee\/?s={search_term_string}"},"query-input":"required name=search_term_string"}],"inLanguage":"fr-FR"},{"@type":"ImageObject","@id":"https:\/\/www.brusselsartpole.be\/alternee\/discussion\/#primaryimage","inLanguage":"fr-FR","url":"https:\/\/www.brusselsartpole.be\/alternee\/wp-content\/uploads\/sites\/5\/2025\/02\/cercle.png","contentUrl":"https:\/\/www.brusselsartpole.be\/alternee\/wp-content\/uploads\/sites\/5\/2025\/02\/cercle.png","width":1024,"height":681},{"@type":"WebPage","@id":"https:\/\/www.brusselsartpole.be\/alternee\/discussion\/#webpage","url":"https:\/\/www.brusselsartpole.be\/alternee\/discussion\/","name":"Cercles de discussion - L&#039;Altern\u00e9e","isPartOf":{"@id":"https:\/\/www.brusselsartpole.be\/alternee\/#website"},"primaryImageOfPage":{"@id":"https:\/\/www.brusselsartpole.be\/alternee\/discussion\/#primaryimage"},"datePublished":"2024-03-28T16:33:37+00:00","dateModified":"2025-07-15T16:10:25+00:00","description":"Presque chaque semaine, nous vous invitons \u00e0 venir \u00e9changer autour de th\u00e9matique propos\u00e9es par des personnes diverses.","breadcrumb":{"@id":"https:\/\/www.brusselsartpole.be\/alternee\/discussion\/#breadcrumb"},"inLanguage":"fr-FR","potentialAction":[{"@type":"ReadAction","target":["https:\/\/www.brusselsartpole.be\/alternee\/discussion\/"]}]},{"@type":"BreadcrumbList","@id":"https:\/\/www.brusselsartpole.be\/alternee\/discussion\/#breadcrumb","itemListElement":[{"@type":"ListItem","position":1,"name":"Accueil","item":"https:\/\/www.brusselsartpole.be\/alternee\/"},{"@type":"ListItem","position":2,"name":"Cercles de discussion"}]}]}},"_links":{"self":[{"href":"https:\/\/www.brusselsartpole.be\/alternee\/wp-json\/wp\/v2\/pages\/3110"}],"collection":[{"href":"https:\/\/www.brusselsartpole.be\/alternee\/wp-json\/wp\/v2\/pages"}],"about":[{"href":"https:\/\/www.brusselsartpole.be\/alternee\/wp-json\/wp\/v2\/types\/page"}],"author":[{"embeddable":true,"href":"https:\/\/www.brusselsartpole.be\/alternee\/wp-json\/wp\/v2\/users\/2"}],"replies":[{"embeddable":true,"href":"https:\/\/www.brusselsartpole.be\/alternee\/wp-json\/wp\/v2\/comments?post=3110"}],"version-history":[{"count":23,"href":"https:\/\/www.brusselsartpole.be\/alternee\/wp-json\/wp\/v2\/pages\/3110\/revisions"}],"predecessor-version":[{"id":4156,"href":"https:\/\/www.brusselsartpole.be\/alternee\/wp-json\/wp\/v2\/pages\/3110\/revisions\/4156"}],"wp:attachment":[{"href":"https:\/\/www.brusselsartpole.be\/alternee\/wp-json\/wp\/v2\/media?parent=3110"}],"curies":[{"name":"wp","href":"https:\/\/api.w.org\/{rel}","templated":true}]}}