{"id":2809,"date":"2023-12-06T17:34:22","date_gmt":"2023-12-06T16:34:22","guid":{"rendered":"https:\/\/www.brusselsartpole.be\/alternee\/?page_id=2809"},"modified":"2025-07-15T18:14:15","modified_gmt":"2025-07-15T16:14:15","slug":"trace-des-cordes","status":"publish","type":"page","link":"https:\/\/www.brusselsartpole.be\/alternee\/trace-des-cordes\/","title":{"rendered":"Le Trac\u00e9 des Cordes"},"content":{"rendered":"\t\t<div data-elementor-type=\"wp-page\" data-elementor-id=\"2809\" class=\"elementor elementor-2809\" data-elementor-settings=\"[]\">\n\t\t\t\t\t\t\t<div class=\"elementor-section-wrap\">\n\t\t\t\t\t\t\t<section class=\"elementor-section elementor-top-section elementor-element elementor-element-613aea7c elementor-section-full_width elementor-section-stretched elementor-section-height-default elementor-section-height-default qodef-elementor-content-no qodef-elementor-stretch-row-no qodef-elementor-overlay-no\" data-id=\"613aea7c\" data-element_type=\"section\" data-settings=\"{&quot;stretch_section&quot;:&quot;section-stretched&quot;,&quot;background_background&quot;:&quot;classic&quot;}\">\n\t\t\t\t\t\t<div class=\"elementor-container elementor-column-gap-default\">\n\t\t\t\t\t<div class=\"elementor-column elementor-col-100 elementor-top-column elementor-element elementor-element-1a3878f5\" data-id=\"1a3878f5\" data-element_type=\"column\">\n\t\t\t<div class=\"elementor-widget-wrap elementor-element-populated\">\n\t\t\t\t\t\t\t\t<div class=\"elementor-element elementor-element-5dc654c4 elementor-widget elementor-widget-heading\" data-id=\"5dc654c4\" data-element_type=\"widget\" data-widget_type=\"heading.default\">\n\t\t\t\t<div class=\"elementor-widget-container\">\n\t\t\t<style>\/*! elementor - v3.5.0 - 12-12-2021 *\/\n.elementor-heading-title{padding:0;margin:0;line-height:1}.elementor-widget-heading .elementor-heading-title[class*=elementor-size-]>a{color:inherit;font-size:inherit;line-height:inherit}.elementor-widget-heading .elementor-heading-title.elementor-size-small{font-size:15px}.elementor-widget-heading .elementor-heading-title.elementor-size-medium{font-size:19px}.elementor-widget-heading .elementor-heading-title.elementor-size-large{font-size:29px}.elementor-widget-heading .elementor-heading-title.elementor-size-xl{font-size:39px}.elementor-widget-heading .elementor-heading-title.elementor-size-xxl{font-size:59px}<\/style><h2 class=\"elementor-heading-title elementor-size-default\">Le Trac\u00e9 des Cordes<\/h2>\t\t<\/div>\n\t\t\t\t<\/div>\n\t\t\t\t<div class=\"elementor-element elementor-element-ef8edc0 elementor-widget elementor-widget-heading\" data-id=\"ef8edc0\" data-element_type=\"widget\" data-settings=\"{&quot;_animation&quot;:&quot;none&quot;}\" data-widget_type=\"heading.default\">\n\t\t\t\t<div class=\"elementor-widget-container\">\n\t\t\t<h2 class=\"elementor-heading-title elementor-size-default\">Performance et Mod\u00e8le Vivant<\/h2>\t\t<\/div>\n\t\t\t\t<\/div>\n\t\t\t\t<div class=\"elementor-element elementor-element-1cbcac8 elementor-widget elementor-widget-spacer\" data-id=\"1cbcac8\" data-element_type=\"widget\" data-widget_type=\"spacer.default\">\n\t\t\t\t<div class=\"elementor-widget-container\">\n\t\t\t\t\t<div class=\"elementor-spacer\">\n\t\t\t<div class=\"elementor-spacer-inner\"><\/div>\n\t\t<\/div>\n\t\t\t\t<\/div>\n\t\t\t\t<\/div>\n\t\t\t\t<div class=\"elementor-element elementor-element-29580f68 elementor-widget elementor-widget-text-editor\" data-id=\"29580f68\" data-element_type=\"widget\" data-widget_type=\"text-editor.default\">\n\t\t\t\t<div class=\"elementor-widget-container\">\n\t\t\t<style>\/*! elementor - v3.5.0 - 12-12-2021 *\/\n.elementor-widget-text-editor.elementor-drop-cap-view-stacked .elementor-drop-cap{background-color:#818a91;color:#fff}.elementor-widget-text-editor.elementor-drop-cap-view-framed .elementor-drop-cap{color:#818a91;border:3px solid;background-color:transparent}.elementor-widget-text-editor:not(.elementor-drop-cap-view-default) .elementor-drop-cap{margin-top:8px}.elementor-widget-text-editor:not(.elementor-drop-cap-view-default) .elementor-drop-cap-letter{width:1em;height:1em}.elementor-widget-text-editor .elementor-drop-cap{float:left;text-align:center;line-height:1;font-size:50px}.elementor-widget-text-editor .elementor-drop-cap-letter{display:inline-block}<\/style>\t\t\t\t<p class=\"MsoNormal\">Depuis plusieurs sessions, l&rsquo;Altern\u00e9e accueille une fois par trimestre Le Trac\u00e9 des Cordes. Au cours de ces soir\u00e9es, des \u00e9l\u00e8ves de la BAP te proposent deux sessions de shibari pour que tenter<span style=\"letter-spacing: 0.45px;\">de saisir, de croquer, des instants d&rsquo;\u00e9motions. Devant des corps qui se meuvent et des liens qui figent o\u00f9 transforment, tu es invit\u00e9.e \u00e0 suivre le trac\u00e9 des cordes. Le temps cr\u00e9atif est suivi d&rsquo;une restitution collective (si d\u00e9sir\u00e9e) ainsi que d&rsquo;un petit ap\u00e9ritif.\u00a0<\/span><\/p><p class=\"MsoNormal\"><span style=\"letter-spacing: 0.45px;\">\u00a0<\/span><\/p><p class=\"MsoNormal\">Merci de ramener ton mat\u00e9riel (papier, crayons, aquarelles, etc.).<\/p>\t\t\t\t\t\t<\/div>\n\t\t\t\t<\/div>\n\t\t\t\t<div class=\"elementor-element elementor-element-606bf83 animated-slow elementor-invisible elementor-widget elementor-widget-button\" data-id=\"606bf83\" data-element_type=\"widget\" data-settings=\"{&quot;_animation&quot;:&quot;bounceIn&quot;}\" data-widget_type=\"button.default\">\n\t\t\t\t<div class=\"elementor-widget-container\">\n\t\t\t\t\t<div class=\"elementor-button-wrapper\">\n\t\t\t<a href=\"\" class=\"elementor-button-link elementor-button elementor-size-sm\" role=\"button\">\n\t\t\t\t\t\t<span class=\"elementor-button-content-wrapper\">\n\t\t\t\t\t\t<span class=\"elementor-button-icon elementor-align-icon-left\">\n\t\t\t\t<i aria-hidden=\"true\" class=\"fas fa-arrow-right\"><\/i>\t\t\t<\/span>\n\t\t\t\t\t\t<span class=\"elementor-button-text\">Inscris-toi pour la prochaine rencontre ! <\/span>\n\t\t<\/span>\n\t\t\t\t\t<\/a>\n\t\t<\/div>\n\t\t\t\t<\/div>\n\t\t\t\t<\/div>\n\t\t\t\t\t<\/div>\n\t\t<\/div>\n\t\t\t\t\t\t\t<\/div>\n\t\t<\/section>\n\t\t\t\t\t\t<\/div>\n\t\t\t\t\t<\/div>\n\t\t","protected":false},"excerpt":{"rendered":"<p>Le Trac\u00e9 des Cordes Performance et Mod\u00e8le Vivant Depuis plusieurs sessions, l&rsquo;Altern\u00e9e accueille une fois par trimestre Le Trac\u00e9 des Cordes. Au cours de ces soir\u00e9es, des \u00e9l\u00e8ves de la [&hellip;]<\/p>\n","protected":false},"author":2,"featured_media":0,"parent":0,"menu_order":0,"comment_status":"closed","ping_status":"closed","template":"","meta":[],"yoast_head":"<!-- This site is optimized with the Yoast SEO plugin v18.3 - https:\/\/yoast.com\/wordpress\/plugins\/seo\/ -->\n<title>Le Trac\u00e9 des Cordes - L&#039;Altern\u00e9e<\/title>\n<meta name=\"description\" content=\"Chaque session, nous vous proposons de croquer une session de shibari, de suivre le trac\u00e9 des cordes et d&#039;\u00e9changer ensemble.\" \/>\n<meta name=\"robots\" content=\"index, follow, max-snippet:-1, max-image-preview:large, max-video-preview:-1\" \/>\n<link rel=\"canonical\" href=\"https:\/\/www.brusselsartpole.be\/alternee\/trace-des-cordes\/\" \/>\n<meta property=\"og:locale\" content=\"fr_FR\" \/>\n<meta property=\"og:type\" content=\"article\" \/>\n<meta property=\"og:title\" content=\"Le Trac\u00e9 des Cordes - L&#039;Altern\u00e9e\" \/>\n<meta property=\"og:description\" content=\"Chaque session, nous vous proposons de croquer une session de shibari, de suivre le trac\u00e9 des cordes et d&#039;\u00e9changer ensemble.\" \/>\n<meta property=\"og:url\" content=\"https:\/\/www.brusselsartpole.be\/alternee\/trace-des-cordes\/\" \/>\n<meta property=\"og:site_name\" content=\"L&#039;Altern\u00e9e\" \/>\n<meta property=\"article:modified_time\" content=\"2025-07-15T16:14:15+00:00\" \/>\n<meta name=\"twitter:card\" content=\"summary_large_image\" \/>\n<meta name=\"twitter:label1\" content=\"Dur\u00e9e de lecture estim\u00e9e\" \/>\n\t<meta name=\"twitter:data1\" content=\"1 minute\" \/>\n<script type=\"application\/ld+json\" class=\"yoast-schema-graph\">{\"@context\":\"https:\/\/schema.org\",\"@graph\":[{\"@type\":\"WebSite\",\"@id\":\"https:\/\/www.brusselsartpole.be\/alternee\/#website\",\"url\":\"https:\/\/www.brusselsartpole.be\/alternee\/\",\"name\":\"L&#039;Altern\u00e9e\",\"description\":\"Espace d&#039;exploration intime \",\"potentialAction\":[{\"@type\":\"SearchAction\",\"target\":{\"@type\":\"EntryPoint\",\"urlTemplate\":\"https:\/\/www.brusselsartpole.be\/alternee\/?s={search_term_string}\"},\"query-input\":\"required name=search_term_string\"}],\"inLanguage\":\"fr-FR\"},{\"@type\":\"WebPage\",\"@id\":\"https:\/\/www.brusselsartpole.be\/alternee\/trace-des-cordes\/#webpage\",\"url\":\"https:\/\/www.brusselsartpole.be\/alternee\/trace-des-cordes\/\",\"name\":\"Le Trac\u00e9 des Cordes - L&#039;Altern\u00e9e\",\"isPartOf\":{\"@id\":\"https:\/\/www.brusselsartpole.be\/alternee\/#website\"},\"datePublished\":\"2023-12-06T16:34:22+00:00\",\"dateModified\":\"2025-07-15T16:14:15+00:00\",\"description\":\"Chaque session, nous vous proposons de croquer une session de shibari, de suivre le trac\u00e9 des cordes et d'\u00e9changer ensemble.\",\"breadcrumb\":{\"@id\":\"https:\/\/www.brusselsartpole.be\/alternee\/trace-des-cordes\/#breadcrumb\"},\"inLanguage\":\"fr-FR\",\"potentialAction\":[{\"@type\":\"ReadAction\",\"target\":[\"https:\/\/www.brusselsartpole.be\/alternee\/trace-des-cordes\/\"]}]},{\"@type\":\"BreadcrumbList\",\"@id\":\"https:\/\/www.brusselsartpole.be\/alternee\/trace-des-cordes\/#breadcrumb\",\"itemListElement\":[{\"@type\":\"ListItem\",\"position\":1,\"name\":\"Accueil\",\"item\":\"https:\/\/www.brusselsartpole.be\/alternee\/\"},{\"@type\":\"ListItem\",\"position\":2,\"name\":\"Le Trac\u00e9 des Cordes\"}]}]}<\/script>\n<!-- \/ Yoast SEO plugin. -->","yoast_head_json":{"title":"Le Trac\u00e9 des Cordes - L&#039;Altern\u00e9e","description":"Chaque session, nous vous proposons de croquer une session de shibari, de suivre le trac\u00e9 des cordes et d'\u00e9changer ensemble.","robots":{"index":"index","follow":"follow","max-snippet":"max-snippet:-1","max-image-preview":"max-image-preview:large","max-video-preview":"max-video-preview:-1"},"canonical":"https:\/\/www.brusselsartpole.be\/alternee\/trace-des-cordes\/","og_locale":"fr_FR","og_type":"article","og_title":"Le Trac\u00e9 des Cordes - L&#039;Altern\u00e9e","og_description":"Chaque session, nous vous proposons de croquer une session de shibari, de suivre le trac\u00e9 des cordes et d'\u00e9changer ensemble.","og_url":"https:\/\/www.brusselsartpole.be\/alternee\/trace-des-cordes\/","og_site_name":"L&#039;Altern\u00e9e","article_modified_time":"2025-07-15T16:14:15+00:00","twitter_card":"summary_large_image","twitter_misc":{"Dur\u00e9e de lecture estim\u00e9e":"1 minute"},"schema":{"@context":"https:\/\/schema.org","@graph":[{"@type":"WebSite","@id":"https:\/\/www.brusselsartpole.be\/alternee\/#website","url":"https:\/\/www.brusselsartpole.be\/alternee\/","name":"L&#039;Altern\u00e9e","description":"Espace d&#039;exploration intime ","potentialAction":[{"@type":"SearchAction","target":{"@type":"EntryPoint","urlTemplate":"https:\/\/www.brusselsartpole.be\/alternee\/?s={search_term_string}"},"query-input":"required name=search_term_string"}],"inLanguage":"fr-FR"},{"@type":"WebPage","@id":"https:\/\/www.brusselsartpole.be\/alternee\/trace-des-cordes\/#webpage","url":"https:\/\/www.brusselsartpole.be\/alternee\/trace-des-cordes\/","name":"Le Trac\u00e9 des Cordes - L&#039;Altern\u00e9e","isPartOf":{"@id":"https:\/\/www.brusselsartpole.be\/alternee\/#website"},"datePublished":"2023-12-06T16:34:22+00:00","dateModified":"2025-07-15T16:14:15+00:00","description":"Chaque session, nous vous proposons de croquer une session de shibari, de suivre le trac\u00e9 des cordes et d'\u00e9changer ensemble.","breadcrumb":{"@id":"https:\/\/www.brusselsartpole.be\/alternee\/trace-des-cordes\/#breadcrumb"},"inLanguage":"fr-FR","potentialAction":[{"@type":"ReadAction","target":["https:\/\/www.brusselsartpole.be\/alternee\/trace-des-cordes\/"]}]},{"@type":"BreadcrumbList","@id":"https:\/\/www.brusselsartpole.be\/alternee\/trace-des-cordes\/#breadcrumb","itemListElement":[{"@type":"ListItem","position":1,"name":"Accueil","item":"https:\/\/www.brusselsartpole.be\/alternee\/"},{"@type":"ListItem","position":2,"name":"Le Trac\u00e9 des Cordes"}]}]}},"_links":{"self":[{"href":"https:\/\/www.brusselsartpole.be\/alternee\/wp-json\/wp\/v2\/pages\/2809"}],"collection":[{"href":"https:\/\/www.brusselsartpole.be\/alternee\/wp-json\/wp\/v2\/pages"}],"about":[{"href":"https:\/\/www.brusselsartpole.be\/alternee\/wp-json\/wp\/v2\/types\/page"}],"author":[{"embeddable":true,"href":"https:\/\/www.brusselsartpole.be\/alternee\/wp-json\/wp\/v2\/users\/2"}],"replies":[{"embeddable":true,"href":"https:\/\/www.brusselsartpole.be\/alternee\/wp-json\/wp\/v2\/comments?post=2809"}],"version-history":[{"count":19,"href":"https:\/\/www.brusselsartpole.be\/alternee\/wp-json\/wp\/v2\/pages\/2809\/revisions"}],"predecessor-version":[{"id":4165,"href":"https:\/\/www.brusselsartpole.be\/alternee\/wp-json\/wp\/v2\/pages\/2809\/revisions\/4165"}],"wp:attachment":[{"href":"https:\/\/www.brusselsartpole.be\/alternee\/wp-json\/wp\/v2\/media?parent=2809"}],"curies":[{"name":"wp","href":"https:\/\/api.w.org\/{rel}","templated":true}]}}