{"id":1572,"date":"2022-09-09T15:15:18","date_gmt":"2022-09-09T13:15:18","guid":{"rendered":"https:\/\/www.brusselsartpole.be\/alternee\/?page_id=1572"},"modified":"2025-07-15T18:15:08","modified_gmt":"2025-07-15T16:15:08","slug":"massage-tantrique","status":"publish","type":"page","link":"https:\/\/www.brusselsartpole.be\/alternee\/massage-tantrique\/","title":{"rendered":"Massage Tantrique"},"content":{"rendered":"\t\t<div data-elementor-type=\"wp-page\" data-elementor-id=\"1572\" class=\"elementor elementor-1572\" data-elementor-settings=\"[]\">\n\t\t\t\t\t\t\t<div class=\"elementor-section-wrap\">\n\t\t\t\t\t\t\t<section class=\"elementor-section elementor-top-section elementor-element elementor-element-613aea7c elementor-section-full_width elementor-section-stretched elementor-section-height-default elementor-section-height-default qodef-elementor-content-no qodef-elementor-stretch-row-no qodef-elementor-overlay-no\" data-id=\"613aea7c\" data-element_type=\"section\" data-settings=\"{&quot;stretch_section&quot;:&quot;section-stretched&quot;,&quot;background_background&quot;:&quot;classic&quot;}\">\n\t\t\t\t\t\t<div class=\"elementor-container elementor-column-gap-default\">\n\t\t\t\t\t<div class=\"elementor-column elementor-col-100 elementor-top-column elementor-element elementor-element-1a3878f5\" data-id=\"1a3878f5\" data-element_type=\"column\">\n\t\t\t<div class=\"elementor-widget-wrap elementor-element-populated\">\n\t\t\t\t\t\t\t\t<div class=\"elementor-element elementor-element-5dc654c4 elementor-widget elementor-widget-heading\" data-id=\"5dc654c4\" data-element_type=\"widget\" data-widget_type=\"heading.default\">\n\t\t\t\t<div class=\"elementor-widget-container\">\n\t\t\t<style>\/*! elementor - v3.5.0 - 12-12-2021 *\/\n.elementor-heading-title{padding:0;margin:0;line-height:1}.elementor-widget-heading .elementor-heading-title[class*=elementor-size-]>a{color:inherit;font-size:inherit;line-height:inherit}.elementor-widget-heading .elementor-heading-title.elementor-size-small{font-size:15px}.elementor-widget-heading .elementor-heading-title.elementor-size-medium{font-size:19px}.elementor-widget-heading .elementor-heading-title.elementor-size-large{font-size:29px}.elementor-widget-heading .elementor-heading-title.elementor-size-xl{font-size:39px}.elementor-widget-heading .elementor-heading-title.elementor-size-xxl{font-size:59px}<\/style><h2 class=\"elementor-heading-title elementor-size-default\">Massage Tantrique<\/h2>\t\t<\/div>\n\t\t\t\t<\/div>\n\t\t\t\t<div class=\"elementor-element elementor-element-551d27f elementor-widget elementor-widget-image\" data-id=\"551d27f\" data-element_type=\"widget\" data-widget_type=\"image.default\">\n\t\t\t\t<div class=\"elementor-widget-container\">\n\t\t\t<style>\/*! elementor - v3.5.0 - 12-12-2021 *\/\n.elementor-widget-image{text-align:center}.elementor-widget-image a{display:inline-block}.elementor-widget-image a img[src$=\".svg\"]{width:48px}.elementor-widget-image img{vertical-align:middle;display:inline-block}<\/style>\t\t\t\t\t\t\t\t\t\t\t\t<img width=\"768\" height=\"511\" src=\"https:\/\/www.brusselsartpole.be\/alternee\/wp-content\/uploads\/sites\/5\/2025\/02\/tantrique-768x511.png\" class=\"attachment-medium_large size-medium_large\" alt=\"\" loading=\"lazy\" srcset=\"https:\/\/www.brusselsartpole.be\/alternee\/wp-content\/uploads\/sites\/5\/2025\/02\/tantrique-768x511.png 768w, https:\/\/www.brusselsartpole.be\/alternee\/wp-content\/uploads\/sites\/5\/2025\/02\/tantrique-300x200.png 300w, https:\/\/www.brusselsartpole.be\/alternee\/wp-content\/uploads\/sites\/5\/2025\/02\/tantrique.png 1024w\" sizes=\"(max-width: 768px) 100vw, 768px\" \/>\t\t\t\t\t\t\t\t\t\t\t\t\t\t\t<\/div>\n\t\t\t\t<\/div>\n\t\t\t\t<div class=\"elementor-element elementor-element-29580f68 elementor-widget elementor-widget-text-editor\" data-id=\"29580f68\" data-element_type=\"widget\" data-widget_type=\"text-editor.default\">\n\t\t\t\t<div class=\"elementor-widget-container\">\n\t\t\t<style>\/*! elementor - v3.5.0 - 12-12-2021 *\/\n.elementor-widget-text-editor.elementor-drop-cap-view-stacked .elementor-drop-cap{background-color:#818a91;color:#fff}.elementor-widget-text-editor.elementor-drop-cap-view-framed .elementor-drop-cap{color:#818a91;border:3px solid;background-color:transparent}.elementor-widget-text-editor:not(.elementor-drop-cap-view-default) .elementor-drop-cap{margin-top:8px}.elementor-widget-text-editor:not(.elementor-drop-cap-view-default) .elementor-drop-cap-letter{width:1em;height:1em}.elementor-widget-text-editor .elementor-drop-cap{float:left;text-align:center;line-height:1;font-size:50px}.elementor-widget-text-editor .elementor-drop-cap-letter{display:inline-block}<\/style>\t\t\t\t<p><span style=\"color: #ffffff;\">Le massage tantrique se vit comme un voyage au c\u0153ur de soi, une exp\u00e9rience hors du temps o\u00f9 le corps devient conscient de tout ce qui le traverse\u2026 de l\u00e9gers fr\u00e9missements \u00e0 l\u2019expression vari\u00e9e d\u2019une intense joie. Ou aussi parfois la sensation d\u2019une blessure, d\u2019une r\u00e9sistance qui, lorsqu\u2019elles sont reconnues, accept\u00e9es, peuvent s\u2019apaiser. De la place se lib\u00e8re alors pour percevoir votre belle \u00e9nergie de vie.<\/span><\/p><p><span style=\"color: #ffffff;\"><br><\/span><\/p>\n<p><span style=\"color: #ffffff;\">Sensuel, enveloppant et \u00e9nergisant, le massage tantrique rend hommage \u00e0 la vie qui vibre en chacun de nous. C\u2019est pourquoi, avec ton accord, chaque partie du corps, y compris le sexe, est mass\u00e9e dans une d\u00e9marche d\u2019unification du corps, du c\u0153ur et de l\u2019esprit. L\u2019excitation sexuelle, si elle n\u2019est pas recherch\u00e9e, est accueillie et diffus\u00e9e\u2026 en chemin vers l\u2019extase&nbsp;? Le massage tantrique est une c\u00e9l\u00e9bration de la vie qui palpite \u00e0 l\u2019int\u00e9rieur de notre \u00eatre.&nbsp;<\/span><\/p>\n<p><span style=\"color: #ffffff;\">&nbsp;<\/span><\/p>\n<p><span style=\"color: #ffffff;\"><b>Afin de que les participant.e.s se sentent le plus \u00e0 l&rsquo;aise possible, ces ateliers sont propos\u00e9s soit en mixit\u00e9, soit en non-mixit\u00e9, c&rsquo;est-\u00e0-dire sans hommes cisgenre.<\/b><\/span><\/p>\t\t\t\t\t\t<\/div>\n\t\t\t\t<\/div>\n\t\t\t\t<div class=\"elementor-element elementor-element-bbb971f elementor-widget elementor-widget-spacer\" data-id=\"bbb971f\" data-element_type=\"widget\" data-widget_type=\"spacer.default\">\n\t\t\t\t<div class=\"elementor-widget-container\">\n\t\t\t\t\t<div class=\"elementor-spacer\">\n\t\t\t<div class=\"elementor-spacer-inner\"><\/div>\n\t\t<\/div>\n\t\t\t\t<\/div>\n\t\t\t\t<\/div>\n\t\t\t\t<div class=\"elementor-element elementor-element-478d299 elementor-widget elementor-widget-heading\" data-id=\"478d299\" data-element_type=\"widget\" data-widget_type=\"heading.default\">\n\t\t\t\t<div class=\"elementor-widget-container\">\n\t\t\t<h2 class=\"elementor-heading-title elementor-size-default\">INITIATION AU MASSAGE TANTRIQUE<\/h2>\t\t<\/div>\n\t\t\t\t<\/div>\n\t\t\t\t<div class=\"elementor-element elementor-element-b7b97b1 elementor-widget elementor-widget-text-editor\" data-id=\"b7b97b1\" data-element_type=\"widget\" data-widget_type=\"text-editor.default\">\n\t\t\t\t<div class=\"elementor-widget-container\">\n\t\t\t\t\t\t\t<p><span style=\"color: #ffffff;\">Nous te proposons d\u2019explorer les vertus du massage tantrique dans un cadre s\u00e9curis\u00e9 et bienveillant. Apr\u00e8s s\u2019\u00eatre attard\u00e9 sur la notion de consentement et l\u2019avoir exp\u00e9riment\u00e9 \u00e0 l\u2019aide d\u2019un exercice tu d\u00e9couvriras les diff\u00e9rents types de toucher, apprendre la lenteur, respirer et m\u00e9diter pour devenir davantage conscient.e, pr\u00e9sent.e \u00e0 l\u2019autre ainsi qu\u2019\u00e0 ce qui se passe en toi.<\/span><\/p><p><span style=\"color: #ffffff;\">\u00a0<\/span><\/p><p><span style=\"color: #ffffff;\">Tu exp\u00e9rimenteras des pratiques de soin tantrique en duo ou en trio. Tu sera invit\u00e9.e \u00e0 choisir un.e partenaire sur place mais tu peux \u00e9galement venir en bin\u00f4me et rester ensemble lors des diff\u00e9rentes structures.<\/span><\/p><p><span style=\"color: #ffffff;\">\u00a0<\/span><\/p><p><span style=\"color: #ffffff;\">Il est recommand\u00e9 de recevoir le massage nu.e. Le climat de s\u00e9curit\u00e9, de respect et de douceur sera propice \u00e0 te laisser aller \u00e0 la nudit\u00e9 en toute confiance.<\/span><\/p>\t\t\t\t\t\t<\/div>\n\t\t\t\t<\/div>\n\t\t\t\t<div class=\"elementor-element elementor-element-1fc7ed9 elementor-widget elementor-widget-spacer\" data-id=\"1fc7ed9\" data-element_type=\"widget\" data-widget_type=\"spacer.default\">\n\t\t\t\t<div class=\"elementor-widget-container\">\n\t\t\t\t\t<div class=\"elementor-spacer\">\n\t\t\t<div class=\"elementor-spacer-inner\"><\/div>\n\t\t<\/div>\n\t\t\t\t<\/div>\n\t\t\t\t<\/div>\n\t\t\t\t<div class=\"elementor-element elementor-element-aafe12e elementor-widget elementor-widget-heading\" data-id=\"aafe12e\" data-element_type=\"widget\" data-widget_type=\"heading.default\">\n\t\t\t\t<div class=\"elementor-widget-container\">\n\t\t\t<h2 class=\"elementor-heading-title elementor-size-default\">Niveau 2<\/h2>\t\t<\/div>\n\t\t\t\t<\/div>\n\t\t\t\t<div class=\"elementor-element elementor-element-7f2fea0 elementor-widget elementor-widget-text-editor\" data-id=\"7f2fea0\" data-element_type=\"widget\" data-widget_type=\"text-editor.default\">\n\t\t\t\t<div class=\"elementor-widget-container\">\n\t\t\t\t\t\t\t<p>Tu as suivi l\u2019initiation au massage tantrique et souhaites approfondir ta pratique ? Bienvenue au niveau 2, o\u00f9 tu pourras plonger plus profond\u00e9ment dans l&rsquo;art de la connexion, de la lenteur, de la pr\u00e9sence \u00e0 soi et \u00e0 l\u2019autre.<\/p>\n<p><br><\/p>\n<p>A travers diff\u00e9rentes propositions, tu seras amen\u00e9.e \u00e0 colorer ton massage, \u00e0 lui donner, \u00e0 travers ton attitude, une certaine \u00e9nergie. Les exercices de m\u00e9ditation, de respiration et de massage te permettront d\u2019\u00eatre pr\u00e9sent.e. \u00e0 toi-m\u00eame, disponible \u00e0 l\u2019autre, connect\u00e9.e.<\/p>\n<p><br><\/p>\n<p>Dans cet atelier, le cadre s\u00e9curis\u00e9 sera pos\u00e9 et le consentement, le respect de soi et des autres seront les valeurs pr\u00e9\u00e9tablies.<\/p>\n<p><br><\/p>\n<p><\/p>\n<p><strong>La participation \u00e0 l\u2019initiation au massage tantrique est un pr\u00e9requis pour pouvoir s\u2019inscrire au niveau 2. Les bin\u00f4mes doivent \u00eatre form\u00e9s pr\u00e9alablement.<\/strong><\/p>\n<p><strong>Pour le niveau 2, les inscriptions se font directement en bin\u00f4me, il suffit donc de ne s&rsquo;inscrire qu&rsquo;une seule fois.<\/strong><\/p>\t\t\t\t\t\t<\/div>\n\t\t\t\t<\/div>\n\t\t\t\t<div class=\"elementor-element elementor-element-67c428c0 animated-slow elementor-invisible elementor-widget elementor-widget-qi_addons_for_elementor_button\" data-id=\"67c428c0\" data-element_type=\"widget\" data-settings=\"{&quot;_animation&quot;:&quot;bounceIn&quot;}\" data-widget_type=\"qi_addons_for_elementor_button.default\">\n\t\t\t\t<div class=\"elementor-widget-container\">\n\t\t\t<a class=\"qodef-shortcode qodef-m  qodef-qi-button qodef-html--link qodef-layout--textual    qodef-icon--left qodef-hover--icon-move-horizontal-short     \" href=\"https:\/\/www.eversports.be\/sw\/brussels-art-pole\" target=\"_blank\">\n\t<span class=\"qodef-m-text\">Voir les prochains ateliers<\/span>\n\t\t<span class=\"qodef-m-icon \">\n\t\t<span class=\"qodef-m-icon-inner\">\n\t\t\t<i aria-hidden=\"true\" class=\"fas fa-arrow-right\"><\/i>\t\t\t\t\t<\/span>\n\t<\/span>\n<\/a>\n\t\t<\/div>\n\t\t\t\t<\/div>\n\t\t\t\t\t<\/div>\n\t\t<\/div>\n\t\t\t\t\t\t\t<\/div>\n\t\t<\/section>\n\t\t\t\t\t\t<\/div>\n\t\t\t\t\t<\/div>\n\t\t","protected":false},"excerpt":{"rendered":"<p>Massage Tantrique Le massage tantrique se vit comme un voyage au c\u0153ur de soi, une exp\u00e9rience hors du temps o\u00f9 le corps devient conscient de tout ce qui le traverse\u2026 [&hellip;]<\/p>\n","protected":false},"author":2,"featured_media":0,"parent":0,"menu_order":0,"comment_status":"closed","ping_status":"closed","template":"","meta":[],"yoast_head":"<!-- This site is optimized with the Yoast SEO plugin v18.3 - https:\/\/yoast.com\/wordpress\/plugins\/seo\/ -->\n<title>Massage Tantrique - L&#039;Altern\u00e9e<\/title>\n<meta name=\"description\" content=\"Le massage tantrique se vit comme un voyage au c\u0153ur de soi, une exp\u00e9rience o\u00f9 le corps devient conscient de tout ce qui le traverse.\" \/>\n<meta name=\"robots\" content=\"index, follow, max-snippet:-1, max-image-preview:large, max-video-preview:-1\" \/>\n<link rel=\"canonical\" href=\"https:\/\/www.brusselsartpole.be\/alternee\/massage-tantrique\/\" \/>\n<meta property=\"og:locale\" content=\"fr_FR\" \/>\n<meta property=\"og:type\" content=\"article\" \/>\n<meta property=\"og:title\" content=\"Massage Tantrique - L&#039;Altern\u00e9e\" \/>\n<meta property=\"og:description\" content=\"Le massage tantrique se vit comme un voyage au c\u0153ur de soi, une exp\u00e9rience o\u00f9 le corps devient conscient de tout ce qui le traverse.\" \/>\n<meta property=\"og:url\" content=\"https:\/\/www.brusselsartpole.be\/alternee\/massage-tantrique\/\" \/>\n<meta property=\"og:site_name\" content=\"L&#039;Altern\u00e9e\" \/>\n<meta property=\"article:modified_time\" content=\"2025-07-15T16:15:08+00:00\" \/>\n<meta property=\"og:image\" content=\"https:\/\/www.brusselsartpole.be\/alternee\/wp-content\/uploads\/sites\/5\/2025\/02\/tantrique-768x511.png\" \/>\n<meta name=\"twitter:card\" content=\"summary_large_image\" \/>\n<meta name=\"twitter:label1\" content=\"Dur\u00e9e de lecture estim\u00e9e\" \/>\n\t<meta name=\"twitter:data1\" content=\"3 minutes\" \/>\n<script type=\"application\/ld+json\" class=\"yoast-schema-graph\">{\"@context\":\"https:\/\/schema.org\",\"@graph\":[{\"@type\":\"WebSite\",\"@id\":\"https:\/\/www.brusselsartpole.be\/alternee\/#website\",\"url\":\"https:\/\/www.brusselsartpole.be\/alternee\/\",\"name\":\"L&#039;Altern\u00e9e\",\"description\":\"Espace d&#039;exploration intime \",\"potentialAction\":[{\"@type\":\"SearchAction\",\"target\":{\"@type\":\"EntryPoint\",\"urlTemplate\":\"https:\/\/www.brusselsartpole.be\/alternee\/?s={search_term_string}\"},\"query-input\":\"required name=search_term_string\"}],\"inLanguage\":\"fr-FR\"},{\"@type\":\"ImageObject\",\"@id\":\"https:\/\/www.brusselsartpole.be\/alternee\/massage-tantrique\/#primaryimage\",\"inLanguage\":\"fr-FR\",\"url\":\"https:\/\/www.brusselsartpole.be\/alternee\/wp-content\/uploads\/sites\/5\/2025\/02\/tantrique.png\",\"contentUrl\":\"https:\/\/www.brusselsartpole.be\/alternee\/wp-content\/uploads\/sites\/5\/2025\/02\/tantrique.png\",\"width\":1024,\"height\":681},{\"@type\":\"WebPage\",\"@id\":\"https:\/\/www.brusselsartpole.be\/alternee\/massage-tantrique\/#webpage\",\"url\":\"https:\/\/www.brusselsartpole.be\/alternee\/massage-tantrique\/\",\"name\":\"Massage Tantrique - L&#039;Altern\u00e9e\",\"isPartOf\":{\"@id\":\"https:\/\/www.brusselsartpole.be\/alternee\/#website\"},\"primaryImageOfPage\":{\"@id\":\"https:\/\/www.brusselsartpole.be\/alternee\/massage-tantrique\/#primaryimage\"},\"datePublished\":\"2022-09-09T13:15:18+00:00\",\"dateModified\":\"2025-07-15T16:15:08+00:00\",\"description\":\"Le massage tantrique se vit comme un voyage au c\u0153ur de soi, une exp\u00e9rience o\u00f9 le corps devient conscient de tout ce qui le traverse.\",\"breadcrumb\":{\"@id\":\"https:\/\/www.brusselsartpole.be\/alternee\/massage-tantrique\/#breadcrumb\"},\"inLanguage\":\"fr-FR\",\"potentialAction\":[{\"@type\":\"ReadAction\",\"target\":[\"https:\/\/www.brusselsartpole.be\/alternee\/massage-tantrique\/\"]}]},{\"@type\":\"BreadcrumbList\",\"@id\":\"https:\/\/www.brusselsartpole.be\/alternee\/massage-tantrique\/#breadcrumb\",\"itemListElement\":[{\"@type\":\"ListItem\",\"position\":1,\"name\":\"Accueil\",\"item\":\"https:\/\/www.brusselsartpole.be\/alternee\/\"},{\"@type\":\"ListItem\",\"position\":2,\"name\":\"Massage Tantrique\"}]}]}<\/script>\n<!-- \/ Yoast SEO plugin. -->","yoast_head_json":{"title":"Massage Tantrique - L&#039;Altern\u00e9e","description":"Le massage tantrique se vit comme un voyage au c\u0153ur de soi, une exp\u00e9rience o\u00f9 le corps devient conscient de tout ce qui le traverse.","robots":{"index":"index","follow":"follow","max-snippet":"max-snippet:-1","max-image-preview":"max-image-preview:large","max-video-preview":"max-video-preview:-1"},"canonical":"https:\/\/www.brusselsartpole.be\/alternee\/massage-tantrique\/","og_locale":"fr_FR","og_type":"article","og_title":"Massage Tantrique - L&#039;Altern\u00e9e","og_description":"Le massage tantrique se vit comme un voyage au c\u0153ur de soi, une exp\u00e9rience o\u00f9 le corps devient conscient de tout ce qui le traverse.","og_url":"https:\/\/www.brusselsartpole.be\/alternee\/massage-tantrique\/","og_site_name":"L&#039;Altern\u00e9e","article_modified_time":"2025-07-15T16:15:08+00:00","og_image":[{"url":"https:\/\/www.brusselsartpole.be\/alternee\/wp-content\/uploads\/sites\/5\/2025\/02\/tantrique-768x511.png"}],"twitter_card":"summary_large_image","twitter_misc":{"Dur\u00e9e de lecture estim\u00e9e":"3 minutes"},"schema":{"@context":"https:\/\/schema.org","@graph":[{"@type":"WebSite","@id":"https:\/\/www.brusselsartpole.be\/alternee\/#website","url":"https:\/\/www.brusselsartpole.be\/alternee\/","name":"L&#039;Altern\u00e9e","description":"Espace d&#039;exploration intime ","potentialAction":[{"@type":"SearchAction","target":{"@type":"EntryPoint","urlTemplate":"https:\/\/www.brusselsartpole.be\/alternee\/?s={search_term_string}"},"query-input":"required name=search_term_string"}],"inLanguage":"fr-FR"},{"@type":"ImageObject","@id":"https:\/\/www.brusselsartpole.be\/alternee\/massage-tantrique\/#primaryimage","inLanguage":"fr-FR","url":"https:\/\/www.brusselsartpole.be\/alternee\/wp-content\/uploads\/sites\/5\/2025\/02\/tantrique.png","contentUrl":"https:\/\/www.brusselsartpole.be\/alternee\/wp-content\/uploads\/sites\/5\/2025\/02\/tantrique.png","width":1024,"height":681},{"@type":"WebPage","@id":"https:\/\/www.brusselsartpole.be\/alternee\/massage-tantrique\/#webpage","url":"https:\/\/www.brusselsartpole.be\/alternee\/massage-tantrique\/","name":"Massage Tantrique - L&#039;Altern\u00e9e","isPartOf":{"@id":"https:\/\/www.brusselsartpole.be\/alternee\/#website"},"primaryImageOfPage":{"@id":"https:\/\/www.brusselsartpole.be\/alternee\/massage-tantrique\/#primaryimage"},"datePublished":"2022-09-09T13:15:18+00:00","dateModified":"2025-07-15T16:15:08+00:00","description":"Le massage tantrique se vit comme un voyage au c\u0153ur de soi, une exp\u00e9rience o\u00f9 le corps devient conscient de tout ce qui le traverse.","breadcrumb":{"@id":"https:\/\/www.brusselsartpole.be\/alternee\/massage-tantrique\/#breadcrumb"},"inLanguage":"fr-FR","potentialAction":[{"@type":"ReadAction","target":["https:\/\/www.brusselsartpole.be\/alternee\/massage-tantrique\/"]}]},{"@type":"BreadcrumbList","@id":"https:\/\/www.brusselsartpole.be\/alternee\/massage-tantrique\/#breadcrumb","itemListElement":[{"@type":"ListItem","position":1,"name":"Accueil","item":"https:\/\/www.brusselsartpole.be\/alternee\/"},{"@type":"ListItem","position":2,"name":"Massage Tantrique"}]}]}},"_links":{"self":[{"href":"https:\/\/www.brusselsartpole.be\/alternee\/wp-json\/wp\/v2\/pages\/1572"}],"collection":[{"href":"https:\/\/www.brusselsartpole.be\/alternee\/wp-json\/wp\/v2\/pages"}],"about":[{"href":"https:\/\/www.brusselsartpole.be\/alternee\/wp-json\/wp\/v2\/types\/page"}],"author":[{"embeddable":true,"href":"https:\/\/www.brusselsartpole.be\/alternee\/wp-json\/wp\/v2\/users\/2"}],"replies":[{"embeddable":true,"href":"https:\/\/www.brusselsartpole.be\/alternee\/wp-json\/wp\/v2\/comments?post=1572"}],"version-history":[{"count":37,"href":"https:\/\/www.brusselsartpole.be\/alternee\/wp-json\/wp\/v2\/pages\/1572\/revisions"}],"predecessor-version":[{"id":4168,"href":"https:\/\/www.brusselsartpole.be\/alternee\/wp-json\/wp\/v2\/pages\/1572\/revisions\/4168"}],"wp:attachment":[{"href":"https:\/\/www.brusselsartpole.be\/alternee\/wp-json\/wp\/v2\/media?parent=1572"}],"curies":[{"name":"wp","href":"https:\/\/api.w.org\/{rel}","templated":true}]}}