{"id":1550,"date":"2022-09-09T14:21:56","date_gmt":"2022-09-09T12:21:56","guid":{"rendered":"https:\/\/www.brusselsartpole.be\/alternee\/?page_id=1550"},"modified":"2025-07-15T18:18:57","modified_gmt":"2025-07-15T16:18:57","slug":"shibari","status":"publish","type":"page","link":"https:\/\/www.brusselsartpole.be\/alternee\/shibari\/","title":{"rendered":"Shibari"},"content":{"rendered":"\t\t<div data-elementor-type=\"wp-page\" data-elementor-id=\"1550\" class=\"elementor elementor-1550\" data-elementor-settings=\"[]\">\n\t\t\t\t\t\t\t<div class=\"elementor-section-wrap\">\n\t\t\t\t\t\t\t<section class=\"elementor-section elementor-top-section elementor-element elementor-element-613aea7c elementor-section-full_width elementor-section-stretched elementor-section-height-default elementor-section-height-default qodef-elementor-content-no qodef-elementor-stretch-row-no qodef-elementor-overlay-no\" data-id=\"613aea7c\" data-element_type=\"section\" data-settings=\"{&quot;stretch_section&quot;:&quot;section-stretched&quot;,&quot;background_background&quot;:&quot;classic&quot;}\">\n\t\t\t\t\t\t<div class=\"elementor-container elementor-column-gap-default\">\n\t\t\t\t\t<div class=\"elementor-column elementor-col-100 elementor-top-column elementor-element elementor-element-1a3878f5\" data-id=\"1a3878f5\" data-element_type=\"column\">\n\t\t\t<div class=\"elementor-widget-wrap elementor-element-populated\">\n\t\t\t\t\t\t\t\t<div class=\"elementor-element elementor-element-5dc654c4 elementor-widget elementor-widget-heading\" data-id=\"5dc654c4\" data-element_type=\"widget\" data-widget_type=\"heading.default\">\n\t\t\t\t<div class=\"elementor-widget-container\">\n\t\t\t<style>\/*! elementor - v3.5.0 - 12-12-2021 *\/\n.elementor-heading-title{padding:0;margin:0;line-height:1}.elementor-widget-heading .elementor-heading-title[class*=elementor-size-]>a{color:inherit;font-size:inherit;line-height:inherit}.elementor-widget-heading .elementor-heading-title.elementor-size-small{font-size:15px}.elementor-widget-heading .elementor-heading-title.elementor-size-medium{font-size:19px}.elementor-widget-heading .elementor-heading-title.elementor-size-large{font-size:29px}.elementor-widget-heading .elementor-heading-title.elementor-size-xl{font-size:39px}.elementor-widget-heading .elementor-heading-title.elementor-size-xxl{font-size:59px}<\/style><h2 class=\"elementor-heading-title elementor-size-default\">SHIBARI<\/h2>\t\t<\/div>\n\t\t\t\t<\/div>\n\t\t\t\t<div class=\"elementor-element elementor-element-ef3dad8 elementor-widget elementor-widget-heading\" data-id=\"ef3dad8\" data-element_type=\"widget\" data-widget_type=\"heading.default\">\n\t\t\t\t<div class=\"elementor-widget-container\">\n\t\t\t<h2 class=\"elementor-heading-title elementor-size-default\">Nos cours techniques et th\u00e9matiques<\/h2>\t\t<\/div>\n\t\t\t\t<\/div>\n\t\t\t\t<div class=\"elementor-element elementor-element-3559d52 elementor-widget elementor-widget-image\" data-id=\"3559d52\" data-element_type=\"widget\" data-widget_type=\"image.default\">\n\t\t\t\t<div class=\"elementor-widget-container\">\n\t\t\t<style>\/*! elementor - v3.5.0 - 12-12-2021 *\/\n.elementor-widget-image{text-align:center}.elementor-widget-image a{display:inline-block}.elementor-widget-image a img[src$=\".svg\"]{width:48px}.elementor-widget-image img{vertical-align:middle;display:inline-block}<\/style>\t\t\t\t\t\t\t\t\t\t\t\t<img width=\"1024\" height=\"681\" src=\"https:\/\/www.brusselsartpole.be\/alternee\/wp-content\/uploads\/sites\/5\/2025\/02\/shibaripng.png\" class=\"attachment-large size-large\" alt=\"\" loading=\"lazy\" srcset=\"https:\/\/www.brusselsartpole.be\/alternee\/wp-content\/uploads\/sites\/5\/2025\/02\/shibaripng.png 1024w, https:\/\/www.brusselsartpole.be\/alternee\/wp-content\/uploads\/sites\/5\/2025\/02\/shibaripng-300x200.png 300w, https:\/\/www.brusselsartpole.be\/alternee\/wp-content\/uploads\/sites\/5\/2025\/02\/shibaripng-768x511.png 768w\" sizes=\"(max-width: 1024px) 100vw, 1024px\" \/>\t\t\t\t\t\t\t\t\t\t\t\t\t\t\t<\/div>\n\t\t\t\t<\/div>\n\t\t\t\t<div class=\"elementor-element elementor-element-29580f68 elementor-widget elementor-widget-text-editor\" data-id=\"29580f68\" data-element_type=\"widget\" data-widget_type=\"text-editor.default\">\n\t\t\t\t<div class=\"elementor-widget-container\">\n\t\t\t<style>\/*! elementor - v3.5.0 - 12-12-2021 *\/\n.elementor-widget-text-editor.elementor-drop-cap-view-stacked .elementor-drop-cap{background-color:#818a91;color:#fff}.elementor-widget-text-editor.elementor-drop-cap-view-framed .elementor-drop-cap{color:#818a91;border:3px solid;background-color:transparent}.elementor-widget-text-editor:not(.elementor-drop-cap-view-default) .elementor-drop-cap{margin-top:8px}.elementor-widget-text-editor:not(.elementor-drop-cap-view-default) .elementor-drop-cap-letter{width:1em;height:1em}.elementor-widget-text-editor .elementor-drop-cap{float:left;text-align:center;line-height:1;font-size:50px}.elementor-widget-text-editor .elementor-drop-cap-letter{display:inline-block}<\/style>\t\t\t\t<p style=\"text-align: left;\"><strong><span style=\"text-decoration: underline;\">Qu&rsquo;est-ce<\/span><u> que le Shibari ?<\/u><\/strong><\/p><p style=\"text-align: left;\"><strong><u>\u00a0<\/u><\/strong><\/p><p><span style=\"font-weight: 400;\">C&rsquo;est l&rsquo;art Japonais d&rsquo;encorder quelqu&rsquo;un. Souvent confondu avec le bondage, le Shibari est un art intense et relationnel, qui n\u00e9cessite un apprentissage technique, la connaissance des risques, une bonne communication et la prise de conscience de ces enjeux.<\/span><\/p><p><span style=\"font-weight: 400;\">\u00a0<\/span><\/p><p><span style=\"font-weight: 400;\">Il se pratique principalement \u00e0 deux, une personne attachante et une personne attach\u00e9e, en partenaires fixes ou non. Plus rarement, il est possible d&rsquo;attacher plusieurs personnes ensemble ou de le pratiquer seul.e.<\/span><\/p><p><span style=\"font-weight: 400;\">\u00a0<\/span><\/p><p><span style=\"font-weight: 400;\">Le Shibari peut \u00eatre pratiqu\u00e9 de diverses mani\u00e8res: intimiste, sexuel, dans\u00e9, doux, sadique, connect\u00e9, joueur,&#8230; Le l\u00e2cher prise est primordial, graduel et peut mener \u00e0 une transe proche d&rsquo;une incroyable s\u00e9ance de m\u00e9ditation, additionn\u00e9e \u00e0 une grosse s\u00e9ance de sport et un orgasme.\u00a0<\/span><span style=\"letter-spacing: 0.45px;\">Au-del\u00e0 des sensations physiques, la relation cr\u00e9\u00e9e avec lae partenaire est au centre de la pratique du Shibari. Tous les rapports sont possibles, pourvu qu&rsquo;ils soient consentis et correspondent \u00e0 ce que chacun.e recherchait.<\/span><\/p><p><span style=\"letter-spacing: 0.45px;\">\u00a0<\/span><\/p><p><span style=\"font-weight: 400;\">Le Shibari peut toucher \u00e0 des notions de domination et soumission. C&rsquo;est un univers complexe, qui demande d&rsquo;\u00eatre initi\u00e9, des recherches individuelles peuvent vous mener \u00e0 du contenu choquant, voire violent. L&rsquo;apprentissage solo via des vid\u00e9os est \u00e0 PROSCRIRE. Toutefois le Shibari peut \u00eatre tr\u00e8s doux et l&rsquo;apprentissage plut\u00f4t joyeux.<\/span><\/p><p><span style=\"font-family: var( --e-global-typography-text-font-family ), Sans-serif; letter-spacing: 0.45px;\">\u00a0<\/span><\/p><p><strong><u>Un Shibari queer et \u00e9thique \u00e0 la Brussels Art &amp; Pole<\/u><\/strong><\/p><p><strong><u>\u00a0<\/u><\/strong><\/p><p>Nous souhaitons un Shibari switch, o\u00f9 chacun.e sera tour \u00e0 tour attachant.e et attach\u00e9.e. Nous cherchons \u00e0 d\u00e9molir la vision archa\u00efque de l&rsquo;attacheur, homme m\u00e2le dominant exer\u00e7ant une emprise sur la mod\u00e8le f\u00e9minine (souvent plus jeune) et soumise. La parole est donn\u00e9e \u00e0 la personne attach\u00e9e, lui donnant autant de valeur que la personne attachant. Nous nous engageons \u00e0 t&rsquo;accompagner dans la d\u00e9couverte de cette discipline, te proposant documentation et mise \u00e0 disposition d&rsquo;une liste noire et de warning points si tu souhaites le pratiquer en dehors de la BAP et avec des personnes inconnues. Le but de nos cordes sera de cr\u00e9er une relation et non une domination, nous ne consommons pas les corps, nous d\u00e9couvrons des personnes. Le consentement sera au c\u0153ur de tout, il est primordial et non n\u00e9gociable.<\/p>\t\t\t\t\t\t<\/div>\n\t\t\t\t<\/div>\n\t\t\t\t<div class=\"elementor-element elementor-element-90c2c4d elementor-widget elementor-widget-image\" data-id=\"90c2c4d\" data-element_type=\"widget\" data-widget_type=\"image.default\">\n\t\t\t\t<div class=\"elementor-widget-container\">\n\t\t\t\t\t\t\t\t\t\t\t\t\t\t\t<img width=\"1024\" height=\"681\" src=\"https:\/\/www.brusselsartpole.be\/alternee\/wp-content\/uploads\/sites\/5\/2025\/02\/cordes.png\" class=\"attachment-large size-large\" alt=\"\" loading=\"lazy\" srcset=\"https:\/\/www.brusselsartpole.be\/alternee\/wp-content\/uploads\/sites\/5\/2025\/02\/cordes.png 1024w, https:\/\/www.brusselsartpole.be\/alternee\/wp-content\/uploads\/sites\/5\/2025\/02\/cordes-300x200.png 300w, https:\/\/www.brusselsartpole.be\/alternee\/wp-content\/uploads\/sites\/5\/2025\/02\/cordes-768x511.png 768w\" sizes=\"(max-width: 1024px) 100vw, 1024px\" \/>\t\t\t\t\t\t\t\t\t\t\t\t\t\t\t<\/div>\n\t\t\t\t<\/div>\n\t\t\t\t<div class=\"elementor-element elementor-element-6892972 elementor-widget elementor-widget-text-editor\" data-id=\"6892972\" data-element_type=\"widget\" data-widget_type=\"text-editor.default\">\n\t\t\t\t<div class=\"elementor-widget-container\">\n\t\t\t\t\t\t\t<p><strong><span style=\"text-decoration: underline;\">Organisation des cours<\/span><\/strong><\/p>\n<p><strong><i>&nbsp;<\/i><\/strong><\/p>\n<p><span style=\"letter-spacing: 0.45px;\">Les workshops sont principalement donn\u00e9s par <a href=\"https:\/\/www.juliette-shibari.com\/\">Juliette<\/a> et son partenaire mod\u00e8le, Rapha\u00ebl. Pour certains workshops th\u00e9matiques, Juliette invite des riggers qui apportent une approche compl\u00e9mentaire \u00e0 l&rsquo;enseignement r\u00e9gulier propos\u00e9 \u00e0 la BAP.<\/span><\/p>\n<p><span style=\"letter-spacing: 0.45px;\">&nbsp;<\/span><\/p>\n<p><span style=\"font-weight: 400;\">Depuis 2016 ans, Juliette pratique le shibari. D\u2019abord mod\u00e8le, son envie d\u2019attacher appara\u00eet rapidement comme le besoin de retranscrire les sensations et \u00e9motions qu\u2019elle a ressenties elle-m\u00eame dans les cordes. Proche de l\u2019a\u00efkido et de la danse contact, le corps est au centre de ses r\u00e9flexions comme un vecteur de transmission. Juliette a suivi l\u2019enseignement de nombreux.ses professeur.es de Shibari qui ont toustes contribu\u00e9 \u00e0 lui transmettre diverses visions et techniques des cordes. De ces exp\u00e9riences, elle d\u00e9ploie une pratique du Shibari bas\u00e9e sur l\u2019improvisation, le chaos construit mais avant tout le questionnement autour de ce qui se produit entre deux individus dans cette rencontre entre intimit\u00e9, corps et cordes. Rapha\u00ebl et Juliette pratiquent ensemble depuis trois ans. Apr\u00e8s qu\u2019elle l\u2019ait initi\u00e9, il d\u00e9veloppe rapidement un attrait particulier pour le fait d\u2019\u00eatre mod\u00e8le, de vivre \u00e0 la fois le l\u00e2cher prise et la part active de l\u2019attach\u00e9 dans les cordes. Iels sont partenaires, r\u00e9fl\u00e9chissent ensemble \u00e0 la mani\u00e8re d\u2019\u00e9prouver et d\u2019exp\u00e9rimenter leurs rapports par le biais du Shibari pour ainsi \u00eatre en mesure de retransmettre ce qu\u2019ils ont pu \u00e9laborer \u00e0 deux.<\/span><\/p>\n<p>Pour plus d&rsquo;informations, tu peux consulter le site web de Juliette : <a href=\"https:\/\/www.juliette-shibari.com\/\" data-wplink-edit=\"true\">www.juliette-shibari.com<\/a><\/p>\n<p><br><\/p>\n<p><b>Sauf mention contraire, les inscriptions pour les ateliers de shibari se font directement en bin\u00f4me, c&rsquo;est-\u00e0-dire qu&rsquo;il suffit de ne s&rsquo;inscrire qu&rsquo;une seule fois.<\/b><\/p>\n<p><span style=\"font-weight: 400;\">&nbsp;<\/span><\/p>\n<p><b><u>Cours techniques<\/u><\/b><\/p>\n<p><b><u>&nbsp;<\/u><\/b><\/p>\n<p>Nous proposons des cours techniques \u00e0 3 niveaux. Le niveau \u00ab\u00a0D\u00e9butant\u00a0\u00bb est constitu\u00e9 sous la forme d&rsquo;un cursus de 3 cours visant \u00e0 apprendre les bases de l&rsquo;attache au sol. Les niveaux 2 et 3 peuvent \u00eatre suivis en <i>one shot<\/i>, \u00e0 condition d&rsquo;avoir suivi au moins un cours du niveau pr\u00e9c\u00e9dent, ou d&rsquo;avoir d\u00e9j\u00e0 une pratique des cordes. <b>Si tu as un doute concernant ton niveau, n&rsquo;h\u00e9site pas \u00e0 nous contacter par mail avant de t&rsquo;inscrire \u00e0 un atelier.<\/b><\/p>\n<p><b><br><\/b><\/p>\n<p><\/p>\n<p><u><b>Trainings et cours th\u00e9matiques<\/b><\/u><\/p>\n<p><u><b>&nbsp;<\/b><\/u><\/p>\n<p>Afin d&rsquo;approfondir ton exp\u00e9rience dans le shibari, Juliette et Rapha\u00ebl proposent une s\u00e9rie d&rsquo;ateliers th\u00e9matiques cibl\u00e9s sur des angles diff\u00e9rents, que tu peux suivre en <i>one shot<\/i>, \u00e0 condition d&rsquo;avoir les pr\u00e9-requis indiqu\u00e9s dans la description Eversports de chaque cours.<\/p>\n<p style=\"background-color: #282828; letter-spacing: 0.45px;\">\n<\/p>\t\t\t\t\t\t<\/div>\n\t\t\t\t<\/div>\n\t\t\t\t<div class=\"elementor-element elementor-element-67c428c0 elementor-invisible elementor-widget elementor-widget-qi_addons_for_elementor_button\" data-id=\"67c428c0\" data-element_type=\"widget\" data-settings=\"{&quot;_animation&quot;:&quot;bounceIn&quot;}\" data-widget_type=\"qi_addons_for_elementor_button.default\">\n\t\t\t\t<div class=\"elementor-widget-container\">\n\t\t\t<a class=\"qodef-shortcode qodef-m  qodef-qi-button qodef-html--link qodef-layout--textual    qodef-icon--left qodef-hover--icon-move-horizontal-short     \" href=\"https:\/\/www.eversports.be\/sw\/brussels-art-pole\" target=\"_blank\">\n\t<span class=\"qodef-m-text\">Infos et r\u00e9servations<\/span>\n\t\t<span class=\"qodef-m-icon \">\n\t\t<span class=\"qodef-m-icon-inner\">\n\t\t\t<i aria-hidden=\"true\" class=\"fas fa-arrow-right\"><\/i>\t\t\t\t\t<\/span>\n\t<\/span>\n<\/a>\n\t\t<\/div>\n\t\t\t\t<\/div>\n\t\t\t\t\t<\/div>\n\t\t<\/div>\n\t\t\t\t\t\t\t<\/div>\n\t\t<\/section>\n\t\t\t\t\t\t<\/div>\n\t\t\t\t\t<\/div>\n\t\t","protected":false},"excerpt":{"rendered":"<p>SHIBARI Nos cours techniques et th\u00e9matiques Qu&rsquo;est-ce que le Shibari ? &nbsp; C&rsquo;est l&rsquo;art Japonais d&rsquo;encorder quelqu&rsquo;un. Souvent confondu avec le bondage, le Shibari est un art intense et relationnel, [&hellip;]<\/p>\n","protected":false},"author":2,"featured_media":0,"parent":0,"menu_order":0,"comment_status":"closed","ping_status":"closed","template":"","meta":[],"yoast_head":"<!-- This site is optimized with the Yoast SEO plugin v18.3 - https:\/\/yoast.com\/wordpress\/plugins\/seo\/ -->\n<title>Shibari - L&#039;Altern\u00e9e<\/title>\n<meta name=\"description\" content=\"L&#039;Altern\u00e9e vous propose des cours de shibari techniques et th\u00e9matiques \u00e0 travers une approche queer et \u00e9thique.\" \/>\n<meta name=\"robots\" content=\"index, follow, max-snippet:-1, max-image-preview:large, max-video-preview:-1\" \/>\n<link rel=\"canonical\" href=\"https:\/\/www.brusselsartpole.be\/alternee\/shibari\/\" \/>\n<meta property=\"og:locale\" content=\"fr_FR\" \/>\n<meta property=\"og:type\" content=\"article\" \/>\n<meta property=\"og:title\" content=\"Shibari - L&#039;Altern\u00e9e\" \/>\n<meta property=\"og:description\" content=\"L&#039;Altern\u00e9e vous propose des cours de shibari techniques et th\u00e9matiques \u00e0 travers une approche queer et \u00e9thique.\" \/>\n<meta property=\"og:url\" content=\"https:\/\/www.brusselsartpole.be\/alternee\/shibari\/\" \/>\n<meta property=\"og:site_name\" content=\"L&#039;Altern\u00e9e\" \/>\n<meta property=\"article:modified_time\" content=\"2025-07-15T16:18:57+00:00\" \/>\n<meta property=\"og:image\" content=\"https:\/\/www.brusselsartpole.be\/alternee\/wp-content\/uploads\/sites\/5\/2025\/02\/shibaripng.png\" \/>\n<meta name=\"twitter:card\" content=\"summary_large_image\" \/>\n<meta name=\"twitter:label1\" content=\"Dur\u00e9e de lecture estim\u00e9e\" \/>\n\t<meta name=\"twitter:data1\" content=\"5 minutes\" \/>\n<script type=\"application\/ld+json\" class=\"yoast-schema-graph\">{\"@context\":\"https:\/\/schema.org\",\"@graph\":[{\"@type\":\"WebSite\",\"@id\":\"https:\/\/www.brusselsartpole.be\/alternee\/#website\",\"url\":\"https:\/\/www.brusselsartpole.be\/alternee\/\",\"name\":\"L&#039;Altern\u00e9e\",\"description\":\"Espace d&#039;exploration intime \",\"potentialAction\":[{\"@type\":\"SearchAction\",\"target\":{\"@type\":\"EntryPoint\",\"urlTemplate\":\"https:\/\/www.brusselsartpole.be\/alternee\/?s={search_term_string}\"},\"query-input\":\"required name=search_term_string\"}],\"inLanguage\":\"fr-FR\"},{\"@type\":\"ImageObject\",\"@id\":\"https:\/\/www.brusselsartpole.be\/alternee\/shibari\/#primaryimage\",\"inLanguage\":\"fr-FR\",\"url\":\"https:\/\/www.brusselsartpole.be\/alternee\/wp-content\/uploads\/sites\/5\/2025\/02\/shibaripng.png\",\"contentUrl\":\"https:\/\/www.brusselsartpole.be\/alternee\/wp-content\/uploads\/sites\/5\/2025\/02\/shibaripng.png\",\"width\":1024,\"height\":681},{\"@type\":\"WebPage\",\"@id\":\"https:\/\/www.brusselsartpole.be\/alternee\/shibari\/#webpage\",\"url\":\"https:\/\/www.brusselsartpole.be\/alternee\/shibari\/\",\"name\":\"Shibari - L&#039;Altern\u00e9e\",\"isPartOf\":{\"@id\":\"https:\/\/www.brusselsartpole.be\/alternee\/#website\"},\"primaryImageOfPage\":{\"@id\":\"https:\/\/www.brusselsartpole.be\/alternee\/shibari\/#primaryimage\"},\"datePublished\":\"2022-09-09T12:21:56+00:00\",\"dateModified\":\"2025-07-15T16:18:57+00:00\",\"description\":\"L'Altern\u00e9e vous propose des cours de shibari techniques et th\u00e9matiques \u00e0 travers une approche queer et \u00e9thique.\",\"breadcrumb\":{\"@id\":\"https:\/\/www.brusselsartpole.be\/alternee\/shibari\/#breadcrumb\"},\"inLanguage\":\"fr-FR\",\"potentialAction\":[{\"@type\":\"ReadAction\",\"target\":[\"https:\/\/www.brusselsartpole.be\/alternee\/shibari\/\"]}]},{\"@type\":\"BreadcrumbList\",\"@id\":\"https:\/\/www.brusselsartpole.be\/alternee\/shibari\/#breadcrumb\",\"itemListElement\":[{\"@type\":\"ListItem\",\"position\":1,\"name\":\"Accueil\",\"item\":\"https:\/\/www.brusselsartpole.be\/alternee\/\"},{\"@type\":\"ListItem\",\"position\":2,\"name\":\"Shibari\"}]}]}<\/script>\n<!-- \/ Yoast SEO plugin. -->","yoast_head_json":{"title":"Shibari - L&#039;Altern\u00e9e","description":"L'Altern\u00e9e vous propose des cours de shibari techniques et th\u00e9matiques \u00e0 travers une approche queer et \u00e9thique.","robots":{"index":"index","follow":"follow","max-snippet":"max-snippet:-1","max-image-preview":"max-image-preview:large","max-video-preview":"max-video-preview:-1"},"canonical":"https:\/\/www.brusselsartpole.be\/alternee\/shibari\/","og_locale":"fr_FR","og_type":"article","og_title":"Shibari - L&#039;Altern\u00e9e","og_description":"L'Altern\u00e9e vous propose des cours de shibari techniques et th\u00e9matiques \u00e0 travers une approche queer et \u00e9thique.","og_url":"https:\/\/www.brusselsartpole.be\/alternee\/shibari\/","og_site_name":"L&#039;Altern\u00e9e","article_modified_time":"2025-07-15T16:18:57+00:00","og_image":[{"url":"https:\/\/www.brusselsartpole.be\/alternee\/wp-content\/uploads\/sites\/5\/2025\/02\/shibaripng.png"}],"twitter_card":"summary_large_image","twitter_misc":{"Dur\u00e9e de lecture estim\u00e9e":"5 minutes"},"schema":{"@context":"https:\/\/schema.org","@graph":[{"@type":"WebSite","@id":"https:\/\/www.brusselsartpole.be\/alternee\/#website","url":"https:\/\/www.brusselsartpole.be\/alternee\/","name":"L&#039;Altern\u00e9e","description":"Espace d&#039;exploration intime ","potentialAction":[{"@type":"SearchAction","target":{"@type":"EntryPoint","urlTemplate":"https:\/\/www.brusselsartpole.be\/alternee\/?s={search_term_string}"},"query-input":"required name=search_term_string"}],"inLanguage":"fr-FR"},{"@type":"ImageObject","@id":"https:\/\/www.brusselsartpole.be\/alternee\/shibari\/#primaryimage","inLanguage":"fr-FR","url":"https:\/\/www.brusselsartpole.be\/alternee\/wp-content\/uploads\/sites\/5\/2025\/02\/shibaripng.png","contentUrl":"https:\/\/www.brusselsartpole.be\/alternee\/wp-content\/uploads\/sites\/5\/2025\/02\/shibaripng.png","width":1024,"height":681},{"@type":"WebPage","@id":"https:\/\/www.brusselsartpole.be\/alternee\/shibari\/#webpage","url":"https:\/\/www.brusselsartpole.be\/alternee\/shibari\/","name":"Shibari - L&#039;Altern\u00e9e","isPartOf":{"@id":"https:\/\/www.brusselsartpole.be\/alternee\/#website"},"primaryImageOfPage":{"@id":"https:\/\/www.brusselsartpole.be\/alternee\/shibari\/#primaryimage"},"datePublished":"2022-09-09T12:21:56+00:00","dateModified":"2025-07-15T16:18:57+00:00","description":"L'Altern\u00e9e vous propose des cours de shibari techniques et th\u00e9matiques \u00e0 travers une approche queer et \u00e9thique.","breadcrumb":{"@id":"https:\/\/www.brusselsartpole.be\/alternee\/shibari\/#breadcrumb"},"inLanguage":"fr-FR","potentialAction":[{"@type":"ReadAction","target":["https:\/\/www.brusselsartpole.be\/alternee\/shibari\/"]}]},{"@type":"BreadcrumbList","@id":"https:\/\/www.brusselsartpole.be\/alternee\/shibari\/#breadcrumb","itemListElement":[{"@type":"ListItem","position":1,"name":"Accueil","item":"https:\/\/www.brusselsartpole.be\/alternee\/"},{"@type":"ListItem","position":2,"name":"Shibari"}]}]}},"_links":{"self":[{"href":"https:\/\/www.brusselsartpole.be\/alternee\/wp-json\/wp\/v2\/pages\/1550"}],"collection":[{"href":"https:\/\/www.brusselsartpole.be\/alternee\/wp-json\/wp\/v2\/pages"}],"about":[{"href":"https:\/\/www.brusselsartpole.be\/alternee\/wp-json\/wp\/v2\/types\/page"}],"author":[{"embeddable":true,"href":"https:\/\/www.brusselsartpole.be\/alternee\/wp-json\/wp\/v2\/users\/2"}],"replies":[{"embeddable":true,"href":"https:\/\/www.brusselsartpole.be\/alternee\/wp-json\/wp\/v2\/comments?post=1550"}],"version-history":[{"count":92,"href":"https:\/\/www.brusselsartpole.be\/alternee\/wp-json\/wp\/v2\/pages\/1550\/revisions"}],"predecessor-version":[{"id":4174,"href":"https:\/\/www.brusselsartpole.be\/alternee\/wp-json\/wp\/v2\/pages\/1550\/revisions\/4174"}],"wp:attachment":[{"href":"https:\/\/www.brusselsartpole.be\/alternee\/wp-json\/wp\/v2\/media?parent=1550"}],"curies":[{"name":"wp","href":"https:\/\/api.w.org\/{rel}","templated":true}]}}