{"id":1458,"date":"2022-09-08T14:24:04","date_gmt":"2022-09-08T12:24:04","guid":{"rendered":"https:\/\/www.brusselsartpole.be\/alternee\/?page_id=1458"},"modified":"2025-02-27T01:03:05","modified_gmt":"2025-02-27T00:03:05","slug":"waxplay","status":"publish","type":"page","link":"https:\/\/www.brusselsartpole.be\/alternee\/waxplay\/","title":{"rendered":"Waxplay"},"content":{"rendered":"\t\t<div data-elementor-type=\"wp-page\" data-elementor-id=\"1458\" class=\"elementor elementor-1458\" data-elementor-settings=\"[]\">\n\t\t\t\t\t\t\t<div class=\"elementor-section-wrap\">\n\t\t\t\t\t\t\t<section class=\"elementor-section elementor-top-section elementor-element elementor-element-749c795 elementor-section-boxed elementor-section-height-default elementor-section-height-default qodef-elementor-content-no qodef-elementor-stretch-row-no qodef-elementor-overlay-no\" data-id=\"749c795\" data-element_type=\"section\">\n\t\t\t\t\t\t<div class=\"elementor-container elementor-column-gap-default\">\n\t\t\t\t\t<div class=\"elementor-column elementor-col-100 elementor-top-column elementor-element elementor-element-8e796c7\" data-id=\"8e796c7\" data-element_type=\"column\">\n\t\t\t<div class=\"elementor-widget-wrap elementor-element-populated\">\n\t\t\t\t\t\t\t\t<div class=\"elementor-element elementor-element-31e6c81 elementor-widget elementor-widget-heading\" data-id=\"31e6c81\" data-element_type=\"widget\" data-widget_type=\"heading.default\">\n\t\t\t\t<div class=\"elementor-widget-container\">\n\t\t\t<style>\/*! elementor - v3.5.0 - 12-12-2021 *\/\n.elementor-heading-title{padding:0;margin:0;line-height:1}.elementor-widget-heading .elementor-heading-title[class*=elementor-size-]>a{color:inherit;font-size:inherit;line-height:inherit}.elementor-widget-heading .elementor-heading-title.elementor-size-small{font-size:15px}.elementor-widget-heading .elementor-heading-title.elementor-size-medium{font-size:19px}.elementor-widget-heading .elementor-heading-title.elementor-size-large{font-size:29px}.elementor-widget-heading .elementor-heading-title.elementor-size-xl{font-size:39px}.elementor-widget-heading .elementor-heading-title.elementor-size-xxl{font-size:59px}<\/style><h2 class=\"elementor-heading-title elementor-size-default\">wax play<\/h2>\t\t<\/div>\n\t\t\t\t<\/div>\n\t\t\t\t<div class=\"elementor-element elementor-element-ba9cb47 elementor-widget elementor-widget-image\" data-id=\"ba9cb47\" data-element_type=\"widget\" data-widget_type=\"image.default\">\n\t\t\t\t<div class=\"elementor-widget-container\">\n\t\t\t<style>\/*! elementor - v3.5.0 - 12-12-2021 *\/\n.elementor-widget-image{text-align:center}.elementor-widget-image a{display:inline-block}.elementor-widget-image a img[src$=\".svg\"]{width:48px}.elementor-widget-image img{vertical-align:middle;display:inline-block}<\/style>\t\t\t\t\t\t\t\t\t\t\t\t<img width=\"768\" height=\"511\" src=\"https:\/\/www.brusselsartpole.be\/alternee\/wp-content\/uploads\/sites\/5\/2025\/02\/wax-768x511.png\" class=\"attachment-medium_large size-medium_large\" alt=\"\" loading=\"lazy\" srcset=\"https:\/\/www.brusselsartpole.be\/alternee\/wp-content\/uploads\/sites\/5\/2025\/02\/wax-768x511.png 768w, https:\/\/www.brusselsartpole.be\/alternee\/wp-content\/uploads\/sites\/5\/2025\/02\/wax-300x200.png 300w, https:\/\/www.brusselsartpole.be\/alternee\/wp-content\/uploads\/sites\/5\/2025\/02\/wax.png 1024w\" sizes=\"(max-width: 768px) 100vw, 768px\" \/>\t\t\t\t\t\t\t\t\t\t\t\t\t\t\t<\/div>\n\t\t\t\t<\/div>\n\t\t\t\t<div class=\"elementor-element elementor-element-cc3e2f6 elementor-widget elementor-widget-text-editor\" data-id=\"cc3e2f6\" data-element_type=\"widget\" data-widget_type=\"text-editor.default\">\n\t\t\t\t<div class=\"elementor-widget-container\">\n\t\t\t<style>\/*! elementor - v3.5.0 - 12-12-2021 *\/\n.elementor-widget-text-editor.elementor-drop-cap-view-stacked .elementor-drop-cap{background-color:#818a91;color:#fff}.elementor-widget-text-editor.elementor-drop-cap-view-framed .elementor-drop-cap{color:#818a91;border:3px solid;background-color:transparent}.elementor-widget-text-editor:not(.elementor-drop-cap-view-default) .elementor-drop-cap{margin-top:8px}.elementor-widget-text-editor:not(.elementor-drop-cap-view-default) .elementor-drop-cap-letter{width:1em;height:1em}.elementor-widget-text-editor .elementor-drop-cap{float:left;text-align:center;line-height:1;font-size:50px}.elementor-widget-text-editor .elementor-drop-cap-letter{display:inline-block}<\/style>\t\t\t\t<p><span style=\"color: rgb(255, 255, 255); font-family: var( --e-global-typography-text-font-family ), Sans-serif; font-weight: var( --e-global-typography-text-font-weight ); letter-spacing: 0.45px;\">Le Wax Play est une pratique BDSM utilisant de la cire. Elle peut \u00eatre pratiqu\u00e9e seul.e, \u00e0 deux ou en groupe.<\/span><\/p>\n<p><span style=\"color: #ffffff;\">&nbsp;<\/span><\/p>\n<p><span style=\"color: #ffffff;\">La bougie et la cire sont le lien entre la personne qui offre et celle qui re\u00e7oit. La cr\u00e9ation d&rsquo;un moment progressif, la connexion et la communication sont primordiales. La sensation de plaisir est cr\u00e9\u00e9e par la chaleur intense de la cire fondue, par la flamme des bougies, et le suspense cr\u00e9\u00e9 par son.a partenaire.<\/span><\/p>\n<p><span style=\"color: #ffffff;\">&nbsp;<\/span><\/p>\n<p><span style=\"color: #ffffff;\">Soft ou hard, la s\u00e9ance se doit d&rsquo;\u00eatre discut\u00e9e, consentie, cadr\u00e9e par les personnes pratiquantes.<\/span><\/p>\n<p><span style=\"color: #ffffff;\"><br><\/span><\/p>\n<p><em><span style=\"color: #ffffff;\">Lors de nos initiations, nous proposons une introduction au jeu avec de la cire qui comprend notions de s\u00e9curit\u00e9, cr\u00e9ation d&rsquo;un environnement propice au dialogue, au consentement et \u00e0 la pratique.<\/span><\/em><\/p>\t\t\t\t\t\t<\/div>\n\t\t\t\t<\/div>\n\t\t\t\t<div class=\"elementor-element elementor-element-375abf7 animated-slow elementor-invisible elementor-widget elementor-widget-button\" data-id=\"375abf7\" data-element_type=\"widget\" data-settings=\"{&quot;_animation&quot;:&quot;bounceIn&quot;}\" data-widget_type=\"button.default\">\n\t\t\t\t<div class=\"elementor-widget-container\">\n\t\t\t\t\t<div class=\"elementor-button-wrapper\">\n\t\t\t<a href=\"https:\/\/www.eversports.be\/sw\/brussels-art-pole\" class=\"elementor-button-link elementor-button elementor-size-sm\" role=\"button\">\n\t\t\t\t\t\t<span class=\"elementor-button-content-wrapper\">\n\t\t\t\t\t\t<span class=\"elementor-button-icon elementor-align-icon-left\">\n\t\t\t\t<i aria-hidden=\"true\" class=\"fas fa-arrow-right\"><\/i>\t\t\t<\/span>\n\t\t\t\t\t\t<span class=\"elementor-button-text\">Voir les prochaines initations<\/span>\n\t\t<\/span>\n\t\t\t\t\t<\/a>\n\t\t<\/div>\n\t\t\t\t<\/div>\n\t\t\t\t<\/div>\n\t\t\t\t\t<\/div>\n\t\t<\/div>\n\t\t\t\t\t\t\t<\/div>\n\t\t<\/section>\n\t\t\t\t\t\t<\/div>\n\t\t\t\t\t<\/div>\n\t\t","protected":false},"excerpt":{"rendered":"<p>wax play Le Wax Play est une pratique BDSM utilisant de la cire. Elle peut \u00eatre pratiqu\u00e9e seul.e, \u00e0 deux ou en groupe. &nbsp; La bougie et la cire sont [&hellip;]<\/p>\n","protected":false},"author":2,"featured_media":0,"parent":0,"menu_order":0,"comment_status":"closed","ping_status":"closed","template":"","meta":[],"yoast_head":"<!-- This site is optimized with the Yoast SEO plugin v18.3 - https:\/\/yoast.com\/wordpress\/plugins\/seo\/ -->\n<title>Waxplay - L&#039;Altern\u00e9e<\/title>\n<meta name=\"description\" content=\"Le wax play est une pratique BDSM utilisant de la cire. Elle peut \u00eatre pratiqu\u00e9e seul.e, \u00e0 deux ou en groupe.\" \/>\n<meta name=\"robots\" content=\"index, follow, max-snippet:-1, max-image-preview:large, max-video-preview:-1\" \/>\n<link rel=\"canonical\" href=\"https:\/\/www.brusselsartpole.be\/alternee\/waxplay\/\" \/>\n<meta property=\"og:locale\" content=\"fr_FR\" \/>\n<meta property=\"og:type\" content=\"article\" \/>\n<meta property=\"og:title\" content=\"Waxplay - L&#039;Altern\u00e9e\" \/>\n<meta property=\"og:description\" content=\"Le wax play est une pratique BDSM utilisant de la cire. Elle peut \u00eatre pratiqu\u00e9e seul.e, \u00e0 deux ou en groupe.\" \/>\n<meta property=\"og:url\" content=\"https:\/\/www.brusselsartpole.be\/alternee\/waxplay\/\" \/>\n<meta property=\"og:site_name\" content=\"L&#039;Altern\u00e9e\" \/>\n<meta property=\"article:modified_time\" content=\"2025-02-27T00:03:05+00:00\" \/>\n<meta property=\"og:image\" content=\"https:\/\/www.brusselsartpole.be\/alternee\/wp-content\/uploads\/sites\/5\/2025\/02\/wax-768x511.png\" \/>\n<meta name=\"twitter:card\" content=\"summary_large_image\" \/>\n<meta name=\"twitter:label1\" content=\"Dur\u00e9e de lecture estim\u00e9e\" \/>\n\t<meta name=\"twitter:data1\" content=\"1 minute\" \/>\n<script type=\"application\/ld+json\" class=\"yoast-schema-graph\">{\"@context\":\"https:\/\/schema.org\",\"@graph\":[{\"@type\":\"WebSite\",\"@id\":\"https:\/\/www.brusselsartpole.be\/alternee\/#website\",\"url\":\"https:\/\/www.brusselsartpole.be\/alternee\/\",\"name\":\"L&#039;Altern\u00e9e\",\"description\":\"Espace d&#039;exploration intime \",\"potentialAction\":[{\"@type\":\"SearchAction\",\"target\":{\"@type\":\"EntryPoint\",\"urlTemplate\":\"https:\/\/www.brusselsartpole.be\/alternee\/?s={search_term_string}\"},\"query-input\":\"required name=search_term_string\"}],\"inLanguage\":\"fr-FR\"},{\"@type\":\"ImageObject\",\"@id\":\"https:\/\/www.brusselsartpole.be\/alternee\/waxplay\/#primaryimage\",\"inLanguage\":\"fr-FR\",\"url\":\"https:\/\/www.brusselsartpole.be\/alternee\/wp-content\/uploads\/sites\/5\/2025\/02\/wax.png\",\"contentUrl\":\"https:\/\/www.brusselsartpole.be\/alternee\/wp-content\/uploads\/sites\/5\/2025\/02\/wax.png\",\"width\":1024,\"height\":681},{\"@type\":\"WebPage\",\"@id\":\"https:\/\/www.brusselsartpole.be\/alternee\/waxplay\/#webpage\",\"url\":\"https:\/\/www.brusselsartpole.be\/alternee\/waxplay\/\",\"name\":\"Waxplay - L&#039;Altern\u00e9e\",\"isPartOf\":{\"@id\":\"https:\/\/www.brusselsartpole.be\/alternee\/#website\"},\"primaryImageOfPage\":{\"@id\":\"https:\/\/www.brusselsartpole.be\/alternee\/waxplay\/#primaryimage\"},\"datePublished\":\"2022-09-08T12:24:04+00:00\",\"dateModified\":\"2025-02-27T00:03:05+00:00\",\"description\":\"Le wax play est une pratique BDSM utilisant de la cire. Elle peut \u00eatre pratiqu\u00e9e seul.e, \u00e0 deux ou en groupe.\",\"breadcrumb\":{\"@id\":\"https:\/\/www.brusselsartpole.be\/alternee\/waxplay\/#breadcrumb\"},\"inLanguage\":\"fr-FR\",\"potentialAction\":[{\"@type\":\"ReadAction\",\"target\":[\"https:\/\/www.brusselsartpole.be\/alternee\/waxplay\/\"]}]},{\"@type\":\"BreadcrumbList\",\"@id\":\"https:\/\/www.brusselsartpole.be\/alternee\/waxplay\/#breadcrumb\",\"itemListElement\":[{\"@type\":\"ListItem\",\"position\":1,\"name\":\"Accueil\",\"item\":\"https:\/\/www.brusselsartpole.be\/alternee\/\"},{\"@type\":\"ListItem\",\"position\":2,\"name\":\"Waxplay\"}]}]}<\/script>\n<!-- \/ Yoast SEO plugin. -->","yoast_head_json":{"title":"Waxplay - L&#039;Altern\u00e9e","description":"Le wax play est une pratique BDSM utilisant de la cire. Elle peut \u00eatre pratiqu\u00e9e seul.e, \u00e0 deux ou en groupe.","robots":{"index":"index","follow":"follow","max-snippet":"max-snippet:-1","max-image-preview":"max-image-preview:large","max-video-preview":"max-video-preview:-1"},"canonical":"https:\/\/www.brusselsartpole.be\/alternee\/waxplay\/","og_locale":"fr_FR","og_type":"article","og_title":"Waxplay - L&#039;Altern\u00e9e","og_description":"Le wax play est une pratique BDSM utilisant de la cire. Elle peut \u00eatre pratiqu\u00e9e seul.e, \u00e0 deux ou en groupe.","og_url":"https:\/\/www.brusselsartpole.be\/alternee\/waxplay\/","og_site_name":"L&#039;Altern\u00e9e","article_modified_time":"2025-02-27T00:03:05+00:00","og_image":[{"url":"https:\/\/www.brusselsartpole.be\/alternee\/wp-content\/uploads\/sites\/5\/2025\/02\/wax-768x511.png"}],"twitter_card":"summary_large_image","twitter_misc":{"Dur\u00e9e de lecture estim\u00e9e":"1 minute"},"schema":{"@context":"https:\/\/schema.org","@graph":[{"@type":"WebSite","@id":"https:\/\/www.brusselsartpole.be\/alternee\/#website","url":"https:\/\/www.brusselsartpole.be\/alternee\/","name":"L&#039;Altern\u00e9e","description":"Espace d&#039;exploration intime ","potentialAction":[{"@type":"SearchAction","target":{"@type":"EntryPoint","urlTemplate":"https:\/\/www.brusselsartpole.be\/alternee\/?s={search_term_string}"},"query-input":"required name=search_term_string"}],"inLanguage":"fr-FR"},{"@type":"ImageObject","@id":"https:\/\/www.brusselsartpole.be\/alternee\/waxplay\/#primaryimage","inLanguage":"fr-FR","url":"https:\/\/www.brusselsartpole.be\/alternee\/wp-content\/uploads\/sites\/5\/2025\/02\/wax.png","contentUrl":"https:\/\/www.brusselsartpole.be\/alternee\/wp-content\/uploads\/sites\/5\/2025\/02\/wax.png","width":1024,"height":681},{"@type":"WebPage","@id":"https:\/\/www.brusselsartpole.be\/alternee\/waxplay\/#webpage","url":"https:\/\/www.brusselsartpole.be\/alternee\/waxplay\/","name":"Waxplay - L&#039;Altern\u00e9e","isPartOf":{"@id":"https:\/\/www.brusselsartpole.be\/alternee\/#website"},"primaryImageOfPage":{"@id":"https:\/\/www.brusselsartpole.be\/alternee\/waxplay\/#primaryimage"},"datePublished":"2022-09-08T12:24:04+00:00","dateModified":"2025-02-27T00:03:05+00:00","description":"Le wax play est une pratique BDSM utilisant de la cire. Elle peut \u00eatre pratiqu\u00e9e seul.e, \u00e0 deux ou en groupe.","breadcrumb":{"@id":"https:\/\/www.brusselsartpole.be\/alternee\/waxplay\/#breadcrumb"},"inLanguage":"fr-FR","potentialAction":[{"@type":"ReadAction","target":["https:\/\/www.brusselsartpole.be\/alternee\/waxplay\/"]}]},{"@type":"BreadcrumbList","@id":"https:\/\/www.brusselsartpole.be\/alternee\/waxplay\/#breadcrumb","itemListElement":[{"@type":"ListItem","position":1,"name":"Accueil","item":"https:\/\/www.brusselsartpole.be\/alternee\/"},{"@type":"ListItem","position":2,"name":"Waxplay"}]}]}},"_links":{"self":[{"href":"https:\/\/www.brusselsartpole.be\/alternee\/wp-json\/wp\/v2\/pages\/1458"}],"collection":[{"href":"https:\/\/www.brusselsartpole.be\/alternee\/wp-json\/wp\/v2\/pages"}],"about":[{"href":"https:\/\/www.brusselsartpole.be\/alternee\/wp-json\/wp\/v2\/types\/page"}],"author":[{"embeddable":true,"href":"https:\/\/www.brusselsartpole.be\/alternee\/wp-json\/wp\/v2\/users\/2"}],"replies":[{"embeddable":true,"href":"https:\/\/www.brusselsartpole.be\/alternee\/wp-json\/wp\/v2\/comments?post=1458"}],"version-history":[{"count":32,"href":"https:\/\/www.brusselsartpole.be\/alternee\/wp-json\/wp\/v2\/pages\/1458\/revisions"}],"predecessor-version":[{"id":3990,"href":"https:\/\/www.brusselsartpole.be\/alternee\/wp-json\/wp\/v2\/pages\/1458\/revisions\/3990"}],"wp:attachment":[{"href":"https:\/\/www.brusselsartpole.be\/alternee\/wp-json\/wp\/v2\/media?parent=1458"}],"curies":[{"name":"wp","href":"https:\/\/api.w.org\/{rel}","templated":true}]}}