{"id":1457,"date":"2022-09-08T14:50:20","date_gmt":"2022-09-08T12:50:20","guid":{"rendered":"https:\/\/www.brusselsartpole.be\/alternee\/?page_id=1457"},"modified":"2025-07-15T18:13:43","modified_gmt":"2025-07-15T16:13:43","slug":"jams-shibari","status":"publish","type":"page","link":"https:\/\/www.brusselsartpole.be\/alternee\/jams-shibari\/","title":{"rendered":"Jams de shibari"},"content":{"rendered":"\t\t<div data-elementor-type=\"wp-page\" data-elementor-id=\"1457\" class=\"elementor elementor-1457\" data-elementor-settings=\"[]\">\n\t\t\t\t\t\t\t<div class=\"elementor-section-wrap\">\n\t\t\t\t\t\t\t<section class=\"elementor-section elementor-top-section elementor-element elementor-element-613aea7c elementor-section-full_width elementor-section-stretched elementor-section-height-default elementor-section-height-default qodef-elementor-content-no qodef-elementor-stretch-row-no qodef-elementor-overlay-no\" data-id=\"613aea7c\" data-element_type=\"section\" data-settings=\"{&quot;stretch_section&quot;:&quot;section-stretched&quot;,&quot;background_background&quot;:&quot;classic&quot;}\">\n\t\t\t\t\t\t<div class=\"elementor-container elementor-column-gap-default\">\n\t\t\t\t\t<div class=\"elementor-column elementor-col-100 elementor-top-column elementor-element elementor-element-1a3878f5\" data-id=\"1a3878f5\" data-element_type=\"column\">\n\t\t\t<div class=\"elementor-widget-wrap elementor-element-populated\">\n\t\t\t\t\t\t\t\t<div class=\"elementor-element elementor-element-5dc654c4 elementor-widget elementor-widget-heading\" data-id=\"5dc654c4\" data-element_type=\"widget\" data-widget_type=\"heading.default\">\n\t\t\t\t<div class=\"elementor-widget-container\">\n\t\t\t<style>\/*! elementor - v3.5.0 - 12-12-2021 *\/\n.elementor-heading-title{padding:0;margin:0;line-height:1}.elementor-widget-heading .elementor-heading-title[class*=elementor-size-]>a{color:inherit;font-size:inherit;line-height:inherit}.elementor-widget-heading .elementor-heading-title.elementor-size-small{font-size:15px}.elementor-widget-heading .elementor-heading-title.elementor-size-medium{font-size:19px}.elementor-widget-heading .elementor-heading-title.elementor-size-large{font-size:29px}.elementor-widget-heading .elementor-heading-title.elementor-size-xl{font-size:39px}.elementor-widget-heading .elementor-heading-title.elementor-size-xxl{font-size:59px}<\/style><h2 class=\"elementor-heading-title elementor-size-default\">Jams de Shibari<\/h2>\t\t<\/div>\n\t\t\t\t<\/div>\n\t\t\t\t<div class=\"elementor-element elementor-element-bd04e74 elementor-widget elementor-widget-image\" data-id=\"bd04e74\" data-element_type=\"widget\" data-widget_type=\"image.default\">\n\t\t\t\t<div class=\"elementor-widget-container\">\n\t\t\t<style>\/*! elementor - v3.5.0 - 12-12-2021 *\/\n.elementor-widget-image{text-align:center}.elementor-widget-image a{display:inline-block}.elementor-widget-image a img[src$=\".svg\"]{width:48px}.elementor-widget-image img{vertical-align:middle;display:inline-block}<\/style>\t\t\t\t\t\t\t\t\t\t\t\t<img width=\"768\" height=\"511\" src=\"https:\/\/www.brusselsartpole.be\/alternee\/wp-content\/uploads\/sites\/5\/2025\/02\/2-1-768x511.png\" class=\"attachment-medium_large size-medium_large\" alt=\"\" loading=\"lazy\" srcset=\"https:\/\/www.brusselsartpole.be\/alternee\/wp-content\/uploads\/sites\/5\/2025\/02\/2-1-768x511.png 768w, https:\/\/www.brusselsartpole.be\/alternee\/wp-content\/uploads\/sites\/5\/2025\/02\/2-1-300x200.png 300w, https:\/\/www.brusselsartpole.be\/alternee\/wp-content\/uploads\/sites\/5\/2025\/02\/2-1.png 1024w\" sizes=\"(max-width: 768px) 100vw, 768px\" \/>\t\t\t\t\t\t\t\t\t\t\t\t\t\t\t<\/div>\n\t\t\t\t<\/div>\n\t\t\t\t<div class=\"elementor-element elementor-element-29580f68 elementor-widget elementor-widget-text-editor\" data-id=\"29580f68\" data-element_type=\"widget\" data-widget_type=\"text-editor.default\">\n\t\t\t\t<div class=\"elementor-widget-container\">\n\t\t\t<style>\/*! elementor - v3.5.0 - 12-12-2021 *\/\n.elementor-widget-text-editor.elementor-drop-cap-view-stacked .elementor-drop-cap{background-color:#818a91;color:#fff}.elementor-widget-text-editor.elementor-drop-cap-view-framed .elementor-drop-cap{color:#818a91;border:3px solid;background-color:transparent}.elementor-widget-text-editor:not(.elementor-drop-cap-view-default) .elementor-drop-cap{margin-top:8px}.elementor-widget-text-editor:not(.elementor-drop-cap-view-default) .elementor-drop-cap-letter{width:1em;height:1em}.elementor-widget-text-editor .elementor-drop-cap{float:left;text-align:center;line-height:1;font-size:50px}.elementor-widget-text-editor .elementor-drop-cap-letter{display:inline-block}<\/style>\t\t\t\t<p class=\"MsoNormal\">Tu as particip\u00e9 \u00e0 un ou plusieurs workshops de Shibari \u00e0 la Brussels Art Pole ou pratiques le Shibari en dehors de l&rsquo;\u00e9cole ? Si tu souhaites pratiquer, \u00e9changer et rencontrer, tu es au bon endroit ! Cet espace se veut calme, bienveillant, pla\u00e7ant le dialogue et le consentement au centre de tout.<\/p><p class=\"MsoNormal\"><br><\/p>\n<p class=\"MsoNormal\">\n<\/p>\n<p class=\"MsoNormal\">Attention, cela n&rsquo;est pas un espace de cours, il n&rsquo;y aura donc pas d&rsquo;accompagnement ni de surveillance, aussi nous te demandons de ne pas pratiquer des choses qui n&rsquo;auraient pas \u00e9t\u00e9 vues en cours. Nous serons l\u00e0 pour t&rsquo;accueillir dans l&rsquo;espace. Un catering sera \u00e9galement pr\u00e9vu et nous vous proposerons une s\u00e9lection musicale.<\/p>\n<p><\/p>\n<p class=\"MsoNormal\">Tu peux venir seul.e ou accompagn\u00e9.e. Si des personnes de ton entourage sont int\u00e9ress\u00e9es, elles peuvent venir en observation ou \u00eatre attach\u00e9es par des rigger.euses avec leur accord.<\/p><p class=\"MsoNormal\"><br><\/p>\n<p class=\"MsoNormal\">\n<\/p>\n<p class=\"MsoNormal\">Aucun comportement ni parole d\u00e9plac\u00e9s ne seront tol\u00e9r\u00e9s, nous te demanderons de respecter l&rsquo;espace de pratique de chacun.e.<\/p>\n<p><\/p>\n<p class=\"MsoNormal\">Concernant la tenue, nous te demandons de conserver au minimum un bas de sous v\u00eatement.<\/p><p class=\"MsoNormal\"><br><\/p>\n<p class=\"MsoNormal\">\n<\/p><p class=\"MsoNormal\"><b>La r\u00e9servation pour la jam est gratuite, mais la participation se fait \u00e0 prix libre (conseill\u00e9 : 5\u20ac) \u00e0 donner en esp\u00e8ces sur place.&nbsp;<\/b><\/p>\t\t\t\t\t\t<\/div>\n\t\t\t\t<\/div>\n\t\t\t\t<div class=\"elementor-element elementor-element-c6d52f2 animated-slow elementor-invisible elementor-widget elementor-widget-button\" data-id=\"c6d52f2\" data-element_type=\"widget\" data-settings=\"{&quot;_animation&quot;:&quot;bounceIn&quot;}\" data-widget_type=\"button.default\">\n\t\t\t\t<div class=\"elementor-widget-container\">\n\t\t\t\t\t<div class=\"elementor-button-wrapper\">\n\t\t\t<a href=\"https:\/\/www.eversports.be\/st\/brussels-art-pole\" target=\"_blank\" class=\"elementor-button-link elementor-button elementor-size-sm\" role=\"button\">\n\t\t\t\t\t\t<span class=\"elementor-button-content-wrapper\">\n\t\t\t\t\t\t<span class=\"elementor-button-icon elementor-align-icon-left\">\n\t\t\t\t<i aria-hidden=\"true\" class=\"fas fa-arrow-right\"><\/i>\t\t\t<\/span>\n\t\t\t\t\t\t<span class=\"elementor-button-text\">Retrouve les dates des prochaines jams !<\/span>\n\t\t<\/span>\n\t\t\t\t\t<\/a>\n\t\t<\/div>\n\t\t\t\t<\/div>\n\t\t\t\t<\/div>\n\t\t\t\t\t<\/div>\n\t\t<\/div>\n\t\t\t\t\t\t\t<\/div>\n\t\t<\/section>\n\t\t\t\t\t\t<\/div>\n\t\t\t\t\t<\/div>\n\t\t","protected":false},"excerpt":{"rendered":"<p>Jams de Shibari Tu as particip\u00e9 \u00e0 un ou plusieurs workshops de Shibari \u00e0 la Brussels Art Pole ou pratiques le Shibari en dehors de l&rsquo;\u00e9cole ? Si tu souhaites [&hellip;]<\/p>\n","protected":false},"author":2,"featured_media":0,"parent":0,"menu_order":0,"comment_status":"closed","ping_status":"closed","template":"","meta":[],"yoast_head":"<!-- This site is optimized with the Yoast SEO plugin v18.3 - https:\/\/yoast.com\/wordpress\/plugins\/seo\/ -->\n<title>Jams de Shibari - L&#039;Altern\u00e9e<\/title>\n<meta name=\"description\" content=\"Les jams de shibari sont des espaces encadr\u00e9s pour pratiquer les cordes, travailler sa technique ou rencontrer de nouvelles.eaux partenaires.\" \/>\n<meta name=\"robots\" content=\"index, follow, max-snippet:-1, max-image-preview:large, max-video-preview:-1\" \/>\n<link rel=\"canonical\" href=\"https:\/\/www.brusselsartpole.be\/alternee\/jams-shibari\/\" \/>\n<meta property=\"og:locale\" content=\"fr_FR\" \/>\n<meta property=\"og:type\" content=\"article\" \/>\n<meta property=\"og:title\" content=\"Jams de Shibari - L&#039;Altern\u00e9e\" \/>\n<meta property=\"og:description\" content=\"Les jams de shibari sont des espaces encadr\u00e9s pour pratiquer les cordes, travailler sa technique ou rencontrer de nouvelles.eaux partenaires.\" \/>\n<meta property=\"og:url\" content=\"https:\/\/www.brusselsartpole.be\/alternee\/jams-shibari\/\" \/>\n<meta property=\"og:site_name\" content=\"L&#039;Altern\u00e9e\" \/>\n<meta property=\"article:modified_time\" content=\"2025-07-15T16:13:43+00:00\" \/>\n<meta property=\"og:image\" content=\"https:\/\/www.brusselsartpole.be\/alternee\/wp-content\/uploads\/sites\/5\/2025\/02\/2-1-768x511.png\" \/>\n<meta name=\"twitter:card\" content=\"summary_large_image\" \/>\n<meta name=\"twitter:label1\" content=\"Dur\u00e9e de lecture estim\u00e9e\" \/>\n\t<meta name=\"twitter:data1\" content=\"2 minutes\" \/>\n<script type=\"application\/ld+json\" class=\"yoast-schema-graph\">{\"@context\":\"https:\/\/schema.org\",\"@graph\":[{\"@type\":\"WebSite\",\"@id\":\"https:\/\/www.brusselsartpole.be\/alternee\/#website\",\"url\":\"https:\/\/www.brusselsartpole.be\/alternee\/\",\"name\":\"L&#039;Altern\u00e9e\",\"description\":\"Espace d&#039;exploration intime \",\"potentialAction\":[{\"@type\":\"SearchAction\",\"target\":{\"@type\":\"EntryPoint\",\"urlTemplate\":\"https:\/\/www.brusselsartpole.be\/alternee\/?s={search_term_string}\"},\"query-input\":\"required name=search_term_string\"}],\"inLanguage\":\"fr-FR\"},{\"@type\":\"ImageObject\",\"@id\":\"https:\/\/www.brusselsartpole.be\/alternee\/jams-shibari\/#primaryimage\",\"inLanguage\":\"fr-FR\",\"url\":\"https:\/\/www.brusselsartpole.be\/alternee\/wp-content\/uploads\/sites\/5\/2025\/02\/2-1.png\",\"contentUrl\":\"https:\/\/www.brusselsartpole.be\/alternee\/wp-content\/uploads\/sites\/5\/2025\/02\/2-1.png\",\"width\":1024,\"height\":681},{\"@type\":\"WebPage\",\"@id\":\"https:\/\/www.brusselsartpole.be\/alternee\/jams-shibari\/#webpage\",\"url\":\"https:\/\/www.brusselsartpole.be\/alternee\/jams-shibari\/\",\"name\":\"Jams de Shibari - L&#039;Altern\u00e9e\",\"isPartOf\":{\"@id\":\"https:\/\/www.brusselsartpole.be\/alternee\/#website\"},\"primaryImageOfPage\":{\"@id\":\"https:\/\/www.brusselsartpole.be\/alternee\/jams-shibari\/#primaryimage\"},\"datePublished\":\"2022-09-08T12:50:20+00:00\",\"dateModified\":\"2025-07-15T16:13:43+00:00\",\"description\":\"Les jams de shibari sont des espaces encadr\u00e9s pour pratiquer les cordes, travailler sa technique ou rencontrer de nouvelles.eaux partenaires.\",\"breadcrumb\":{\"@id\":\"https:\/\/www.brusselsartpole.be\/alternee\/jams-shibari\/#breadcrumb\"},\"inLanguage\":\"fr-FR\",\"potentialAction\":[{\"@type\":\"ReadAction\",\"target\":[\"https:\/\/www.brusselsartpole.be\/alternee\/jams-shibari\/\"]}]},{\"@type\":\"BreadcrumbList\",\"@id\":\"https:\/\/www.brusselsartpole.be\/alternee\/jams-shibari\/#breadcrumb\",\"itemListElement\":[{\"@type\":\"ListItem\",\"position\":1,\"name\":\"Accueil\",\"item\":\"https:\/\/www.brusselsartpole.be\/alternee\/\"},{\"@type\":\"ListItem\",\"position\":2,\"name\":\"Jams de shibari\"}]}]}<\/script>\n<!-- \/ Yoast SEO plugin. -->","yoast_head_json":{"title":"Jams de Shibari - L&#039;Altern\u00e9e","description":"Les jams de shibari sont des espaces encadr\u00e9s pour pratiquer les cordes, travailler sa technique ou rencontrer de nouvelles.eaux partenaires.","robots":{"index":"index","follow":"follow","max-snippet":"max-snippet:-1","max-image-preview":"max-image-preview:large","max-video-preview":"max-video-preview:-1"},"canonical":"https:\/\/www.brusselsartpole.be\/alternee\/jams-shibari\/","og_locale":"fr_FR","og_type":"article","og_title":"Jams de Shibari - L&#039;Altern\u00e9e","og_description":"Les jams de shibari sont des espaces encadr\u00e9s pour pratiquer les cordes, travailler sa technique ou rencontrer de nouvelles.eaux partenaires.","og_url":"https:\/\/www.brusselsartpole.be\/alternee\/jams-shibari\/","og_site_name":"L&#039;Altern\u00e9e","article_modified_time":"2025-07-15T16:13:43+00:00","og_image":[{"url":"https:\/\/www.brusselsartpole.be\/alternee\/wp-content\/uploads\/sites\/5\/2025\/02\/2-1-768x511.png"}],"twitter_card":"summary_large_image","twitter_misc":{"Dur\u00e9e de lecture estim\u00e9e":"2 minutes"},"schema":{"@context":"https:\/\/schema.org","@graph":[{"@type":"WebSite","@id":"https:\/\/www.brusselsartpole.be\/alternee\/#website","url":"https:\/\/www.brusselsartpole.be\/alternee\/","name":"L&#039;Altern\u00e9e","description":"Espace d&#039;exploration intime ","potentialAction":[{"@type":"SearchAction","target":{"@type":"EntryPoint","urlTemplate":"https:\/\/www.brusselsartpole.be\/alternee\/?s={search_term_string}"},"query-input":"required name=search_term_string"}],"inLanguage":"fr-FR"},{"@type":"ImageObject","@id":"https:\/\/www.brusselsartpole.be\/alternee\/jams-shibari\/#primaryimage","inLanguage":"fr-FR","url":"https:\/\/www.brusselsartpole.be\/alternee\/wp-content\/uploads\/sites\/5\/2025\/02\/2-1.png","contentUrl":"https:\/\/www.brusselsartpole.be\/alternee\/wp-content\/uploads\/sites\/5\/2025\/02\/2-1.png","width":1024,"height":681},{"@type":"WebPage","@id":"https:\/\/www.brusselsartpole.be\/alternee\/jams-shibari\/#webpage","url":"https:\/\/www.brusselsartpole.be\/alternee\/jams-shibari\/","name":"Jams de Shibari - L&#039;Altern\u00e9e","isPartOf":{"@id":"https:\/\/www.brusselsartpole.be\/alternee\/#website"},"primaryImageOfPage":{"@id":"https:\/\/www.brusselsartpole.be\/alternee\/jams-shibari\/#primaryimage"},"datePublished":"2022-09-08T12:50:20+00:00","dateModified":"2025-07-15T16:13:43+00:00","description":"Les jams de shibari sont des espaces encadr\u00e9s pour pratiquer les cordes, travailler sa technique ou rencontrer de nouvelles.eaux partenaires.","breadcrumb":{"@id":"https:\/\/www.brusselsartpole.be\/alternee\/jams-shibari\/#breadcrumb"},"inLanguage":"fr-FR","potentialAction":[{"@type":"ReadAction","target":["https:\/\/www.brusselsartpole.be\/alternee\/jams-shibari\/"]}]},{"@type":"BreadcrumbList","@id":"https:\/\/www.brusselsartpole.be\/alternee\/jams-shibari\/#breadcrumb","itemListElement":[{"@type":"ListItem","position":1,"name":"Accueil","item":"https:\/\/www.brusselsartpole.be\/alternee\/"},{"@type":"ListItem","position":2,"name":"Jams de shibari"}]}]}},"_links":{"self":[{"href":"https:\/\/www.brusselsartpole.be\/alternee\/wp-json\/wp\/v2\/pages\/1457"}],"collection":[{"href":"https:\/\/www.brusselsartpole.be\/alternee\/wp-json\/wp\/v2\/pages"}],"about":[{"href":"https:\/\/www.brusselsartpole.be\/alternee\/wp-json\/wp\/v2\/types\/page"}],"author":[{"embeddable":true,"href":"https:\/\/www.brusselsartpole.be\/alternee\/wp-json\/wp\/v2\/users\/2"}],"replies":[{"embeddable":true,"href":"https:\/\/www.brusselsartpole.be\/alternee\/wp-json\/wp\/v2\/comments?post=1457"}],"version-history":[{"count":52,"href":"https:\/\/www.brusselsartpole.be\/alternee\/wp-json\/wp\/v2\/pages\/1457\/revisions"}],"predecessor-version":[{"id":4163,"href":"https:\/\/www.brusselsartpole.be\/alternee\/wp-json\/wp\/v2\/pages\/1457\/revisions\/4163"}],"wp:attachment":[{"href":"https:\/\/www.brusselsartpole.be\/alternee\/wp-json\/wp\/v2\/media?parent=1457"}],"curies":[{"name":"wp","href":"https:\/\/api.w.org\/{rel}","templated":true}]}}